{"id":121935,"date":"2025-08-31T00:00:00","date_gmt":"2025-08-31T05:00:00","guid":{"rendered":"https:\/\/gpl-love.com\/es\/producto\/yith-subscription-premium\/"},"modified":"2026-03-13T17:35:09","modified_gmt":"2026-03-13T22:35:09","slug":"yith-subscription-premium","status":"publish","type":"product","link":"https:\/\/gpl-love.com\/es\/producto\/yith-subscription-premium\/","title":{"rendered":"YITH Subscription Premium 4.14.0"},"content":{"rendered":"<h3>YITH Subscription Premium Caracteristicas<\/h3>\n<p>La Premio de suscripci\u00f3n es un complemento excepcional y sofisticado dise\u00f1ado espec\u00edficamente para los propietarios de sitios web, lo que les otorga la capacidad \u00fanica de establecer y manejar sin esfuerzo una variedad de planes de suscripci\u00f3n. Al utilizar este complemento excepcional, los propietarios de sitios web tienen la notable oportunidad de ofrecer a sus estimados clientes pagos recurrentes y renovaciones automatizadas. La funcionalidad de este complemento se extiende mucho m\u00e1s all\u00e1 de los l\u00edmites de la mera gesti\u00f3n de suscripci\u00f3n, ya que facilita expertamente la creaci\u00f3n de planes de suscripci\u00f3n, el establecimiento de estructuras de precios y la provisi\u00f3n de descuentos atractivos. Adem\u00e1s, los propietarios de sitios web poseen autonom\u00eda y autoridad completa sobre todo el proceso de suscripci\u00f3n, asegurando as\u00ed un nivel de control incomparable. Adem\u00e1s de estas caracter\u00edsticas extraordinarias, su prima de suscripci\u00f3n tambi\u00e9n cuenta con una variedad de capacidades complementarias, como la provisi\u00f3n de notificaciones por correo electr\u00f3nico, la facilitaci\u00f3n de formularios de suscripci\u00f3n personalizables y la inclusi\u00f3n de m\u00faltiples opciones de pago. Esta notable amalgamaci\u00f3n de caracter\u00edsticas garantiza una experiencia de gesti\u00f3n de suscripci\u00f3n impecablemente perfecta y notablemente eficiente. Est\u00e1 muy claro que su prima de suscripci\u00f3n es una herramienta inmensamente potente e invaluable para cualquier entidad empresarial que busque obtener ganancias monetarias de sus respectivos contenido, productos o servicios a trav\u00e9s de la eficacia incomparable de los pagos recurrentes.<\/p>\n<ul>\n<li>Permitir a los clientes suscribirse a sus productos o servicios<\/li>\n<li>Ofrecer pagos recurrentes y renovaciones autom\u00e1ticas<\/li>\n<li>Personalizar opciones de suscripci\u00f3n como frecuencia, duraci\u00f3n y precios<\/li>\n<li>Rastrear el rendimiento de la suscripci\u00f3n y los datos del cliente<\/li>\n<li>Ofrecer descuentos o ofertas especiales a los suscriptores<\/li>\n<li>Compatible con pasarelas de pago populares como PayPal y Stripe<\/li>\n<li>Integrarse con plataformas populares de marketing por correo electr\u00f3nico como MailChimp y Campaign Monitor<\/li>\n<li>F\u00e1cil de instalar y usar con una interfaz f\u00e1cil de usar<\/li>\n<li>Opci\u00f3n para configurar diferentes planes de suscripci\u00f3n para diferentes productos o servicios.<\/li>\n<\/ul>\n","protected":false},"excerpt":{"rendered":"<p>El Yith Subscription Premium es una herramienta incre\u00edblemente robusta y altamente efectiva que le otorga la capacidad excepcional para crear y administrar sin esfuerzo una amplia gama de planes de suscripci\u00f3n notablemente flexibles para su estimada tienda en l\u00ednea. Al emplear este complemento verdaderamente excepcional, est\u00e1 facultado para ofrecer a sus clientes estimados una variedad inmensamente diversa de opciones de suscripci\u00f3n, que abarca sus suscripciones diarias o semanales, as\u00ed como planes mensuales o anuales. Adem\u00e1s, tiene el extraordinario privilegio de supervisar a la perfecci\u00f3n y administrar h\u00e1bilmente una variedad de aspectos cr\u00edticos, incluidos pagos recurrentes, suspensi\u00f3n y cancelaci\u00f3n de suscripciones, y una multitud de otras funcionalidades impecamente vitales. Sin lugar a dudas, la prima de suscripci\u00f3n de su emerge como la soluci\u00f3n definitiva e incomparable para las empresas comerciales que buscan fervientemente generar ingeniosamente un flujo constante de ingresos recurrentes al tiempo que aumenta sus invaluables esfuerzos de retenci\u00f3n de clientes.<\/p>\n","protected":false},"featured_media":168677,"comment_status":"open","ping_status":"open","template":"","meta":[],"product_brand":[2391],"product_cat":[1384,1207,1206],"product_tag":[1462],"class_list":{"0":"post-121935","1":"product","2":"type-product","3":"status-publish","4":"has-post-thumbnail","6":"product_brand-yith","7":"product_cat-afiliacion-comercio-electronico-plugins","8":"product_cat-comercio-electronico-plugins","9":"product_cat-plugins","10":"product_tag-yith","11":"member-discount","12":"discount-restricted","14":"first","15":"instock","16":"sale","17":"downloadable","18":"virtual","19":"sold-individually","20":"purchasable","21":"product-type-simple"},"_links":{"self":[{"href":"https:\/\/gpl-love.com\/es\/wp-json\/wp\/v2\/product\/121935","targetHints":{"allow":["GET"]}}],"collection":[{"href":"https:\/\/gpl-love.com\/es\/wp-json\/wp\/v2\/product"}],"about":[{"href":"https:\/\/gpl-love.com\/es\/wp-json\/wp\/v2\/types\/product"}],"replies":[{"embeddable":true,"href":"https:\/\/gpl-love.com\/es\/wp-json\/wp\/v2\/comments?post=121935"}],"wp:featuredmedia":[{"embeddable":true,"href":"https:\/\/gpl-love.com\/es\/wp-json\/wp\/v2\/media\/168677"}],"wp:attachment":[{"href":"https:\/\/gpl-love.com\/es\/wp-json\/wp\/v2\/media?parent=121935"}],"wp:term":[{"taxonomy":"product_brand","embeddable":true,"href":"https:\/\/gpl-love.com\/es\/wp-json\/wp\/v2\/product_brand?post=121935"},{"taxonomy":"product_cat","embeddable":true,"href":"https:\/\/gpl-love.com\/es\/wp-json\/wp\/v2\/product_cat?post=121935"},{"taxonomy":"product_tag","embeddable":true,"href":"https:\/\/gpl-love.com\/es\/wp-json\/wp\/v2\/product_tag?post=121935"}],"curies":[{"name":"wp","href":"https:\/\/api.w.org\/{rel}","templated":true}]}}