{"id":121933,"date":"2025-08-08T00:00:00","date_gmt":"2025-08-08T05:00:00","guid":{"rendered":"https:\/\/gpl-love.com\/es\/producto\/yith-stripe-premium\/"},"modified":"2026-03-13T17:35:08","modified_gmt":"2026-03-13T22:35:08","slug":"yith-stripe-premium","status":"publish","type":"product","link":"https:\/\/gpl-love.com\/es\/producto\/yith-stripe-premium\/","title":{"rendered":"YITH Stripe Premium 3.36.0"},"content":{"rendered":"<h3>YITH Stripe Premium Caracteristicas<\/h3>\n<p>Su prima Stripe, como un complemento de pasarela de pago incre\u00edblemente robusto, se ha desarrollado meticulosamente para ofrecer la m\u00e1xima simplicidad cuando se trata de transacciones en l\u00ednea, proporcionando as\u00ed una soluci\u00f3n integral a los usuarios. Al integrar sin problemas su sitio web con Stripe, que es reconocido globalmente como una de las pasarelas de pago m\u00e1s destacadas, este complemento le permite procesar los pagos sin esfuerzo de una amplia gama de fuentes, incluidas tarjetas de cr\u00e9dito, tarjetas de d\u00e9bito y otros m\u00e9todos de pago. Adem\u00e1s, todo esto se logra a trav\u00e9s de una interfaz que no solo garantiza la seguridad, sino que tambi\u00e9n garantiza una experiencia perfecta en todo momento. Las notables capacidades de su prima Stripe se extienden para abarcar caracter\u00edsticas adicionales, como tarjetas guardadas, pagos con un solo clic e incluso reembolsos autom\u00e1ticos, lo que hace que sea una opci\u00f3n impecable para cualquier empresa en l\u00ednea. Adem\u00e1s, la naturaleza f\u00e1cil de usar de este complemento se acent\u00faa a\u00fan m\u00e1s por su interfaz de usuario intuitiva y la amplia documentaci\u00f3n a su disposici\u00f3n, lo que le permite expeditar su configuraci\u00f3n de tienda en l\u00ednea con notable conveniencia. Independientemente de si es un aspirante a propietario de una peque\u00f1a empresa o un veterano experimentado dentro del \u00e1mbito de comercio electr\u00f3nico, su prima de stripe sirve como el instrumento por excelencia para optimizar su proceso de pago y impulsar el crecimiento de su negocio en l\u00ednea.<\/p>\n<ul>\n<li>Permite a los usuarios aceptar pagos a trav\u00e9s de la popular franja del procesador de pagos<\/li>\n<li>Ofrece un proceso de configuraci\u00f3n simple y r\u00e1pido, sin necesidad de codificaci\u00f3n<\/li>\n<li>Incluye caracter\u00edsticas como tarjetas guardadas para pagos recurrentes y reembolsos parciales<\/li>\n<li>Ofrece una experiencia de pago segura, con cifrado SSL y cumplimiento de PCI PCI<\/li>\n<li>Ofrece a los usuarios la capacidad de personalizar las p\u00e1ginas de pago y los formularios de pago para que coincidan con su marca<\/li>\n<li>Ofrece informes detallados y an\u00e1lisis para el seguimiento de la actividad de pago<\/li>\n<li>Permite la integraci\u00f3n con otros complementos para una funcionalidad mejorada<\/li>\n<li>Ofrece un dise\u00f1o receptivo para una experiencia de pago perfecta en escritorio y dispositivos m\u00f3viles.<\/li>\n<\/ul>\n","protected":false},"excerpt":{"rendered":"<p>Yith Stripe Premium, un complemento de pasarela de pago altamente eficiente dise\u00f1ado exclusivamente para WooCommerce, presenta una oportunidad excepcional para las empresas con el objetivo de expandir los canales de pago de su sitio web. Este notable complemento permite la aceptaci\u00f3n perfecta de los pagos con tarjeta de cr\u00e9dito directamente en su sitio web, eliminando la necesidad de redirigir a los clientes a plataformas de pago externas. Al integrar sin problemas con la famosa plataforma de rayas, reconocida por su confiabilidad y seguridad, su prima de stripe garantiza un sistema de procesamiento de pagos r\u00e1pido e impermeable, que finalmente garantiza una experiencia de pago incomparable y sin esfuerzo para su estimada clientela. Adem\u00e1s, este notable complemento cuenta con un amplio apoyo para los pagos recurrentes, lo que permite a las empresas establecer y administrar sin esfuerzo servicios y productos basados \u200b\u200ben suscripci\u00f3n. Instalar y configurar tu Stripe Premium es una brisa absoluta, lo que la convierte en una soluci\u00f3n ejemplar para empresas que buscan optimizar las alternativas de pago de sus tiendas en l\u00ednea y elevar la satisfacci\u00f3n del cliente a alturas sin precedentes.<\/p>\n","protected":false},"featured_media":168676,"comment_status":"open","ping_status":"open","template":"","meta":[],"product_brand":[2391],"product_cat":[1207,1426,1206],"product_tag":[1462],"class_list":{"0":"post-121933","1":"product","2":"type-product","3":"status-publish","4":"has-post-thumbnail","6":"product_brand-yith","7":"product_cat-comercio-electronico-plugins","8":"product_cat-pago-comercio-electronico-plugins","9":"product_cat-plugins","10":"product_tag-yith","11":"member-discount","12":"discount-restricted","14":"first","15":"instock","16":"sale","17":"downloadable","18":"virtual","19":"sold-individually","20":"purchasable","21":"product-type-simple"},"_links":{"self":[{"href":"https:\/\/gpl-love.com\/es\/wp-json\/wp\/v2\/product\/121933","targetHints":{"allow":["GET"]}}],"collection":[{"href":"https:\/\/gpl-love.com\/es\/wp-json\/wp\/v2\/product"}],"about":[{"href":"https:\/\/gpl-love.com\/es\/wp-json\/wp\/v2\/types\/product"}],"replies":[{"embeddable":true,"href":"https:\/\/gpl-love.com\/es\/wp-json\/wp\/v2\/comments?post=121933"}],"wp:featuredmedia":[{"embeddable":true,"href":"https:\/\/gpl-love.com\/es\/wp-json\/wp\/v2\/media\/168676"}],"wp:attachment":[{"href":"https:\/\/gpl-love.com\/es\/wp-json\/wp\/v2\/media?parent=121933"}],"wp:term":[{"taxonomy":"product_brand","embeddable":true,"href":"https:\/\/gpl-love.com\/es\/wp-json\/wp\/v2\/product_brand?post=121933"},{"taxonomy":"product_cat","embeddable":true,"href":"https:\/\/gpl-love.com\/es\/wp-json\/wp\/v2\/product_cat?post=121933"},{"taxonomy":"product_tag","embeddable":true,"href":"https:\/\/gpl-love.com\/es\/wp-json\/wp\/v2\/product_tag?post=121933"}],"curies":[{"name":"wp","href":"https:\/\/api.w.org\/{rel}","templated":true}]}}