{"id":121931,"date":"2025-09-01T00:00:00","date_gmt":"2025-09-01T05:00:00","guid":{"rendered":"https:\/\/gpl-love.com\/es\/producto\/yith-social-login-premium\/"},"modified":"2026-03-13T17:35:05","modified_gmt":"2026-03-13T22:35:05","slug":"yith-social-login-premium","status":"publish","type":"product","link":"https:\/\/gpl-love.com\/es\/producto\/yith-social-login-premium\/","title":{"rendered":"YITH Social Login Premium 1.52.0"},"content":{"rendered":"<h3>YITH Social Login Premium Caracteristicas<\/h3>\n<p>Su prima de inicio de sesi\u00f3n social, una herramienta incre\u00edblemente robusta, presenta una multitud de beneficios al permitir que su estimada clientela inicie sesi\u00f3n y registrarse sin esfuerzo en su estimado sitio web a trav\u00e9s de la utilizaci\u00f3n de sus respetadas cuentas de redes sociales. Al emplear este complemento ingenioso, puede aumentar de manera efectiva los niveles de participaci\u00f3n del cliente y al mismo tiempo simplificar el proceso de registro a menudo tedioso, lo que lo hace sin esfuerzo que sus clientes no solo completen las compras, sino que tambi\u00e9n interact\u00faen con su marca estimada. Adem\u00e1s, este complemento excepcional cuenta. necesidades. Adem\u00e1s, este complemento extraordinariamente innovador es asombrosamente f\u00e1cil de usar, lo que le permite instalar y personalizarlo sin problemas con sus especificaciones exactas, todo sin necesitar ning\u00fan conocimiento o experiencia extensa en el \u00e1mbito de la codificaci\u00f3n. Independientemente de si preside una estimada tienda en l\u00ednea o un sitio web centrado en el contenido, la adquisici\u00f3n de su prima de inicio de sesi\u00f3n social es sin duda una necesidad primordial en su b\u00fasqueda para mejorar la experiencia del cliente y impulsar las conversiones a proporciones astron\u00f3micas.<\/p>\n<ul>\n<li>Integre sin esfuerzo las opciones de inicio de sesi\u00f3n social en su sitio web<\/li>\n<li>Proporciona un proceso de inicio de sesi\u00f3n optimizado y f\u00e1cil de usar para sus clientes<\/li>\n<li>Admite m\u00e1s de 45 redes sociales, incluidos Facebook, Twitter y Google<\/li>\n<li>Elimina la necesidad de que los clientes creen nuevas cuentas y recuerden las credenciales de inicio de sesi\u00f3n<\/li>\n<li>Mejora la experiencia del usuario al permitir que los clientes accedan a su sitio web de manera r\u00e1pida y f\u00e1cil utilizando su cuenta de redes sociales preferidas.<\/li>\n<li>Proporciona un bot\u00f3n de inicio de sesi\u00f3n personalizable con una variedad de opciones de estilo para que coincidan con la apariencia de su sitio web<\/li>\n<li>Ofrece la capacidad de deshabilitar las redes sociales que no desea apoyar<\/li>\n<li>Viene con documentaci\u00f3n detallada y soporte para garantizar una integraci\u00f3n sin problemas en su sitio web<\/li>\n<\/ul>\n","protected":false},"excerpt":{"rendered":"<p>Yith Social Login Premium, un complemento de WordPress muy robusto, empodera a los visitantes del sitio web al otorgarles la capacidad de utilizar sus cuentas de redes sociales, incluidas, entre otros, Facebook, Google, Twitter, LinkedIn y muchos otros, para iniciar sesi\u00f3n. Este complemento otorga Sobre los usuarios, la conveniencia de ejecutar r\u00e1pido y f\u00e1cilmente la funcionalidad de inicio de sesi\u00f3n social, lo que les permite registrarse, iniciar sesi\u00f3n y difundir el contenido de su sitio web sin la ardua tarea de recordar sus detalles de inicio de sesi\u00f3n. Adem\u00e1s, este complemento tambi\u00e9n presenta un medio totalmente sin oso y sincera para construir sus listados de correo electr\u00f3nico, al tiempo que fomenta simult\u00e1neamente un entorno que alienta a los visitantes a establecer y mantener una conexi\u00f3n con su estimado sitio web. Al racionalizar el proceso de registro, aumentar las tasas de conversi\u00f3n y mejorar la experiencia del usuario, la prima de inicio de sesi\u00f3n social indudablemente amplifica la eficacia general de su estimado sitio web.<\/p>\n","protected":false},"featured_media":168673,"comment_status":"open","ping_status":"open","template":"","meta":[],"product_brand":[2391],"product_cat":[1207,1206,1431],"product_tag":[1462],"class_list":{"0":"post-121931","1":"product","2":"type-product","3":"status-publish","4":"has-post-thumbnail","6":"product_brand-yith","7":"product_cat-comercio-electronico-plugins","8":"product_cat-plugins","9":"product_cat-social-comercio-electronico-plugins","10":"product_tag-yith","11":"member-discount","12":"discount-restricted","14":"first","15":"instock","16":"sale","17":"downloadable","18":"virtual","19":"sold-individually","20":"purchasable","21":"product-type-simple"},"_links":{"self":[{"href":"https:\/\/gpl-love.com\/es\/wp-json\/wp\/v2\/product\/121931","targetHints":{"allow":["GET"]}}],"collection":[{"href":"https:\/\/gpl-love.com\/es\/wp-json\/wp\/v2\/product"}],"about":[{"href":"https:\/\/gpl-love.com\/es\/wp-json\/wp\/v2\/types\/product"}],"replies":[{"embeddable":true,"href":"https:\/\/gpl-love.com\/es\/wp-json\/wp\/v2\/comments?post=121931"}],"wp:featuredmedia":[{"embeddable":true,"href":"https:\/\/gpl-love.com\/es\/wp-json\/wp\/v2\/media\/168673"}],"wp:attachment":[{"href":"https:\/\/gpl-love.com\/es\/wp-json\/wp\/v2\/media?parent=121931"}],"wp:term":[{"taxonomy":"product_brand","embeddable":true,"href":"https:\/\/gpl-love.com\/es\/wp-json\/wp\/v2\/product_brand?post=121931"},{"taxonomy":"product_cat","embeddable":true,"href":"https:\/\/gpl-love.com\/es\/wp-json\/wp\/v2\/product_cat?post=121931"},{"taxonomy":"product_tag","embeddable":true,"href":"https:\/\/gpl-love.com\/es\/wp-json\/wp\/v2\/product_tag?post=121931"}],"curies":[{"name":"wp","href":"https:\/\/api.w.org\/{rel}","templated":true}]}}