{"id":121929,"date":"2025-08-26T00:00:00","date_gmt":"2025-08-26T05:00:00","guid":{"rendered":"https:\/\/gpl-love.com\/es\/producto\/yith-sms-notifications-premium\/"},"modified":"2026-03-13T17:35:05","modified_gmt":"2026-03-13T22:35:05","slug":"yith-sms-notifications-premium","status":"publish","type":"product","link":"https:\/\/gpl-love.com\/es\/producto\/yith-sms-notifications-premium\/","title":{"rendered":"YITH SMS Notifications Premium 2.6.0"},"content":{"rendered":"<h3>YITH SMS Notifications Premium Caracteristicas<\/h3>\n<p>Su Notificaciones SMS Premium es una herramienta incre\u00edblemente robusta y altamente efectiva que sirve como un activo invaluable para las empresas de comercio electr\u00f3nico que buscan informar, participar y, en \u00faltima instancia, satisfacer a su estimada clientela. Este complemento excepcional facilita a la perfecci\u00f3n la difusi\u00f3n autom\u00e1tica de las notificaciones de SMS a los clientes, asegurando informaci\u00f3n actualizada relacionada con las actualizaciones de estado de su pedido, detalles de env\u00edo pertinentes y varias otras piezas vitales de informaci\u00f3n. Es notable que este complemento se integre perfectamente con servicios de mensajer\u00eda inmensamente populares, sobre todo el altamente estimado Twilio, lo que permite a las empresas conectarse sin esfuerzo con su base de clientes diversificada, independientemente de las barreras ling\u00fc\u00edsticas, ya que este complemento respalda de manera competente m\u00faltiples idiomas. Adem\u00e1s, la naturaleza f\u00e1cil de usar y f\u00e1cilmente personalizable de este complemento perpet\u00faa la m\u00e1xima conveniencia durante los procesos de configuraci\u00f3n y personalizaci\u00f3n. Adem\u00e1s, las empresas tambi\u00e9n pueden aprovechar el inmenso potencial de este complemento para transmitir mensajes promocionales a su base de clientes, aumentando efectivamente las cifras de ventas y aumentan las fuentes de ingresos generales. Impecablemente dise\u00f1ado para mejorar la experiencia del cliente y optimizar las intrincadas operaciones comerciales, y Notificaciones SMS Premium es inequ\u00edvocamente un cambio de juego en el \u00e1mbito de las empresas de comercio electr\u00f3nico contempor\u00e1neas.<\/p>\n<ul>\n<li>Notificaciones de SMS f\u00e1ciles y convenientes para sus clientes<\/li>\n<li>Capacidad para personalizar mensajes con variables din\u00e1micas<\/li>\n<li>Elija qu\u00e9 eventos activan notificaciones de SMS, como la confirmaci\u00f3n del pedido o las actualizaciones de env\u00edo<\/li>\n<li>Integraci\u00f3n con puertas de enlace SMS populares como Twilio y Nexmo<\/li>\n<li>Rastrear el estado de entrega de SMS para mejorar la comunicaci\u00f3n del cliente<\/li>\n<li>Compatibilidad completa con WooCommerce y sus complementos<\/li>\n<li>Soporte multiling\u00fce para empresas globales<\/li>\n<li>Ahorra tiempo y recursos automatizando la comunicaci\u00f3n del cliente a trav\u00e9s de SMS<\/li>\n<li>Ayuda a aumentar la satisfacci\u00f3n del cliente y reducir las solicitudes de soporte.<\/li>\n<\/ul>\n","protected":false},"excerpt":{"rendered":"<p>Su SMS Notifications Premium es un complemento de WordPress inmensamente poderoso que le proporciona la capacidad excepcional de enviar mensajes de texto altamente personalizables a sus estimados clientes para una multitud de eventos significativos, incluidos, entre otros, la confirmaci\u00f3n de pedidos, el env\u00edo, las actualizaciones de entrega y otros otros. . Con su interfaz notablemente f\u00e1cil de usar y navegable sin esfuerzo, se le otorga la oportunidad de establecer r\u00e1pidamente la puerta de enlace SMS, administrar eficientemente los contactos y construir con homenaje las plantillas de mensajes personalizados. Este complemento fenomenal se integra perfectamente con las estimadas plataformas de WooCommerce, descargas digitales f\u00e1ciles y complementos, simplificando significativamente la ardua tarea de garantizar que sus valiosos clientes se mantengan actualizados y completamente ocultos. Permanezca resueltamente conectado con su estimada audiencia a trav\u00e9s de la utilizaci\u00f3n de mensajes de texto automatizados, que sirven para amplificar la satisfacci\u00f3n del cliente y fortalecer la base de confianza en la que prospera su floreciente negocio. Aproveche el momento y obtenga su notificaci\u00f3n SMS Premium, un verdadero catalizador para racionalizar su aparato de comunicaci\u00f3n y mejorar la eficiencia general de su ilustre tienda en l\u00ednea.<\/p>\n","protected":false},"featured_media":168672,"comment_status":"open","ping_status":"open","template":"","meta":[],"product_brand":[2391],"product_cat":[1207,1225,1206],"product_tag":[1462],"class_list":{"0":"post-121929","1":"product","2":"type-product","3":"status-publish","4":"has-post-thumbnail","6":"product_brand-yith","7":"product_cat-comercio-electronico-plugins","8":"product_cat-marketing","9":"product_cat-plugins","10":"product_tag-yith","11":"member-discount","12":"discount-restricted","14":"first","15":"instock","16":"sale","17":"downloadable","18":"virtual","19":"sold-individually","20":"purchasable","21":"product-type-simple"},"_links":{"self":[{"href":"https:\/\/gpl-love.com\/es\/wp-json\/wp\/v2\/product\/121929","targetHints":{"allow":["GET"]}}],"collection":[{"href":"https:\/\/gpl-love.com\/es\/wp-json\/wp\/v2\/product"}],"about":[{"href":"https:\/\/gpl-love.com\/es\/wp-json\/wp\/v2\/types\/product"}],"replies":[{"embeddable":true,"href":"https:\/\/gpl-love.com\/es\/wp-json\/wp\/v2\/comments?post=121929"}],"wp:featuredmedia":[{"embeddable":true,"href":"https:\/\/gpl-love.com\/es\/wp-json\/wp\/v2\/media\/168672"}],"wp:attachment":[{"href":"https:\/\/gpl-love.com\/es\/wp-json\/wp\/v2\/media?parent=121929"}],"wp:term":[{"taxonomy":"product_brand","embeddable":true,"href":"https:\/\/gpl-love.com\/es\/wp-json\/wp\/v2\/product_brand?post=121929"},{"taxonomy":"product_cat","embeddable":true,"href":"https:\/\/gpl-love.com\/es\/wp-json\/wp\/v2\/product_cat?post=121929"},{"taxonomy":"product_tag","embeddable":true,"href":"https:\/\/gpl-love.com\/es\/wp-json\/wp\/v2\/product_tag?post=121929"}],"curies":[{"name":"wp","href":"https:\/\/api.w.org\/{rel}","templated":true}]}}