{"id":121927,"date":"2021-06-10T00:00:00","date_gmt":"2021-06-10T05:00:00","guid":{"rendered":"https:\/\/gpl-love.com\/es\/producto\/yith-share-para-discounts-premium\/"},"modified":"2026-03-13T17:35:04","modified_gmt":"2026-03-13T22:35:04","slug":"yith-share-para-discounts-premium","status":"publish","type":"product","link":"https:\/\/gpl-love.com\/es\/producto\/yith-share-para-discounts-premium\/","title":{"rendered":"YITH Share para Discounts Premium 1.7.2"},"content":{"rendered":"<h3>YITH Share para Discounts Premium Caracteristicas<\/h3>\n<p>El complemento Premium de su parte para descuentos es una herramienta incre\u00edblemente robusta que se ha creado espec\u00edficamente para ayudar a las empresas a optimizar sus estrategias de marketing a trav\u00e9s de la utilizaci\u00f3n de las capacidades de intercambio de redes sociales. Al implementar este complemento, a los usuarios se les otorga la capacidad de generar y supervisar sin esfuerzo c\u00f3digos de descuento que poseen la capacidad de compartirse en una multitud de plataformas de redes sociales populares, incluidas, entre otros, Facebook y Twitter. Como resultado de esta funcionalidad, se aumenta el potencial para atraer la atenci\u00f3n y el patrocinio de la nueva clientela, lo que facilita un aumento en las cifras generales de ventas. Adem\u00e1s, este complemento en particular cuenta con un impresionante repertorio de caracter\u00edsticas personalizables, brindando a las empresas la oportunidad de adaptar sus campa\u00f1as de descuento para alinearse con sus necesidades y objetivos \u00fanicos e individualizados. En consecuencia, si una empresa busca reforzar sus cifras de ventas, generar una mayor cantidad de clientes potenciales o simplemente crear conciencia relacionada con su marca, es imperativo que posean el complemento premium de descuentos para descuentos, ya que sirve como una herramienta indispensable Para cualquier negocio que se esfuerce por prosperar dentro del \u00e1mbito ferozmente competitivo del mercado contempor\u00e1neo en l\u00ednea.<\/p>\n<ul>\n<li>Permite a los clientes compartir los productos de su tienda y recibir descuentos<\/li>\n<li>Se integra a la perfecci\u00f3n con plataformas de redes sociales como Facebook, Twitter y WhatsApp<\/li>\n<li>F\u00e1cil de personalizar los botones de compartir y las opciones de descuento<\/li>\n<li>Pistas e informes sobre acciones y descuentos redimidos<\/li>\n<li>Aumenta el conocimiento de la marca y el marketing de boca en boca<\/li>\n<li>Fomenta la lealtad del cliente y las compras repetidas<\/li>\n<li>Aumenta las ventas y los ingresos para su tienda<\/li>\n<li>La atenci\u00f3n al cliente altamente calificada y las actualizaciones frecuentes aseguran un rendimiento \u00f3ptimo.<\/li>\n<\/ul>\n","protected":false},"excerpt":{"rendered":"<p>Su compartir por descuentos Premium es un complemento excepcionalmente innovador dise\u00f1ado para facilitar la promoci\u00f3n de sus productos e intensificar las ventas al aprovechar el inmenso potencial de las redes sociales. Al aprovechar este invaluable complemento, puede establecer sin esfuerzo una propuesta de descuento cautivadora que solo se puede desbloquear si los clientes lo difunden concienzudamente en sus innumerables plataformas de redes sociales. En consecuencia, esta ingeniosa estrategia incentiva efectivamente a los clientes a difundir y respaldar activamente sus productos premium entre su vasta red de amigos y familiares, aumentando exponencialmente la inconfundible visibilidad de su marca y, a su vez, generando un aumento sustancial en las cifras de ventas. Sorprendentemente f\u00e1cilmente f\u00e1cil de usar y notablemente personalizable, esta herramienta formidable se adapta perfectamente a sus objetivos de marketing \u00fanicos, lo que lo empodera sin esfuerzo para trascender los l\u00edmites de las t\u00e9cnicas de marketing convencionales. Con la incomparable destreza de su parte de los descuentos por descuentos, su estrategia de marketing asciende inexorablemente a alturas sin precedentes, desatando un crecimiento tangible y resultados encomiables en un rango de tiempo asombrosamente corto.<\/p>\n","protected":false},"featured_media":168671,"comment_status":"open","ping_status":"open","template":"","meta":[],"product_brand":[2391],"product_cat":[1207,1225,1206],"product_tag":[1462],"class_list":{"0":"post-121927","1":"product","2":"type-product","3":"status-publish","4":"has-post-thumbnail","6":"product_brand-yith","7":"product_cat-comercio-electronico-plugins","8":"product_cat-marketing","9":"product_cat-plugins","10":"product_tag-yith","11":"member-discount","12":"discount-restricted","14":"first","15":"instock","16":"sale","17":"downloadable","18":"virtual","19":"sold-individually","20":"purchasable","21":"product-type-simple"},"_links":{"self":[{"href":"https:\/\/gpl-love.com\/es\/wp-json\/wp\/v2\/product\/121927","targetHints":{"allow":["GET"]}}],"collection":[{"href":"https:\/\/gpl-love.com\/es\/wp-json\/wp\/v2\/product"}],"about":[{"href":"https:\/\/gpl-love.com\/es\/wp-json\/wp\/v2\/types\/product"}],"replies":[{"embeddable":true,"href":"https:\/\/gpl-love.com\/es\/wp-json\/wp\/v2\/comments?post=121927"}],"wp:featuredmedia":[{"embeddable":true,"href":"https:\/\/gpl-love.com\/es\/wp-json\/wp\/v2\/media\/168671"}],"wp:attachment":[{"href":"https:\/\/gpl-love.com\/es\/wp-json\/wp\/v2\/media?parent=121927"}],"wp:term":[{"taxonomy":"product_brand","embeddable":true,"href":"https:\/\/gpl-love.com\/es\/wp-json\/wp\/v2\/product_brand?post=121927"},{"taxonomy":"product_cat","embeddable":true,"href":"https:\/\/gpl-love.com\/es\/wp-json\/wp\/v2\/product_cat?post=121927"},{"taxonomy":"product_tag","embeddable":true,"href":"https:\/\/gpl-love.com\/es\/wp-json\/wp\/v2\/product_tag?post=121927"}],"curies":[{"name":"wp","href":"https:\/\/api.w.org\/{rel}","templated":true}]}}