{"id":121925,"date":"2025-09-01T00:00:00","date_gmt":"2025-09-01T05:00:00","guid":{"rendered":"https:\/\/gpl-love.com\/es\/producto\/yith-sequential-order-number-premium\/"},"modified":"2026-03-13T17:35:03","modified_gmt":"2026-03-13T22:35:03","slug":"yith-sequential-order-number-premium","status":"publish","type":"product","link":"https:\/\/gpl-love.com\/es\/producto\/yith-sequential-order-number-premium\/","title":{"rendered":"YITH Sequential Order Number Premium 1.48.0"},"content":{"rendered":"<h3>YITH Sequential Order Number Premium Caracteristicas<\/h3>\n<p>Su n\u00famero de pedido secuencial Premium es un complemento de WordPress muy robusto que ofrece una gran cantidad de caracter\u00edsticas para administrar y organizar eficientemente sus n\u00fameros de pedido. Al utilizar este complemento, tiene la capacidad de personalizar ampliamente sus n\u00fameros de pedido para satisfacer sus requisitos espec\u00edficos. Esto incluye la inclusi\u00f3n de un n\u00famero secuencial, un prefijo y un sufijo. En consecuencia, puede realizar un seguimiento sin esfuerzo de sus \u00f3rdenes con la mayor facilidad y eficiencia. Adem\u00e1s, este complemento proporciona la funcionalidad para establecer el formato de n\u00famero de pedido para cada estado de pedido, que abarquen elementos como la fecha, la hora y otros campos pertinentes. Adem\u00e1s, tiene la opci\u00f3n de personalizar la etiqueta del n\u00famero de pedido, mostrando as\u00ed un nombre m\u00e1s descriptivo para sus n\u00fameros de pedido. Como ventaja adicional, este complemento le brinda la flexibilidad de restablecer sus n\u00fameros de pedido a su discreci\u00f3n. En esencia, su n\u00famero de pedido secuencial, Premium, le permite el control completo sobre sus n\u00fameros de pedido, lo que resulta en un proceso de gesti\u00f3n de pedidos optimizado y optimizado.<\/p>\n<ul>\n<li>Genera n\u00fameros de pedido secuenciales para su tienda de comercio electr\u00f3nico.<\/li>\n<li>Asegura que cada n\u00famero de pedido sea \u00fanico y no repetitivo.<\/li>\n<li>Compatible con m\u00faltiples pasarelas de pago y estados de pedido.<\/li>\n<li>Permite la personalizaci\u00f3n del prefijo y sufijo del n\u00famero de pedido.<\/li>\n<li>Ofrece opciones para restablecer la secuencia del n\u00famero de pedido para el nuevo a\u00f1o fiscal o lote de pedidos.<\/li>\n<li>Simple y f\u00e1cil de instalar y usar.<\/li>\n<li>Proporciona un sistema limpio y organizado para rastrear pedidos.<\/li>\n<li>Ahorra tiempo y reduce los errores al automatizar el proceso de generaci\u00f3n de n\u00fameros de pedido.<\/li>\n<li>Una versi\u00f3n premium est\u00e1 disponible con caracter\u00edsticas adicionales como formato de n\u00famero de pedido personalizado e integraci\u00f3n con complementos de terceros.<\/li>\n<\/ul>\n","protected":false},"excerpt":{"rendered":"<p>Su n\u00famero de orden secuencial Premium es una adici\u00f3n esencial al arsenal de cualquier propietario de la tienda de WooCommerce, ya que ejemplifica un complemento altamente indispensable. Esta herramienta notablemente robusta y potente confiere sin esfuerzo la capacidad de atribuir autom\u00e1ticamente n\u00fameros de pedido secuenciales a todos sus pedidos, facilitando as\u00ed el seguimiento sin problemas y la gesti\u00f3n eficiente de sus esfuerzos de ventas. Al adquirir su prima de n\u00famero de pedido secuencial, se le otorga el privilegio de personalizar sus n\u00fameros de pedido para satisfacer sus requisitos espec\u00edficos, seleccionar el punto de partida deseado e incluso agregar tanto prefijos como sufijos seg\u00fan su discreci\u00f3n. Con una interfaz f\u00e1cil de usar y un nivel incomparable de personalizaci\u00f3n, este complemento excepcional es ideal para empresas de comercio electr\u00f3nico de varias magnitudes, ya sea diminutiva o colosal. \u00a1Es imperativo que de inmediato adquiera su N\u00famero de pedido secuencial Premium para optimizar y optimizar su proceso de gesti\u00f3n de pedidos sin m\u00e1s pre\u00e1mbulos!<\/p>\n","protected":false},"featured_media":168670,"comment_status":"open","ping_status":"open","template":"","meta":[],"product_brand":[2391],"product_cat":[1208,1207,1206],"product_tag":[1462],"class_list":{"0":"post-121925","1":"product","2":"type-product","3":"status-publish","4":"has-post-thumbnail","6":"product_brand-yith","7":"product_cat-administracion","8":"product_cat-comercio-electronico-plugins","9":"product_cat-plugins","10":"product_tag-yith","11":"member-discount","12":"discount-restricted","14":"first","15":"instock","16":"sale","17":"downloadable","18":"virtual","19":"sold-individually","20":"purchasable","21":"product-type-simple"},"_links":{"self":[{"href":"https:\/\/gpl-love.com\/es\/wp-json\/wp\/v2\/product\/121925","targetHints":{"allow":["GET"]}}],"collection":[{"href":"https:\/\/gpl-love.com\/es\/wp-json\/wp\/v2\/product"}],"about":[{"href":"https:\/\/gpl-love.com\/es\/wp-json\/wp\/v2\/types\/product"}],"replies":[{"embeddable":true,"href":"https:\/\/gpl-love.com\/es\/wp-json\/wp\/v2\/comments?post=121925"}],"wp:featuredmedia":[{"embeddable":true,"href":"https:\/\/gpl-love.com\/es\/wp-json\/wp\/v2\/media\/168670"}],"wp:attachment":[{"href":"https:\/\/gpl-love.com\/es\/wp-json\/wp\/v2\/media?parent=121925"}],"wp:term":[{"taxonomy":"product_brand","embeddable":true,"href":"https:\/\/gpl-love.com\/es\/wp-json\/wp\/v2\/product_brand?post=121925"},{"taxonomy":"product_cat","embeddable":true,"href":"https:\/\/gpl-love.com\/es\/wp-json\/wp\/v2\/product_cat?post=121925"},{"taxonomy":"product_tag","embeddable":true,"href":"https:\/\/gpl-love.com\/es\/wp-json\/wp\/v2\/product_tag?post=121925"}],"curies":[{"name":"wp","href":"https:\/\/api.w.org\/{rel}","templated":true}]}}