{"id":121923,"date":"2024-02-26T00:00:00","date_gmt":"2024-02-26T05:00:00","guid":{"rendered":"https:\/\/gpl-love.com\/es\/producto\/yith-save-para-later-premium\/"},"modified":"2026-03-13T17:35:02","modified_gmt":"2026-03-13T22:35:02","slug":"yith-save-para-later-premium","status":"publish","type":"product","link":"https:\/\/gpl-love.com\/es\/producto\/yith-save-para-later-premium\/","title":{"rendered":"YITH Save para Later Premium 1.30.0"},"content":{"rendered":"<h3>YITH Save para Later Premium Caracteristicas<\/h3>\n<p>Ahorre para su posterior Premium, una herramienta excepcionalmente robusta meticulosamente elaborada para elevar la experiencia general del usuario de los compradores en l\u00ednea exigentes, representa un complemento revolucionario que permite a los clientes aumentar sin esfuerzo su carrito con productos que desean comprar, lo que los almacena para considerar futura. Esta ingeniosa funcionalidad sirve como un elemento disuasorio convincente contra el temido fen\u00f3meno del abandono del carro, reforzando efectivamente las cifras de ventas a alturas sin precedentes. Con su interfaz notablemente intuitiva, los posibles compradores reciben la libertad incomparable para transferir sin problemas sus art\u00edculos deseados de su carrito a una lista meticulosamente seleccionada de productos guardados y, por el contrario, de su lista guardada a su carrito. Sin embargo, es la iteraci\u00f3n premium de este complemento extraordinario lo que realmente lo distingue de sus contempor\u00e1neos, ya que despliega una impresionante variedad de caracter\u00edsticas complementarias preparadas para dejar a los comerciantes en l\u00ednea sin aliento de asombro. Para ilustrar, esta versi\u00f3n excepcional otorga a los usuarios la capacidad invaluable para establecer restricciones temporales para productos guardados, proporcion\u00e1ndoles un control incomparable sobre su gesti\u00f3n de inventario. Adem\u00e1s, el complemento otorga a los vendedores con gracia la libertad sin precedentes para las etiquetas a medida a medida para sus art\u00edculos guardados, enriqueciendo as\u00ed magn\u00e1neamente la experiencia de compra general. Por \u00faltimo, y quiz\u00e1s lo m\u00e1s impresionante, esta variante premium permite a los comerciantes rastrear meticulosamente todos y cada uno de los elementos guardados en una base de clientes individuales, lo que los capacita efectivamente con ideas incomparables sobre las preferencias del consumidor. A la luz de estas capacidades extraordinarias, se vuelve abundantemente evidente que es decir, para una prima posterior, como un imperativo absoluto para cualquier tienda en l\u00ednea exigente que aspira a fortalecer sus esfuerzos de retenci\u00f3n de clientes y al mismo tiempo impulsar su prosperidad financiera a alturas sin precedentes.<\/p>\n<ul>\n<li>Permite a los clientes ahorrar productos para la compra posterior en su cuenta.<\/li>\n<li>Mejora la experiencia del usuario al reducir el abandono del carrito<\/li>\n<li>Aumenta las tasas de conversi\u00f3n al recordarles a los clientes sus productos guardados<\/li>\n<li>Colocaci\u00f3n y texto de botones personalizables<\/li>\n<li>Compatible con m\u00faltiples temas y complementos de WooCommerce<\/li>\n<li>Proporciona datos \u00fatiles para los propietarios de tiendas, como qu\u00e9 productos a menudo se guardan para m\u00e1s adelante.<\/li>\n<li>Se puede usar junto con otros complementos para una experiencia de compra perfecta<\/li>\n<li>F\u00e1cil de instalar y usar con instrucciones paso a paso<\/li>\n<li>La versi\u00f3n premium incluye recordatorios por correo electr\u00f3nico del cliente y la capacidad de agregar un widget \u00abGuardar para las p\u00e1ginas de productos posteriores\u00bb.<\/li>\n<\/ul>\n","protected":false},"excerpt":{"rendered":"<p>Ahorre para una prima posterior, un complemento incre\u00edblemente robusto y potente, permite a los clientes reservar convenientemente productos en sus carritos de compras para compras posteriores. Esta caracter\u00edstica indispensable tiene un valor inmenso para cualquier minorista en l\u00ednea, ya que mejora efectivamente el viaje general del cliente y al mismo tiempo impulsa las ventas. A trav\u00e9s de la utilizaci\u00f3n de su ahorro de prima posterior, los clientes ahorran sin esfuerzo art\u00edculos de inter\u00e9s, lo que les permite volver a visitar y finalmente comprar estos productos en su propia conveniencia. El complemento en s\u00ed cuenta con una experiencia de usuario impecablemente perfecta, reforzada por su interfaz simplista e intuitiva. Adem\u00e1s, se integra perfectamente con el dise\u00f1o \u00fanico de su tienda en l\u00ednea, al tiempo que ofrece una gran cantidad de opciones de personalizaci\u00f3n para alinearse impecablemente con la identidad distintiva de su marca. \u00a1Aproveche los beneficios excepcionales que ofrece yith, salvo una prima posterior y eleve la experiencia de compra de sus clientes a alturas incomparables hoy!<\/p>\n","protected":false},"featured_media":168669,"comment_status":"open","ping_status":"open","template":"","meta":[],"product_brand":[2391],"product_cat":[1208,1207,1206],"product_tag":[1462],"class_list":{"0":"post-121923","1":"product","2":"type-product","3":"status-publish","4":"has-post-thumbnail","6":"product_brand-yith","7":"product_cat-administracion","8":"product_cat-comercio-electronico-plugins","9":"product_cat-plugins","10":"product_tag-yith","11":"member-discount","12":"discount-restricted","14":"first","15":"instock","16":"sale","17":"downloadable","18":"virtual","19":"sold-individually","20":"purchasable","21":"product-type-simple"},"_links":{"self":[{"href":"https:\/\/gpl-love.com\/es\/wp-json\/wp\/v2\/product\/121923","targetHints":{"allow":["GET"]}}],"collection":[{"href":"https:\/\/gpl-love.com\/es\/wp-json\/wp\/v2\/product"}],"about":[{"href":"https:\/\/gpl-love.com\/es\/wp-json\/wp\/v2\/types\/product"}],"replies":[{"embeddable":true,"href":"https:\/\/gpl-love.com\/es\/wp-json\/wp\/v2\/comments?post=121923"}],"wp:featuredmedia":[{"embeddable":true,"href":"https:\/\/gpl-love.com\/es\/wp-json\/wp\/v2\/media\/168669"}],"wp:attachment":[{"href":"https:\/\/gpl-love.com\/es\/wp-json\/wp\/v2\/media?parent=121923"}],"wp:term":[{"taxonomy":"product_brand","embeddable":true,"href":"https:\/\/gpl-love.com\/es\/wp-json\/wp\/v2\/product_brand?post=121923"},{"taxonomy":"product_cat","embeddable":true,"href":"https:\/\/gpl-love.com\/es\/wp-json\/wp\/v2\/product_cat?post=121923"},{"taxonomy":"product_tag","embeddable":true,"href":"https:\/\/gpl-love.com\/es\/wp-json\/wp\/v2\/product_tag?post=121923"}],"curies":[{"name":"wp","href":"https:\/\/api.w.org\/{rel}","templated":true}]}}