{"id":121921,"date":"2024-03-23T00:00:00","date_gmt":"2024-03-23T05:00:00","guid":{"rendered":"https:\/\/gpl-love.com\/es\/producto\/yith-role-based-prices-premium\/"},"modified":"2026-03-13T17:35:01","modified_gmt":"2026-03-13T22:35:01","slug":"yith-role-based-prices-premium","status":"publish","type":"product","link":"https:\/\/gpl-love.com\/es\/producto\/yith-role-based-prices-premium\/","title":{"rendered":"YITH Role Based Prices Premium 1.34.0"},"content":{"rendered":"<h3>YITH Role Based Prices Premium Caracteristicas<\/h3>\n<p>Su Premium basado en roles Premium es una soluci\u00f3n de precios excepcionalmente s\u00f3lida dise\u00f1ada espec\u00edficamente para las tiendas de WooCommerce. Este notable complemento le brinda la capacidad de establecer diversos puntos de precio para sus productos dependiendo del papel del usuario. Por medio de este complemento incomparable, puede generar reglas de precios personalizadas para varios grupos de usuarios, incluidos, entre otros, clientes, mayoristas y minoristas. Adem\u00e1s, tiene la libertad de administrar descuentos o marcas basadas en el rol del usuario, la categor\u00eda de productos o incluso la etiqueta de productos. Una de las caracter\u00edsticas m\u00e1s notables de este complemento es su interfaz f\u00e1cil de usar, que optimiza el proceso de administrar las reglas de precios y aplicarlas a productos o variaciones espec\u00edficas de dichos productos. Adem\u00e1s, sus precios basados \u200b\u200ben roles Premium cuenta con una integraci\u00f3n perfecta con una serie de extensiones de WooCommerce muy populares, lo que mejora a\u00fan m\u00e1s su versatilidad. En particular, este complemento tambi\u00e9n admite m\u00faltiples monedas, lo que lo convierte en una soluci\u00f3n ideal para pr\u00e1cticamente cualquier tienda en l\u00ednea. Con la implementaci\u00f3n de su prima de precios basados \u200b\u200ben roles, puede proporcionar a sus clientes estimados opciones de precios personalizadas, aumentando significativamente sus cifras generales de ventas.<\/p>\n<ul>\n<li>Le permite establecer diferentes precios para productos basados \u200b\u200ben el rol de usuario<\/li>\n<li>Proporciona una interfaz simple e intuitiva para administrar los precios basados \u200b\u200ben roles<\/li>\n<li>Ofrece una amplia gama de opciones de personalizaci\u00f3n, incluida la capacidad de establecer diferentes precios para productos individuales, categor\u00edas de productos o descuentos globales para roles completos.<\/li>\n<li>Le permite asignar m\u00faltiples roles a un solo usuario, lo que le brinda un control a\u00fan mayor sobre los niveles de precios<\/li>\n<li>Proporciona acceso a informes y an\u00e1lisis detallados, lo que le permite rastrear las ventas y el comportamiento del usuario<\/li>\n<li>Totalmente compatible con plataformas populares de comercio electr\u00f3nico como WooCommerce y descargas digitales f\u00e1ciles<\/li>\n<li>Ofrece soporte de clase mundial y documentaci\u00f3n integral para garantizar una instalaci\u00f3n y uso sin problemas.<\/li>\n<\/ul>\n","protected":false},"excerpt":{"rendered":"<p>Su precios basados \u200b\u200ben roles Premium, ampliamente considerado como un complemento incre\u00edblemente robusto, cuenta con la extraordinaria capacidad de permitirle establecer puntos de precio distintos dependiendo de los roles de los usuarios dentro de su tienda WooCommerce. A trav\u00e9s de la utilizaci\u00f3n de este complemento excepcional, podr\u00e1 fabricar sin problemas regulaciones de precios personalizadas adaptadas a mayoristas, minoristas y cohortes adicionales de clientes, aumentando significativamente sus cifras de ventas mientras proporcionan simult\u00e1neamente una experiencia de compra incomparable y \u00fanica. . Es de destacar que el complemento, caracterizado por la m\u00e1xima facilidad de uso, se complementa a\u00fan m\u00e1s por su acompa\u00f1amiento de reglas inmensamente adaptables, otorg\u00e1ndole la capacidad de ajustar f\u00e1cilmente los precios en relaci\u00f3n con productos individuales, categor\u00edas de productos o incluso secciones enteras dentro de tu tienda. Al adquirir su primera prima de los precios basados \u200b\u200ben roles sin demora, \u00a1comenzar\u00e1 el proceso de maximizar sus ganancias a trav\u00e9s de la implementaci\u00f3n h\u00e1bil de estrategias de precios espec\u00edficas!<\/p>\n","protected":false},"featured_media":168668,"comment_status":"open","ping_status":"open","template":"","meta":[],"product_brand":[2391],"product_cat":[1208,1207,1206],"product_tag":[1462],"class_list":{"0":"post-121921","1":"product","2":"type-product","3":"status-publish","4":"has-post-thumbnail","6":"product_brand-yith","7":"product_cat-administracion","8":"product_cat-comercio-electronico-plugins","9":"product_cat-plugins","10":"product_tag-yith","11":"member-discount","12":"discount-restricted","14":"first","15":"instock","16":"sale","17":"downloadable","18":"virtual","19":"sold-individually","20":"purchasable","21":"product-type-simple"},"_links":{"self":[{"href":"https:\/\/gpl-love.com\/es\/wp-json\/wp\/v2\/product\/121921","targetHints":{"allow":["GET"]}}],"collection":[{"href":"https:\/\/gpl-love.com\/es\/wp-json\/wp\/v2\/product"}],"about":[{"href":"https:\/\/gpl-love.com\/es\/wp-json\/wp\/v2\/types\/product"}],"replies":[{"embeddable":true,"href":"https:\/\/gpl-love.com\/es\/wp-json\/wp\/v2\/comments?post=121921"}],"wp:featuredmedia":[{"embeddable":true,"href":"https:\/\/gpl-love.com\/es\/wp-json\/wp\/v2\/media\/168668"}],"wp:attachment":[{"href":"https:\/\/gpl-love.com\/es\/wp-json\/wp\/v2\/media?parent=121921"}],"wp:term":[{"taxonomy":"product_brand","embeddable":true,"href":"https:\/\/gpl-love.com\/es\/wp-json\/wp\/v2\/product_brand?post=121921"},{"taxonomy":"product_cat","embeddable":true,"href":"https:\/\/gpl-love.com\/es\/wp-json\/wp\/v2\/product_cat?post=121921"},{"taxonomy":"product_tag","embeddable":true,"href":"https:\/\/gpl-love.com\/es\/wp-json\/wp\/v2\/product_tag?post=121921"}],"curies":[{"name":"wp","href":"https:\/\/api.w.org\/{rel}","templated":true}]}}