{"id":121919,"date":"2025-08-31T00:00:00","date_gmt":"2025-08-31T05:00:00","guid":{"rendered":"https:\/\/gpl-love.com\/es\/producto\/yith-review-reminder-premium\/"},"modified":"2026-03-13T17:35:01","modified_gmt":"2026-03-13T22:35:01","slug":"yith-review-reminder-premium","status":"publish","type":"product","link":"https:\/\/gpl-love.com\/es\/producto\/yith-review-reminder-premium\/","title":{"rendered":"YITH Review Reminder Premium 1.53.0"},"content":{"rendered":"<h3>YITH Review Reminder Premium Caracteristicas<\/h3>\n<p>El complemento de recordatorio de revisi\u00f3n es una herramienta muy valiosa elaborada para ayudar a los empresarios de comercio electr\u00f3nico en su b\u00fasqueda para reunir una gran cantidad de comentarios de sus estimados clientes. Con su ingeniosa funcionalidad, este complemento env\u00eda debidamente recordatorios de correo electr\u00f3nico automatizados a esos clientes, que recientemente completaron una compra, solicit\u00e1ndolos amablemente para compartir sus opiniones bien pensadas sobre el producto comprado. Estos correos electr\u00f3nicos, por lo tanto, son completamente personalizables, lo que permite a los propietarios de tiendas adaptarlos de acuerdo con sus preferencias, y pueden estar programados para ser enviados sin esfuerzo a intervalos especificados posteriores a la compra. Adem\u00e1s, este complemento notable tambi\u00e9n ofrece una caracter\u00edstica atractiva, otorgando a los propietarios de las tiendas el poder de generar c\u00f3digos de descuento exclusivos como un incentivo adicional para que sus clientes adornen gentilmente su sitio web con una valiosa revisi\u00f3n. Al acumular un mayor n\u00famero de revisiones, este complemento premium de recordatorio de revisi\u00f3n altamente eficiente tiene la notable capacidad de reforzar significativamente la confianza del cliente y, a su vez, aumentar las cifras de ventas a niveles sin precedentes.<\/p>\n<ul>\n<li>Env\u00eda recordatorios de revisi\u00f3n automatizada a los clientes que han realizado una compra<\/li>\n<li>Plantillas de correo electr\u00f3nico personalizables para que coincidan con la marca de su tienda<\/li>\n<li>Opci\u00f3n para elegir el n\u00famero de d\u00edas despu\u00e9s de la compra para enviar el recordatorio de revisi\u00f3n<\/li>\n<li>Capacidad para excluir productos, categor\u00edas o clientes espec\u00edficos de recibir recordatorios de revisi\u00f3n<\/li>\n<li>Panel de control para rastrear el estado y la efectividad de los recordatorios de revisi\u00f3n<\/li>\n<li>Aumenta las posibilidades de obtener m\u00e1s rese\u00f1as y comentarios de los clientes<\/li>\n<li>F\u00e1cil de instalar y configurar sin necesidad de codificaci\u00f3n<\/li>\n<li>Compatible con servicios populares de marketing por correo electr\u00f3nico como MailChimp y SendInblue<\/li>\n<li>Soporte multiling\u00fce para las plantillas de correo electr\u00f3nico<\/li>\n<li>Ayuda a mejorar la visibilidad y la reputaci\u00f3n de su tienda en l\u00ednea.<\/li>\n<\/ul>\n","protected":false},"excerpt":{"rendered":"<p>Su recordatorio de revisi\u00f3n Premium, una herramienta extremadamente potente, sirve para elevar la cantidad de revisiones de productos en su tienda en l\u00ednea. Mediante los correos electr\u00f3nicos de recordatorio automatizado, persuade a los clientes que recientemente han completado una compra para proporcionar sus comentarios. Esta ingeniosa estrategia no solo mejora la confianza del cliente, sino que tambi\u00e9n aumenta las ventas al proporcionar pruebas sociales invaluables a favor de sus ofertas. La amplia gama de plantillas de correo electr\u00f3nico personalizables y las sofisticadas opciones de programaci\u00f3n proporcionadas por su recordatorio de revisi\u00f3n Premium renderizan sin esfuerzo el proceso de motivar a los clientes a transmitir sus experiencias con su marca distinguida.<\/p>\n","protected":false},"featured_media":168667,"comment_status":"open","ping_status":"open","template":"","meta":[],"product_brand":[2391],"product_cat":[1207,1225,1206],"product_tag":[1462],"class_list":{"0":"post-121919","1":"product","2":"type-product","3":"status-publish","4":"has-post-thumbnail","6":"product_brand-yith","7":"product_cat-comercio-electronico-plugins","8":"product_cat-marketing","9":"product_cat-plugins","10":"product_tag-yith","11":"member-discount","12":"discount-restricted","14":"first","15":"instock","16":"sale","17":"downloadable","18":"virtual","19":"sold-individually","20":"purchasable","21":"product-type-simple"},"_links":{"self":[{"href":"https:\/\/gpl-love.com\/es\/wp-json\/wp\/v2\/product\/121919","targetHints":{"allow":["GET"]}}],"collection":[{"href":"https:\/\/gpl-love.com\/es\/wp-json\/wp\/v2\/product"}],"about":[{"href":"https:\/\/gpl-love.com\/es\/wp-json\/wp\/v2\/types\/product"}],"replies":[{"embeddable":true,"href":"https:\/\/gpl-love.com\/es\/wp-json\/wp\/v2\/comments?post=121919"}],"wp:featuredmedia":[{"embeddable":true,"href":"https:\/\/gpl-love.com\/es\/wp-json\/wp\/v2\/media\/168667"}],"wp:attachment":[{"href":"https:\/\/gpl-love.com\/es\/wp-json\/wp\/v2\/media?parent=121919"}],"wp:term":[{"taxonomy":"product_brand","embeddable":true,"href":"https:\/\/gpl-love.com\/es\/wp-json\/wp\/v2\/product_brand?post=121919"},{"taxonomy":"product_cat","embeddable":true,"href":"https:\/\/gpl-love.com\/es\/wp-json\/wp\/v2\/product_cat?post=121919"},{"taxonomy":"product_tag","embeddable":true,"href":"https:\/\/gpl-love.com\/es\/wp-json\/wp\/v2\/product_tag?post=121919"}],"curies":[{"name":"wp","href":"https:\/\/api.w.org\/{rel}","templated":true}]}}