{"id":121917,"date":"2024-02-26T00:00:00","date_gmt":"2024-02-26T05:00:00","guid":{"rendered":"https:\/\/gpl-love.com\/es\/producto\/yith-review-para-discounts-premium\/"},"modified":"2026-03-13T17:35:00","modified_gmt":"2026-03-13T22:35:00","slug":"yith-review-para-discounts-premium","status":"publish","type":"product","link":"https:\/\/gpl-love.com\/es\/producto\/yith-review-para-discounts-premium\/","title":{"rendered":"YITH Review para Discounts Premium 1.35.0"},"content":{"rendered":"<h3>YITH Review para Discounts Premium Caracteristicas<\/h3>\n<p>Su revisi\u00f3n para descuentos Premium, un complemento notablemente formidable meticulosamente dise\u00f1ado con el objetivo de aumentar la participaci\u00f3n del cliente y reforzar las ventas en el \u00e1mbito de las tiendas en l\u00ednea, surge como una fuerza indomable en su esfuerzo. Al endurgar a los clientes la capacidad \u00fanica de ofrecer sus invaluables comentarios sobre los productos que han adquirido, este complemento los atrae efectivamente con descuentos atractivos como un quid pro quo. La instalaci\u00f3n, la personalizaci\u00f3n y la gesti\u00f3n de este complemento son sin problemas sin esfuerzo, mientras que una gran cantidad de caracter\u00edsticas de vanguardia, que incluyen, entre otros, las notificaciones de correo electr\u00f3nico altamente adaptables, la moderaci\u00f3n de revisi\u00f3n juiciosa y las intrincadas configuraciones de descuento, trabajan en un\u00edsono para entregar un Experiencia de usuario verdaderamente incomparable. Con el advenimiento de su revisi\u00f3n de descuentos, los astutos propietarios de las tiendas en l\u00ednea pueden fomentar ingeniosamente una cultura de presentaciones de revisi\u00f3n, mejorando as\u00ed su estimada reputaci\u00f3n en la vasta extensi\u00f3n del ciberespacio y, por extensi\u00f3n, fortaleciendo la base de sus esfuerzos de ventas.<\/p>\n<ul>\n<li>Aumentar la participaci\u00f3n y las ventas del cliente alentando las revisiones de productos<\/li>\n<li>Recompensa a los clientes por dejar revisiones con descuentos en futuras compras<\/li>\n<li>Personalizar el monto del descuento y la calificaci\u00f3n de revisi\u00f3n m\u00ednima requerida<\/li>\n<li>Administrar y aprobar f\u00e1cilmente las revisiones del backend<\/li>\n<li>Genere autom\u00e1ticamente c\u00f3digos de descuento \u00fanicos para cada cliente<\/li>\n<li>Establecer recordatorios de revisi\u00f3n para solicitar a los clientes que dejen comentarios<\/li>\n<li>Elija qu\u00e9 productos ofrecer descuentos de revisi\u00f3n para<\/li>\n<li>Compatible con constructores de p\u00e1ginas populares y temas de WordPress<\/li>\n<li>Acceso a soporte prioritario y actualizaciones con versi\u00f3n premium<\/li>\n<li>Mejore el SEO y la prueba social mostrando las revisiones de los clientes en las p\u00e1ginas de productos.<\/li>\n<\/ul>\n","protected":false},"excerpt":{"rendered":"<p>Su revisi\u00f3n para descuentos Premium es un complemento extraordinario dise\u00f1ado espec\u00edficamente para WooCommerce, que le brinda la notable capacidad de ofrecer descuentos atractivos a sus estimados clientes a cambio de sus valiosos comentarios sobre los productos que ofrece. Esta herramienta excepcionalmente poderosa, con su gran cantidad de caracter\u00edsticas, le permite mejorar significativamente la participaci\u00f3n del cliente, elevar la calidad general de las calificaciones y revisiones de sus productos y, en \u00faltima instancia, magnificar sus cifras de ventas. Con su revisi\u00f3n de descuentos por descuentos, el proceso de establecer descuentos por producci\u00f3n se convierte en un esfuerzo sin esfuerzo, lo que le permite adaptar sin esfuerzo el porcentaje o cantidad de descuento para satisfacer sus necesidades espec\u00edficas, e incluso le permite especificar el n\u00famero preciso de revisiones requerido para asegurar el codiciado descuento. Adem\u00e1s, este complemento incomparable abarca una gran cantidad de atributos invaluables, como la emisi\u00f3n autom\u00e1tica de notificaciones por correo electr\u00f3nico y el seguimiento sin problemas de las presentaciones y reembolsos de revisi\u00f3n. Al otorgar a sus clientes el atractivo incentivo de dejar una revisi\u00f3n distintiva, ser\u00e1 testigo del notable crecimiento y prosperidad de su negocio, cortes\u00eda de la inigualable destreza de su revisi\u00f3n por descuentos.<\/p>\n","protected":false},"featured_media":168666,"comment_status":"open","ping_status":"open","template":"","meta":[],"product_brand":[2391],"product_cat":[1207,1225,1206],"product_tag":[1462],"class_list":{"0":"post-121917","1":"product","2":"type-product","3":"status-publish","4":"has-post-thumbnail","6":"product_brand-yith","7":"product_cat-comercio-electronico-plugins","8":"product_cat-marketing","9":"product_cat-plugins","10":"product_tag-yith","11":"member-discount","12":"discount-restricted","14":"first","15":"instock","16":"sale","17":"downloadable","18":"virtual","19":"sold-individually","20":"purchasable","21":"product-type-simple"},"_links":{"self":[{"href":"https:\/\/gpl-love.com\/es\/wp-json\/wp\/v2\/product\/121917","targetHints":{"allow":["GET"]}}],"collection":[{"href":"https:\/\/gpl-love.com\/es\/wp-json\/wp\/v2\/product"}],"about":[{"href":"https:\/\/gpl-love.com\/es\/wp-json\/wp\/v2\/types\/product"}],"replies":[{"embeddable":true,"href":"https:\/\/gpl-love.com\/es\/wp-json\/wp\/v2\/comments?post=121917"}],"wp:featuredmedia":[{"embeddable":true,"href":"https:\/\/gpl-love.com\/es\/wp-json\/wp\/v2\/media\/168666"}],"wp:attachment":[{"href":"https:\/\/gpl-love.com\/es\/wp-json\/wp\/v2\/media?parent=121917"}],"wp:term":[{"taxonomy":"product_brand","embeddable":true,"href":"https:\/\/gpl-love.com\/es\/wp-json\/wp\/v2\/product_brand?post=121917"},{"taxonomy":"product_cat","embeddable":true,"href":"https:\/\/gpl-love.com\/es\/wp-json\/wp\/v2\/product_cat?post=121917"},{"taxonomy":"product_tag","embeddable":true,"href":"https:\/\/gpl-love.com\/es\/wp-json\/wp\/v2\/product_tag?post=121917"}],"curies":[{"name":"wp","href":"https:\/\/api.w.org\/{rel}","templated":true}]}}