{"id":121915,"date":"2025-08-08T00:00:00","date_gmt":"2025-08-08T05:00:00","guid":{"rendered":"https:\/\/gpl-love.com\/es\/producto\/yith-request-a-quote-premium\/"},"modified":"2026-03-13T17:34:59","modified_gmt":"2026-03-13T22:34:59","slug":"yith-request-a-quote-premium","status":"publish","type":"product","link":"https:\/\/gpl-love.com\/es\/producto\/yith-request-a-quote-premium\/","title":{"rendered":"YITH Request a Quote Premium 4.36.0"},"content":{"rendered":"<h3>YITH Request a Quote Premium Caracteristicas<\/h3>\n<p>Su solicitud de Solicitud de cotizaci\u00f3n es una herramienta notablemente robusta que permite a los clientes solicitar una cita sin esfuerzo para productos o servicios directamente desde su tienda WooCommerce. Este complemento excepcional no solo proporciona la capacidad de administrar y adaptar de manera efectiva sus solicitudes de cotizaci\u00f3n, sino que tambi\u00e9n le otorga la capacidad de configurar notificaciones autom\u00e1ticas por correo electr\u00f3nico y proporcionar a su apreciada clientela un proceso de presentaci\u00f3n de cotizaciones sin problemas. Al emplear su solicitud de cotizaci\u00f3n, puede presentar gentilmente a sus clientes alternativas de precios altamente adaptables y participar en negociaciones fruct\u00edferas, reforzando tanto sus ventas como la satisfacci\u00f3n del cliente. La naturaleza f\u00e1cil de usar de este complemento garantiza una integraci\u00f3n sin esfuerzo en su plataforma de comercio electr\u00f3nico existente, facilitando as\u00ed la elevaci\u00f3n de su negocio a alturas sin precedentes. No pierda tiempo y se embarque en su viaje hacia el \u00e9xito al adoptar el potencial incomparable de solicitar una prima de cotizaci\u00f3n.<\/p>\n<ul>\n<li>Permite a los clientes solicitar una cotizaci\u00f3n para los productos en lugar de comprarlos directamente<\/li>\n<li>Mejora la experiencia del cliente al proporcionar una forma de negociar precios<\/li>\n<li>Brinda a las empresas la oportunidad de aumentar o hacer ofertas personalizadas<\/li>\n<li>Ofrece formularios de solicitud de cotizaci\u00f3n personalizables para adaptarse a cualquier necesidad comercial<\/li>\n<li>Permite a las empresas ver y administrar solicitudes de cotizaci\u00f3n en una ubicaci\u00f3n centralizada<\/li>\n<li>Compatible con la popular plataforma WooCommerce para una integraci\u00f3n perfecta<\/li>\n<li>Ofrece la capacidad de establecer precios basados \u200b\u200ben la cantidad para pedidos a granel<\/li>\n<li>Proporciona notificaciones de correo electr\u00f3nico personalizables tanto para empresas como para clientes<\/li>\n<li>Ofrece la capacidad de establecer una cantidad m\u00ednima o m\u00e1xima para las solicitudes de cotizaci\u00f3n<\/li>\n<li>Proporciona a las empresas la capacidad de aprobar o rechazar las solicitudes de cotizaci\u00f3n antes de continuar con la venta.<\/li>\n<\/ul>\n","protected":false},"excerpt":{"rendered":"<p>Su solicitud de Solicitud de cotizaci\u00f3n emerge como un instrumento notablemente formidable adaptado para las empresas que desean ofrecer opciones de precios a medida para su estimada clientela. Este complemento excepcional permite a los clientes enviar diligentemente solicitudes de cotizaciones meticulosas que abarcan productos o servicios particulares, equipando as\u00ed a las empresas con la invaluable capacidad para negociar efectivamente y posteriormente proporcionar citas a medida. Con la implementaci\u00f3n de su solicitud de cotizaci\u00f3n, las empresas pueden optimizar sin problemas sus procedimientos de ventas, catalizando as\u00ed tasas de conversi\u00f3n aumentadas a trav\u00e9s del esfuerzo diligente de atender los requisitos y preferencias matizadas de su estimada base de clientes.<\/p>\n","protected":false},"featured_media":168665,"comment_status":"open","ping_status":"open","template":"","meta":[],"product_brand":[2391],"product_cat":[1208,1207,1206],"product_tag":[1462],"class_list":{"0":"post-121915","1":"product","2":"type-product","3":"status-publish","4":"has-post-thumbnail","6":"product_brand-yith","7":"product_cat-administracion","8":"product_cat-comercio-electronico-plugins","9":"product_cat-plugins","10":"product_tag-yith","11":"member-discount","12":"discount-restricted","14":"first","15":"instock","16":"sale","17":"downloadable","18":"virtual","19":"sold-individually","20":"purchasable","21":"product-type-simple"},"_links":{"self":[{"href":"https:\/\/gpl-love.com\/es\/wp-json\/wp\/v2\/product\/121915","targetHints":{"allow":["GET"]}}],"collection":[{"href":"https:\/\/gpl-love.com\/es\/wp-json\/wp\/v2\/product"}],"about":[{"href":"https:\/\/gpl-love.com\/es\/wp-json\/wp\/v2\/types\/product"}],"replies":[{"embeddable":true,"href":"https:\/\/gpl-love.com\/es\/wp-json\/wp\/v2\/comments?post=121915"}],"wp:featuredmedia":[{"embeddable":true,"href":"https:\/\/gpl-love.com\/es\/wp-json\/wp\/v2\/media\/168665"}],"wp:attachment":[{"href":"https:\/\/gpl-love.com\/es\/wp-json\/wp\/v2\/media?parent=121915"}],"wp:term":[{"taxonomy":"product_brand","embeddable":true,"href":"https:\/\/gpl-love.com\/es\/wp-json\/wp\/v2\/product_brand?post=121915"},{"taxonomy":"product_cat","embeddable":true,"href":"https:\/\/gpl-love.com\/es\/wp-json\/wp\/v2\/product_cat?post=121915"},{"taxonomy":"product_tag","embeddable":true,"href":"https:\/\/gpl-love.com\/es\/wp-json\/wp\/v2\/product_tag?post=121915"}],"curies":[{"name":"wp","href":"https:\/\/api.w.org\/{rel}","templated":true}]}}