{"id":121913,"date":"2024-03-23T00:00:00","date_gmt":"2024-03-23T05:00:00","guid":{"rendered":"https:\/\/gpl-love.com\/es\/producto\/yith-recently-viewed-products-premium\/"},"modified":"2026-03-13T17:34:56","modified_gmt":"2026-03-13T22:34:56","slug":"yith-recently-viewed-products-premium","status":"publish","type":"product","link":"https:\/\/gpl-love.com\/es\/producto\/yith-recently-viewed-products-premium\/","title":{"rendered":"YITH Recently Viewed Products Premium 2.31.0"},"content":{"rendered":"<h3>YITH Recently Viewed Products Premium Caracteristicas<\/h3>\n<p>Su recientemente visto Products Premium es un complemento excepcionalmente robusto y potente que otorga a los propietarios de tiendas en l\u00ednea la capacidad de monitorear meticulosamente y vigilar la gran cantidad de productos que sus estimados clientes examinan en su sitio web. Este complemento incre\u00edblemente innovador y de vanguardia ofrece sin esfuerzo un enfoque conveniente y f\u00e1cil de usar para exhibir los productos recientemente vistos a los clientes, lo que aumenta exponencialmente la probabilidad de una venta exitosa. Con las asombrosas capacidades inspiradoras dotadas por su premio de productos recientemente vistos, a los propietarios de tiendas emprendedoras se les otorga el invaluable privilegio de personalizar y adaptar meticulosamente la configuraci\u00f3n de visualizaci\u00f3n de los productos recientemente vistos, lo que les permite ejercer un control completo sobre aspectos fundamentales como el n\u00famero preciso de un n\u00famero preciso de un n\u00famero preciso de un n\u00famero preciso de un n\u00famero preciso de un n\u00famero preciso de Productos que se exhibir\u00e1n, el orden preciso en el que se presentar\u00e1n estos productos y el dise\u00f1o meticulosamente elaborado que servir\u00e1 como el lienzo sobre el cual se exhibir\u00e1n estas mercanc\u00edas. Adem\u00e1s, es imperativo resaltar el hecho de que este complemento innovador se integra y armoniza sin problemas con la plataforma WooCommerce universalmente estimada, asegurando as\u00ed un nivel de compatibilidad incomparable. En consecuencia, no hace falta decir que su premio de productos recientemente visto es una herramienta indispensable y por excelencia para todas y cada una de las tiendas en l\u00ednea que alberguen un deseo inquebrantable de otorgar a sus apreciados clientes una experiencia de compra incomparable y perfecta personalizada.<\/p>\n<ul>\n<li>Permite a los clientes ver productos recientemente vistos en su sitio web<\/li>\n<li>Configuraci\u00f3n de widget personalizable para que coincida con el dise\u00f1o de su sitio web<\/li>\n<li>Rastrea y muestra autom\u00e1ticamente productos recientemente vistos para cada cliente<\/li>\n<li>Mejora la experiencia del usuario al facilitar la b\u00fasqueda de productos previamente vistos<\/li>\n<li>Aumenta la probabilidad de compras al alentar a los clientes a volver a visitar productos en los que han mostrado inter\u00e9s<\/li>\n<li>Compatible con todos los temas de WordPress y WooCommerce<\/li>\n<li>F\u00e1cil de instalar y configurar sin necesidad de codificaci\u00f3n<\/li>\n<li>Proporciona informaci\u00f3n valiosa sobre el comportamiento y las preferencias del cliente.<\/li>\n<\/ul>\n","protected":false},"excerpt":{"rendered":"<p>Su recientemente visto productos Visto Premium es una herramienta muy robusta y efectiva que sirve al invaluable prop\u00f3sito de facilitar el seguimiento y la gesti\u00f3n perfecta de las interacciones previas de sus clientes con su variedad de productos. A trav\u00e9s de la utilizaci\u00f3n de este notable complemento, los estimados visitantes del sitio web reciben la notable conveniencia y eficiencia de poder sobrevivir sin esfuerzo sus pasos y volver , y sin esfuerzo optimizado. La iteraci\u00f3n premium de este complemento, en particular, trae una variedad de caracter\u00edsticas y funcionalidades inmensamente avanzadas, incluida, entre otras, la capacidad incomparable de mostrar de manera prominente los productos recientemente vistos dentro de las \u00e1reas de widgets estrat\u00e9gicamente designadas, lo que le brinda la oportunidad invaluable de sailsamente a medida. y personalice la configuraci\u00f3n de visualizaci\u00f3n para alinearlos impecablemente con sus preferencias de marca y est\u00e9tica \u00fanicas, as\u00ed como con la capacidad invaluable de monitorear y analizar meticulosamente y de manera integral las vistas e interacciones de sus clientes estimados con sus ofertas para ideas y estrategias de optimizaci\u00f3n impulsadas por datos invaluables. No pierda tiempo y asegure su propia copia de la prima de los productos recientemente vistos sin m\u00e1s pre\u00e1mbulos, y prep\u00e1rese para presenciar un alza sin precedentes en la calidad y satisfacci\u00f3n general que abarca las experiencias de compras de sus clientes con la m\u00e1xima confianza y garant\u00eda.<\/p>\n","protected":false},"featured_media":168662,"comment_status":"open","ping_status":"open","template":"","meta":[],"product_brand":[2391],"product_cat":[1207,1225,1206],"product_tag":[1462],"class_list":{"0":"post-121913","1":"product","2":"type-product","3":"status-publish","4":"has-post-thumbnail","6":"product_brand-yith","7":"product_cat-comercio-electronico-plugins","8":"product_cat-marketing","9":"product_cat-plugins","10":"product_tag-yith","11":"member-discount","12":"discount-restricted","14":"first","15":"instock","16":"sale","17":"downloadable","18":"virtual","19":"sold-individually","20":"purchasable","21":"product-type-simple"},"_links":{"self":[{"href":"https:\/\/gpl-love.com\/es\/wp-json\/wp\/v2\/product\/121913","targetHints":{"allow":["GET"]}}],"collection":[{"href":"https:\/\/gpl-love.com\/es\/wp-json\/wp\/v2\/product"}],"about":[{"href":"https:\/\/gpl-love.com\/es\/wp-json\/wp\/v2\/types\/product"}],"replies":[{"embeddable":true,"href":"https:\/\/gpl-love.com\/es\/wp-json\/wp\/v2\/comments?post=121913"}],"wp:featuredmedia":[{"embeddable":true,"href":"https:\/\/gpl-love.com\/es\/wp-json\/wp\/v2\/media\/168662"}],"wp:attachment":[{"href":"https:\/\/gpl-love.com\/es\/wp-json\/wp\/v2\/media?parent=121913"}],"wp:term":[{"taxonomy":"product_brand","embeddable":true,"href":"https:\/\/gpl-love.com\/es\/wp-json\/wp\/v2\/product_brand?post=121913"},{"taxonomy":"product_cat","embeddable":true,"href":"https:\/\/gpl-love.com\/es\/wp-json\/wp\/v2\/product_cat?post=121913"},{"taxonomy":"product_tag","embeddable":true,"href":"https:\/\/gpl-love.com\/es\/wp-json\/wp\/v2\/product_tag?post=121913"}],"curies":[{"name":"wp","href":"https:\/\/api.w.org\/{rel}","templated":true}]}}