{"id":121911,"date":"2024-02-26T00:00:00","date_gmt":"2024-02-26T05:00:00","guid":{"rendered":"https:\/\/gpl-love.com\/es\/producto\/yith-quick-view-premium\/"},"modified":"2026-03-13T17:34:55","modified_gmt":"2026-03-13T22:34:55","slug":"yith-quick-view-premium","status":"publish","type":"product","link":"https:\/\/gpl-love.com\/es\/producto\/yith-quick-view-premium\/","title":{"rendered":"YITH Quick View Premium 1.38.0"},"content":{"rendered":"<h3>YITH Quick View Premium Caracteristicas<\/h3>\n<p>Yith Quick View Premium, un complemento incre\u00edblemente robusto dise\u00f1ado espec\u00edficamente para sitios web de WooCommerce, ofrece una experiencia de navegaci\u00f3n perfecta para los compradores en l\u00ednea al permitirles previsualizar r\u00e1pidamente los detalles completos del producto sin tener que navegar lejos de su p\u00e1gina actual. Este complemento, imbuido de un nivel excepcional de personalizaci\u00f3n, empodera a los propietarios de tiendas con la capacidad de seleccionar y presentar meticulosamente informaci\u00f3n espec\u00edfica dentro de la funci\u00f3n de vista r\u00e1pida, elementos que abarcan visualmente im\u00e1genes de productos, descripciones cuidadosamente elaboradas, calificaciones perspicaces y meticulosamente adaptados detalles. Adem\u00e1s, su prima de vista r\u00e1pida amplifica a\u00fan m\u00e1s la experiencia de compra al proporcionar a los compradores la conveniente opci\u00f3n de agregar sin esfuerzo los productos deseados a su carrito, explorar sin problemas art\u00edculos relacionados, as\u00ed como compartir sin esfuerzo sus productos m\u00e1s apreciados en varias plataformas de redes sociales. Adem\u00e1s, la instalaci\u00f3n perfecta y la interfaz intuitiva de usuario de este complemento lo convierten en un activo invaluable para cualquier sitio web de comercio electr\u00f3nico que se esfuerce por mejorar y optimizar los viajes de compras de sus clientes.<\/p>\n<ul>\n<li>Permite a los clientes ver los detalles del producto sin salir de la p\u00e1gina actual.<\/li>\n<li>Colocaci\u00f3n de botones de vista r\u00e1pida personalizable en p\u00e1ginas de productos<\/li>\n<li>Elija entre m\u00faltiples plantillas de vista r\u00e1pida para que coincida con el dise\u00f1o de su tienda<\/li>\n<li>Agregue el producto al carrito directamente desde la ventana de vista r\u00e1pida<\/li>\n<li>Habilitar o deshabilitar las revisiones de productos en Vista r\u00e1pida<\/li>\n<li>Dise\u00f1o receptivo m\u00f3vil para una experiencia de usuario perfecta<\/li>\n<li>Compatible con temas populares de WooCommerce<\/li>\n<li>Mejorar la participaci\u00f3n del usuario y aumentar las ventas con esta caracter\u00edstica conveniente<\/li>\n<li>Soporte de idiomas m\u00faltiples para una base global de clientes<\/li>\n<li>Equipo de soporte dedicado disponible para ayudar con cualquier pregunta o problema.<\/li>\n<\/ul>\n","protected":false},"excerpt":{"rendered":"<p>El complemento Premium Premium es una herramienta incre\u00edblemente robusta que facilita la visi\u00f3n perfecta de los detalles del producto para los clientes, todo al tiempo que elimina la necesidad de navegar lejos de su p\u00e1gina actual. Su proceso de instalaci\u00f3n sin esfuerzo junto con su configuraci\u00f3n altamente personalizable permite una experiencia de compra verdaderamente personalizada y elevada. Este notable complemento no solo es compatible con todos los temas de WordPress, sino que tambi\u00e9n se integra sin problemas con WooCommerce, por lo que agiliza a\u00fan m\u00e1s el proceso de compra. Al implementar el complemento Premium de vista r\u00e1pida, su tienda en l\u00ednea se beneficiar\u00e1 inmensamente en t\u00e9rminos de tiempo ahorrado y, en \u00faltima instancia, aument\u00f3 las tasas de conversi\u00f3n.<\/p>\n","protected":false},"featured_media":168661,"comment_status":"open","ping_status":"open","template":"","meta":[],"product_brand":[2391],"product_cat":[1207,1248,1206],"product_tag":[1462],"class_list":{"0":"post-121911","1":"product","2":"type-product","3":"status-publish","4":"has-post-thumbnail","6":"product_brand-yith","7":"product_cat-comercio-electronico-plugins","8":"product_cat-personalizacion-comercio-electronico-plugins","9":"product_cat-plugins","10":"product_tag-yith","11":"member-discount","12":"discount-restricted","14":"first","15":"instock","16":"sale","17":"downloadable","18":"virtual","19":"sold-individually","20":"purchasable","21":"product-type-simple"},"_links":{"self":[{"href":"https:\/\/gpl-love.com\/es\/wp-json\/wp\/v2\/product\/121911","targetHints":{"allow":["GET"]}}],"collection":[{"href":"https:\/\/gpl-love.com\/es\/wp-json\/wp\/v2\/product"}],"about":[{"href":"https:\/\/gpl-love.com\/es\/wp-json\/wp\/v2\/types\/product"}],"replies":[{"embeddable":true,"href":"https:\/\/gpl-love.com\/es\/wp-json\/wp\/v2\/comments?post=121911"}],"wp:featuredmedia":[{"embeddable":true,"href":"https:\/\/gpl-love.com\/es\/wp-json\/wp\/v2\/media\/168661"}],"wp:attachment":[{"href":"https:\/\/gpl-love.com\/es\/wp-json\/wp\/v2\/media?parent=121911"}],"wp:term":[{"taxonomy":"product_brand","embeddable":true,"href":"https:\/\/gpl-love.com\/es\/wp-json\/wp\/v2\/product_brand?post=121911"},{"taxonomy":"product_cat","embeddable":true,"href":"https:\/\/gpl-love.com\/es\/wp-json\/wp\/v2\/product_cat?post=121911"},{"taxonomy":"product_tag","embeddable":true,"href":"https:\/\/gpl-love.com\/es\/wp-json\/wp\/v2\/product_tag?post=121911"}],"curies":[{"name":"wp","href":"https:\/\/api.w.org\/{rel}","templated":true}]}}