{"id":121909,"date":"2022-03-02T00:00:00","date_gmt":"2022-03-02T05:00:00","guid":{"rendered":"https:\/\/gpl-love.com\/es\/producto\/yith-quick-order-forms-para-woocommerce-premium\/"},"modified":"2026-03-13T17:34:55","modified_gmt":"2026-03-13T22:34:55","slug":"yith-quick-order-forms-para-woocommerce-premium","status":"publish","type":"product","link":"https:\/\/gpl-love.com\/es\/producto\/yith-quick-order-forms-para-woocommerce-premium\/","title":{"rendered":"YITH Quick Order Forms para WooCommerce Premium 1.2.18"},"content":{"rendered":"<h3>YITH Quick Order Forms para WooCommerce Premium Caracteristicas<\/h3>\n<p>Su formularios de pedido r\u00e1pido para WooCommerce Premium es una herramienta extraordinaria que ofrece un m\u00e9todo perfecto y acelerado para que los clientes soliciten productos desde una tienda en l\u00ednea. Este notable complemento faculta a los clientes para curar sin esfuerzo las listas de los art\u00edculos deseados, agregarlos r\u00e1pidamente a su carrito y finalizar eficientemente el proceso de pago con solo unos pocos clics. Adem\u00e1s, el complemento cuenta con un impresionante nivel de adaptabilidad, lo que permite a los propietarios de tiendas adaptar formas distintas para diversas categor\u00edas de productos o segmentos espec\u00edficos de clientes. Al aprovechar el poder de sus formularios de pedido r\u00e1pido para la prima de WooCommerce, no solo se puede conservar el tiempo valioso para los clientes, sino que tambi\u00e9n las tasas de conversi\u00f3n y la satisfacci\u00f3n general del cliente pueden impulsarse significativamente. Abrace la adquisici\u00f3n de este complemento inigualable para racionalizar el procedimiento de pedido de su tienda en l\u00ednea y elevar el encuentro de compras para sus estimados clientes.<\/p>\n<ul>\n<li>Cree f\u00e1cilmente formularios de pedido r\u00e1pido para su sitio web de WooCommerce<\/li>\n<li>Ahorre tiempo permitiendo a los clientes agregar r\u00e1pidamente m\u00faltiples productos a su carrito<\/li>\n<li>Personalice su formulario de pedido r\u00e1pido con diferentes campos y dise\u00f1os<\/li>\n<li>Opci\u00f3n para crear m\u00faltiples formularios de pedido r\u00e1pido para diferentes categor\u00edas de productos<\/li>\n<li>Aumentar las ventas y la satisfacci\u00f3n del cliente con un proceso de pedido simplificado<\/li>\n<li>Compatible con su complemento de productos de WooCommerce para mejorar las opciones de personalizaci\u00f3n<\/li>\n<li>Integraci\u00f3n con pasarelas de pago populares para transacciones sin interrupciones<\/li>\n<li>Documentaci\u00f3n detallada y atenci\u00f3n al cliente para una f\u00e1cil configuraci\u00f3n y uso<\/li>\n<li>Actualizaciones y compatibilidad regulares con las \u00faltimas versiones de WooCommerce y WordPress.<\/li>\n<\/ul>\n","protected":false},"excerpt":{"rendered":"<p>Su formularios de pedido r\u00e1pido para WooCommerce Premium es una herramienta incre\u00edblemente robusta y din\u00e1mica que ofrece a los clientes la notable capacidad de generar y enviar \u00f3rdenes sustanciales de manera r\u00e1pida y eficiente. Este complemento extraordinario simplifica y acelera sin problemas todo el proceso de pedido, lo que permite a los usuarios construir formas personalizadas sin esfuerzo y completarlos sin esfuerzo con cat\u00e1logos convenientemente predefinidos de varios productos o SKU. Gracias a las notables capacidades de sus formularios de pedido r\u00e1pido, los clientes pueden agregar instant\u00e1neamente y sin esfuerzo m\u00faltiples productos a sus carritos de compras virtuales en unos segundos, en consecuencia preservar una cantidad sustancial de su precioso tiempo y esfuerzo. Adem\u00e1s, la integraci\u00f3n perfecta de este complemento extraordinario con WooCommerce garantiza una configuraci\u00f3n sin esfuerzo y una experiencia de usuario impecablemente suave. \u00a1Abrace las posibilidades ilimitadas y eleva sus esfuerzos de procesamiento de gran pedido actualizando r\u00e1pidamente a la versi\u00f3n premium de la fenomenal y los formularios de pedido r\u00e1pido hoy!<\/p>\n","protected":false},"featured_media":168660,"comment_status":"open","ping_status":"open","template":"","meta":[],"product_brand":[2391],"product_cat":[1207,1429,1206],"product_tag":[1462],"class_list":{"0":"post-121909","1":"product","2":"type-product","3":"status-publish","4":"has-post-thumbnail","6":"product_brand-yith","7":"product_cat-comercio-electronico-plugins","8":"product_cat-formas-comercio-electronico-plugins","9":"product_cat-plugins","10":"product_tag-yith","11":"member-discount","12":"discount-restricted","14":"first","15":"instock","16":"sale","17":"downloadable","18":"virtual","19":"sold-individually","20":"purchasable","21":"product-type-simple"},"_links":{"self":[{"href":"https:\/\/gpl-love.com\/es\/wp-json\/wp\/v2\/product\/121909","targetHints":{"allow":["GET"]}}],"collection":[{"href":"https:\/\/gpl-love.com\/es\/wp-json\/wp\/v2\/product"}],"about":[{"href":"https:\/\/gpl-love.com\/es\/wp-json\/wp\/v2\/types\/product"}],"replies":[{"embeddable":true,"href":"https:\/\/gpl-love.com\/es\/wp-json\/wp\/v2\/comments?post=121909"}],"wp:featuredmedia":[{"embeddable":true,"href":"https:\/\/gpl-love.com\/es\/wp-json\/wp\/v2\/media\/168660"}],"wp:attachment":[{"href":"https:\/\/gpl-love.com\/es\/wp-json\/wp\/v2\/media?parent=121909"}],"wp:term":[{"taxonomy":"product_brand","embeddable":true,"href":"https:\/\/gpl-love.com\/es\/wp-json\/wp\/v2\/product_brand?post=121909"},{"taxonomy":"product_cat","embeddable":true,"href":"https:\/\/gpl-love.com\/es\/wp-json\/wp\/v2\/product_cat?post=121909"},{"taxonomy":"product_tag","embeddable":true,"href":"https:\/\/gpl-love.com\/es\/wp-json\/wp\/v2\/product_tag?post=121909"}],"curies":[{"name":"wp","href":"https:\/\/api.w.org\/{rel}","templated":true}]}}