{"id":121907,"date":"2023-10-04T00:00:00","date_gmt":"2023-10-04T05:00:00","guid":{"rendered":"https:\/\/gpl-love.com\/es\/producto\/yith-quick-export-premium\/"},"modified":"2026-03-13T17:34:54","modified_gmt":"2026-03-13T22:34:54","slug":"yith-quick-export-premium","status":"publish","type":"product","link":"https:\/\/gpl-love.com\/es\/producto\/yith-quick-export-premium\/","title":{"rendered":"YITH Quick Export Premium 1.3.10"},"content":{"rendered":"<h3>YITH Quick Export Premium Caracteristicas<\/h3>\n<p>Su r\u00e1pida exportaci\u00f3n, una herramienta muy robusta, ofrece a los usuarios la capacidad de expedir de manera conveniente y expeditada sus datos de su tienda en l\u00ednea. Este complemento de vanguardia faculta a las personas para exportar sin esfuerzo una gran cantidad de informaci\u00f3n de su tienda con solo unos pocos clics simples, que abarcan productos, pedidos, clientes y m\u00e1s. En particular, cuenta con una interfaz notablemente f\u00e1cil de usar y una variedad de opciones de personalizaci\u00f3n, lo que brinda a los usuarios la oportunidad de adaptar sus exportaciones para alinearse con precisi\u00f3n con sus requisitos \u00fanicos. Ya sea que el objetivo implica transferir datos a una plataforma novedosa o simplemente generar copias de seguridad de la informaci\u00f3n invaluable de la tienda, su prima de exportaci\u00f3n r\u00e1pida proporciona una soluci\u00f3n expedita y eficaz. Con sus funcionalidades avanzadas y su integraci\u00f3n perfecta con estimadas plataformas de comercio electr\u00f3nico, este complemento constituye un instrumento indispensable para cualquier propietario de la tienda en l\u00ednea que busque optimizar sus operaciones y optimizar su productividad general.<\/p>\n<ul>\n<li>Le permite exportar y descargar varios datos de su tienda WooCommerce<\/li>\n<li>Proporciona una forma r\u00e1pida y eficiente de exportar grandes cantidades de datos a la vez<\/li>\n<li>Interfaz de usuario simple e intuitiva para usar f\u00e1cilmente<\/li>\n<li>Opciones de exportaci\u00f3n personalizables para satisfacer sus necesidades espec\u00edficas<\/li>\n<li>Capacidad para programar exportaciones autom\u00e1ticas para la gesti\u00f3n de datos simplificada<\/li>\n<li>Admite m\u00faltiples formatos de archivo, incluidos CSV y Excel<\/li>\n<li>Ofrece opciones de filtrado y clasificaci\u00f3n de datos para un mayor control sobre los datos exportados<\/li>\n<li>Compatible con una variedad de extensiones de WooCommerce para la funcionalidad expandida<\/li>\n<li>Creaci\u00f3n r\u00e1pidamente de copias de seguridad de los datos de su almac\u00e9n para su custodia<\/li>\n<li>Proporciona archivos de registro detallados para rastrear y administrar el proceso de exportaci\u00f3n.<\/li>\n<\/ul>\n","protected":false},"excerpt":{"rendered":"<p>Su prima de exportaci\u00f3n r\u00e1pida, un complemento de WordPress notablemente robusto, presenta a los usuarios la capacidad perfecta de expedir y sin esfuerzo exportar sus abundantes datos de almacenamiento de WooCommerce. Simplemente participando en algunos clics minimalistas, uno puede exportar sin esfuerzo una gran cantidad de elementos esenciales, incluidos pedidos, productos, clientes y una variedad de otros, todos incre\u00edblemente formateados en CSV o XML. Enriqueciendo a\u00fan m\u00e1s la experiencia del usuario, este complemento ofrece una amplia gama de opciones de personalizaci\u00f3n, en la que las personas pueden emplear selectivamente filtros espec\u00edficos y clasificar de manera efectiva los pedidos seg\u00fan sus preferencias. En consecuencia, independientemente de si la intenci\u00f3n es salvaguardar los datos invaluables o la transici\u00f3n con gracia a una plataforma alternativa, su prima de exportaci\u00f3n r\u00e1pida se destaca como la resoluci\u00f3n por excelencia para cualquier propietario de la tienda de WooCommerce.<\/p>\n","protected":false},"featured_media":168659,"comment_status":"open","ping_status":"open","template":"","meta":[],"product_brand":[2391],"product_cat":[1208,1207,1206],"product_tag":[1462],"class_list":{"0":"post-121907","1":"product","2":"type-product","3":"status-publish","4":"has-post-thumbnail","6":"product_brand-yith","7":"product_cat-administracion","8":"product_cat-comercio-electronico-plugins","9":"product_cat-plugins","10":"product_tag-yith","11":"member-discount","12":"discount-restricted","14":"first","15":"instock","16":"sale","17":"downloadable","18":"virtual","19":"sold-individually","20":"purchasable","21":"product-type-simple"},"_links":{"self":[{"href":"https:\/\/gpl-love.com\/es\/wp-json\/wp\/v2\/product\/121907","targetHints":{"allow":["GET"]}}],"collection":[{"href":"https:\/\/gpl-love.com\/es\/wp-json\/wp\/v2\/product"}],"about":[{"href":"https:\/\/gpl-love.com\/es\/wp-json\/wp\/v2\/types\/product"}],"replies":[{"embeddable":true,"href":"https:\/\/gpl-love.com\/es\/wp-json\/wp\/v2\/comments?post=121907"}],"wp:featuredmedia":[{"embeddable":true,"href":"https:\/\/gpl-love.com\/es\/wp-json\/wp\/v2\/media\/168659"}],"wp:attachment":[{"href":"https:\/\/gpl-love.com\/es\/wp-json\/wp\/v2\/media?parent=121907"}],"wp:term":[{"taxonomy":"product_brand","embeddable":true,"href":"https:\/\/gpl-love.com\/es\/wp-json\/wp\/v2\/product_brand?post=121907"},{"taxonomy":"product_cat","embeddable":true,"href":"https:\/\/gpl-love.com\/es\/wp-json\/wp\/v2\/product_cat?post=121907"},{"taxonomy":"product_tag","embeddable":true,"href":"https:\/\/gpl-love.com\/es\/wp-json\/wp\/v2\/product_tag?post=121907"}],"curies":[{"name":"wp","href":"https:\/\/api.w.org\/{rel}","templated":true}]}}