{"id":121905,"date":"2023-10-04T00:00:00","date_gmt":"2023-10-04T05:00:00","guid":{"rendered":"https:\/\/gpl-love.com\/es\/producto\/yith-quick-checkout-para-digital-goods-premium\/"},"modified":"2026-03-13T17:34:53","modified_gmt":"2026-03-13T22:34:53","slug":"yith-quick-checkout-para-digital-goods-premium","status":"publish","type":"product","link":"https:\/\/gpl-love.com\/es\/producto\/yith-quick-checkout-para-digital-goods-premium\/","title":{"rendered":"YITH Quick Checkout para Digital Goods Premium 1.26.0"},"content":{"rendered":"<h3>YITH Quick Checkout para Digital Goods Premium Caracteristicas<\/h3>\n<p>Su pago r\u00e1pido para los bienes digitales, la prima es una herramienta extremadamente potente y eficaz que ha sido meticulosamente dise\u00f1ada para simplificar y optimizar de manera efectiva todo el proceso de pago espec\u00edficamente dise\u00f1ado para productos digitales. Impecablemente capacita a los clientes al brindarles la capacidad perfecta para adquirir los productos digitales sin esfuerzo sin el arduo requisito de completar tediosamente formularios extensos o navegar a trav\u00e9s de un laberinto de p\u00e1ginas laber\u00ednticos. El complemento impresionante presenta una interfaz notablemente intuitiva e inequ\u00edvocamente f\u00e1cil de usar, lo que lo hace asombrosamente sin esfuerzo para que los clientes consuman sus pedidos con solo un solo pu\u00f1ado de clics. Sin lugar a dudas, a trav\u00e9s de la implementaci\u00f3n estrat\u00e9gica de este complemento excepcional, uno puede reducir de manera innegable y notablemente el fen\u00f3meno desalentador del abandono del carrito mientras aumenta simult\u00e1neamente y mejora la totalidad de la experiencia del cliente, lo que resulta significativamente y significativamente en una surgencia exponencial en las ventas e ingresos. Adem\u00e1s, es importante subrayar el hecho de que el complemento se distingue a\u00fan m\u00e1s por sus atributos superiores y altamente sofisticados, algunos de los cuales abarcan, entre otros, la facilitaci\u00f3n perfecta de la funcionalidad de pago con un solo clic y un soporte inquebrantable para una matriz extensa de pasarelas de pago, que colectivamente lo convierte en una opci\u00f3n incomparable y preeminente para cualquier empresa en l\u00ednea que se especialice en la venta de productos digitales.<\/p>\n<ul>\n<li>Proceso de pago f\u00e1cil y r\u00e1pido para bienes digitales<\/li>\n<li>Capacidad para personalizar la p\u00e1gina de pago con marca y campos personalizados<\/li>\n<li>Opci\u00f3n para el pago de invitados o el registro r\u00e1pido<\/li>\n<li>Integraci\u00f3n con pasarelas de pago populares que incluyen PayPal, Stripe y Authorize.net<\/li>\n<li>Confirmaci\u00f3n automatizada por correo electr\u00f3nico y entrega de productos digitales<\/li>\n<li>Opci\u00f3n para que los clientes descarguen productos comprados desde el tablero de su cuenta<\/li>\n<li>Informes y an\u00e1lisis detallados para rastrear las ventas y el comportamiento del cliente<\/li>\n<li>Compatibilidad con plataformas populares de comercio electr\u00f3nico como WooCommerce y descargas digitales f\u00e1ciles<\/li>\n<li>Proceso de pago confiable y seguro para proteger los datos y las transacciones del cliente<\/li>\n<li>Atenci\u00f3n al cliente receptiva y actualizaciones regulares para un rendimiento \u00f3ptimo.<\/li>\n<\/ul>\n","protected":false},"excerpt":{"rendered":"<p>El pago r\u00e1pido de los bienes digitales, la prima es una herramienta extremadamente robusta y altamente efectiva que ha sido meticulosamente elaborada con el \u00fanico objetivo de aumentar y optimizar la experiencia general de pago para una amplia gama de productos digitales, incluidos, entre otros, libros electr\u00f3nicos, software, software,, software,, software, m\u00fasica, y muchos m\u00e1s. Este complemento incomparable otorga a su estimada clientela la invaluable oportunidad de finalizar sin esfuerzo y expediciones sus compras sin cualquier redirecci\u00f3n innecesaria a una p\u00e1gina web completamente separada, que culmin\u00f3 en una tasa de conversi\u00f3n sin precedentes que sin duda tiene un potencial inmenso para su entorno en l\u00ednea. En virtud de su notable variedad de caracter\u00edsticas de vanguardia, como la funcionalidad de pago inmensamente conveniente de varios pasos, el mecanismo de pago de un solo clic irremplazablemente conveniente, as\u00ed como los campos supremamente adaptables y modificables, est\u00e1 inequ\u00edvocamente otorgado con la potencia fenomenal y Libertad para personalizar y adaptar a fondo todo el procedimiento de pago y el proceso para alinearse sin problemas y satisfacer incluso los requisitos y preferencias m\u00e1s espec\u00edficos y distintivos de su base de clientes exigentes. No pierda m\u00e1s tiempo y eleva y amplifica la destreza y la eficacia de su estimada tienda digital en la actualidad con la impresionante e irrefutablemente indispensable pago r\u00e1pido para los bienes digitales.<\/p>\n","protected":false},"featured_media":168658,"comment_status":"open","ping_status":"open","template":"","meta":[],"product_brand":[2391],"product_cat":[1207,1248,1206],"product_tag":[1462],"class_list":{"0":"post-121905","1":"product","2":"type-product","3":"status-publish","4":"has-post-thumbnail","6":"product_brand-yith","7":"product_cat-comercio-electronico-plugins","8":"product_cat-personalizacion-comercio-electronico-plugins","9":"product_cat-plugins","10":"product_tag-yith","11":"member-discount","12":"discount-restricted","14":"first","15":"instock","16":"sale","17":"downloadable","18":"virtual","19":"sold-individually","20":"purchasable","21":"product-type-simple"},"_links":{"self":[{"href":"https:\/\/gpl-love.com\/es\/wp-json\/wp\/v2\/product\/121905","targetHints":{"allow":["GET"]}}],"collection":[{"href":"https:\/\/gpl-love.com\/es\/wp-json\/wp\/v2\/product"}],"about":[{"href":"https:\/\/gpl-love.com\/es\/wp-json\/wp\/v2\/types\/product"}],"replies":[{"embeddable":true,"href":"https:\/\/gpl-love.com\/es\/wp-json\/wp\/v2\/comments?post=121905"}],"wp:featuredmedia":[{"embeddable":true,"href":"https:\/\/gpl-love.com\/es\/wp-json\/wp\/v2\/media\/168658"}],"wp:attachment":[{"href":"https:\/\/gpl-love.com\/es\/wp-json\/wp\/v2\/media?parent=121905"}],"wp:term":[{"taxonomy":"product_brand","embeddable":true,"href":"https:\/\/gpl-love.com\/es\/wp-json\/wp\/v2\/product_brand?post=121905"},{"taxonomy":"product_cat","embeddable":true,"href":"https:\/\/gpl-love.com\/es\/wp-json\/wp\/v2\/product_cat?post=121905"},{"taxonomy":"product_tag","embeddable":true,"href":"https:\/\/gpl-love.com\/es\/wp-json\/wp\/v2\/product_tag?post=121905"}],"curies":[{"name":"wp","href":"https:\/\/api.w.org\/{rel}","templated":true}]}}