{"id":121903,"date":"2024-02-26T00:00:00","date_gmt":"2024-02-26T05:00:00","guid":{"rendered":"https:\/\/gpl-love.com\/es\/producto\/yith-questions-y-answers-premium\/"},"modified":"2026-03-13T17:34:52","modified_gmt":"2026-03-13T22:34:52","slug":"yith-questions-y-answers-premium","status":"publish","type":"product","link":"https:\/\/gpl-love.com\/es\/producto\/yith-questions-y-answers-premium\/","title":{"rendered":"YITH Questions y Answers Premium 1.33.1"},"content":{"rendered":"<h3>YITH Questions y Answers Premium Caracteristicas<\/h3>\n<p>Su preguntas y respuestas Premium, un complemento excepcionalmente potente, sirve como un medio efectivo por el cual los clientes pueden consultar sobre los productos en su tienda WooCommerce y obtener respuestas perspicaces. Este complemento no solo facilita el proceso de obtener la informaci\u00f3n esencial requerida para tomar decisiones de compra informadas, sino que tambi\u00e9n contribuye al aumento de los niveles de participaci\u00f3n y satisfacci\u00f3n del cliente. Con la utilizaci\u00f3n de su prima de preguntas y respuestas, la gesti\u00f3n y la moderaci\u00f3n de todas las consultas y las respuestas correspondientes se agilizan sin esfuerzo, mientras que la implementaci\u00f3n de sistemas de notificaci\u00f3n garantiza que reciba alertas de inmediato relacionadas con las preguntas reci\u00e9n publicadas. Adem\u00e1s, este complemento ofrece una variedad de caracter\u00edsticas adicionales, que incluyen, entre otros, un sistema de votaci\u00f3n, una extensa secci\u00f3n de preguntas frecuentes y la capacidad de exhibir preguntas y respuestas directamente en las p\u00e1ginas de productos. En \u00faltima instancia, su prima de preguntas y respuestas surge como una herramienta indispensable para cualquier propietario de una tienda de WooCommerce que se esfuerce por mejorar la participaci\u00f3n del cliente y refuerzar las ventas.<\/p>\n<ul>\n<li>Permite a los clientes hacer preguntas sobre productos directamente en la p\u00e1gina del producto.<\/li>\n<li>Los administradores y otros clientes pueden responder a las preguntas, creando una base de conocimiento impulsada por la comunidad<\/li>\n<li>Ayuda a generar confianza y aumentar las ventas abordando las preocupaciones de los clientes y proporcionando informaci\u00f3n transparente<\/li>\n<li>Ofrece herramientas de moderaci\u00f3n para evitar el spam o el contenido inapropiado<\/li>\n<li>Permite a los clientes recibir notificaciones por correo electr\u00f3nico cuando sus preguntas o respuestas se respondan a<\/li>\n<li>Permite a los administradores configurar campos personalizados para la informaci\u00f3n del producto en el formulario de preguntas<\/li>\n<li>Se puede usar con cualquier tema de WordPress o plataforma de comercio electr\u00f3nico<\/li>\n<li>Proporciona informaci\u00f3n sobre los productos populares y las preguntas m\u00e1s frecuentes a trav\u00e9s del tablero<\/li>\n<li>Ofrece un dise\u00f1o profesional y moderno que se integra a la perfecci\u00f3n con su sitio web<\/li>\n<li>Proporciona una excelente atenci\u00f3n al cliente y actualizaciones regulares para garantizar una funcionalidad sin problemas.<\/li>\n<\/ul>\n","protected":false},"excerpt":{"rendered":"<p>Sus preguntas y respuestas Premium es una herramienta extremadamente potente que le otorga la capacidad de integrar un sistema de preguntas y respuestas intrincado y refinado en su estimada tienda en l\u00ednea. Al utilizar este notable complemento, sus clientes apreciados tienen la oportunidad de preguntar sobre varios productos y recibir respuestas detalladas directamente de su estimado yo o incluso compa\u00f1eros de clientes. Este atributo interactivo y atractivo ayuda a la fortificaci\u00f3n de la confianza entre su estimada clientela al tiempo que mejora y aumenta la experiencia de compra general. Como una ventaja adicional, la versi\u00f3n premium de esta notable herramienta le otorga una gran cantidad de caracter\u00edsticas adicionales que abarcan opciones de b\u00fasqueda avanzadas, notificaciones por correo electr\u00f3nico y la capacidad exaltada de designar ciertas preguntas como privadas. Para disfrutar de la extensi\u00f3n de estos atributos notables y revolucionar su sitio web de comercio electr\u00f3nico, se recomienda inequ\u00edvocamente que se actualice r\u00e1pidamente a las estimadas preguntas y respuestas primas.<\/p>\n","protected":false},"featured_media":168657,"comment_status":"open","ping_status":"open","template":"","meta":[],"product_brand":[2391],"product_cat":[1208,1207,1206],"product_tag":[1462],"class_list":{"0":"post-121903","1":"product","2":"type-product","3":"status-publish","4":"has-post-thumbnail","6":"product_brand-yith","7":"product_cat-administracion","8":"product_cat-comercio-electronico-plugins","9":"product_cat-plugins","10":"product_tag-yith","11":"member-discount","12":"discount-restricted","14":"first","15":"instock","16":"sale","17":"downloadable","18":"virtual","19":"sold-individually","20":"purchasable","21":"product-type-simple"},"_links":{"self":[{"href":"https:\/\/gpl-love.com\/es\/wp-json\/wp\/v2\/product\/121903","targetHints":{"allow":["GET"]}}],"collection":[{"href":"https:\/\/gpl-love.com\/es\/wp-json\/wp\/v2\/product"}],"about":[{"href":"https:\/\/gpl-love.com\/es\/wp-json\/wp\/v2\/types\/product"}],"replies":[{"embeddable":true,"href":"https:\/\/gpl-love.com\/es\/wp-json\/wp\/v2\/comments?post=121903"}],"wp:featuredmedia":[{"embeddable":true,"href":"https:\/\/gpl-love.com\/es\/wp-json\/wp\/v2\/media\/168657"}],"wp:attachment":[{"href":"https:\/\/gpl-love.com\/es\/wp-json\/wp\/v2\/media?parent=121903"}],"wp:term":[{"taxonomy":"product_brand","embeddable":true,"href":"https:\/\/gpl-love.com\/es\/wp-json\/wp\/v2\/product_brand?post=121903"},{"taxonomy":"product_cat","embeddable":true,"href":"https:\/\/gpl-love.com\/es\/wp-json\/wp\/v2\/product_cat?post=121903"},{"taxonomy":"product_tag","embeddable":true,"href":"https:\/\/gpl-love.com\/es\/wp-json\/wp\/v2\/product_tag?post=121903"}],"curies":[{"name":"wp","href":"https:\/\/api.w.org\/{rel}","templated":true}]}}