{"id":121901,"date":"2026-04-21T00:00:00","date_gmt":"2026-04-21T05:00:00","guid":{"rendered":"https:\/\/gpl-love.com\/es\/producto\/yith-product-slider-carousel-premium\/"},"modified":"2026-04-21T11:16:40","modified_gmt":"2026-04-21T16:16:40","slug":"yith-product-slider-carousel-premium","status":"publish","type":"product","link":"https:\/\/gpl-love.com\/es\/producto\/yith-product-slider-carousel-premium\/","title":{"rendered":"YITH Product Slider Carousel Premium 1.53.0"},"content":{"rendered":"<h3>YITH Product Slider Carousel Premium Caracteristicas<\/h3>\n<p>Yith Product Slider Carousel Premium es un complemento altamente avanzado y sofisticado dise\u00f1ado espec\u00edficamente para aumentar el dise\u00f1o general y la experiencia del usuario de un sitio web. Esta herramienta excepcional sirve como el medio perfecto para exhibir productos de una manera est\u00e9ticamente agradable y visualmente cautivadora. Al aprovechar la potencia de este complemento, los usuarios pueden generar sin esfuerzo controles deslizantes y carruseles que afectan efectivamente a los clientes potenciales, lo que resulta en un impulso sustancial en las cifras de ventas. La extensa gama de opciones de personalizaci\u00f3n disponibles con este complemento permite una adaptaci\u00f3n perfecta a diversos requisitos, que abarca una variedad de dise\u00f1os, efectos de transici\u00f3n y estilos de animaci\u00f3n. Adem\u00e1s, la capacidad de respuesta inherente y los atributos m\u00f3viles de este complemento aseguran que los clientes puedan navegar sin problemas en el sitio web y disfrutar de una experiencia de usuario consistente en varios dispositivos. La implementaci\u00f3n de su control deslizante de productos Premium permite a los propietarios de sitios web para curar sin esfuerzo las galer\u00edas de productos cautivadoras que estimulan activamente la participaci\u00f3n del usuario y finalmente culminan en tasas de conversi\u00f3n elevadas.<\/p>\n<ul>\n<li>Un complemento premium de WordPress para crear atractivos y carruseles de productos atractivos y vers\u00e1tiles en su sitio web<\/li>\n<li>Interfaz f\u00e1cil de usar y personalizable con m\u00faltiples opciones para dise\u00f1ar el control deslizante<\/li>\n<li>Opci\u00f3n para incluir diferentes tipos de contenido en el control deslizante, como productos, im\u00e1genes y publicaciones.<\/li>\n<li>Admite la integraci\u00f3n con WooCommerce para mostrar productos en el control deslizante<\/li>\n<li>Dise\u00f1o receptivo que se adapta a diferentes tama\u00f1os y dispositivos de pantalla<\/li>\n<li>Varios efectos de animaci\u00f3n para elegir para hacer que el control deslizante sea a\u00fan m\u00e1s atractivo<\/li>\n<li>Admite la navegaci\u00f3n t\u00e1ctil para dispositivos m\u00f3viles<\/li>\n<li>Opci\u00f3n para mostrar el control deslizante en diferentes posiciones en su sitio web, como la p\u00e1gina de inicio, la barra lateral o el pie de p\u00e1gina<\/li>\n<li>Desmontaje de SEO con opciones para agregar etiquetas alternativas y t\u00edtulos para im\u00e1genes<\/li>\n<li>Incluye documentaci\u00f3n detallada para una f\u00e1cil configuraci\u00f3n y configuraci\u00f3n<\/li>\n<li>Actualizaciones regulares y atenci\u00f3n al cliente de su equipo para garantizar un funcionamiento sin problemas del complemento.<\/li>\n<\/ul>\n","protected":false},"excerpt":{"rendered":"<p>El control deslizante de productos de Carousel Premium es un complemento incre\u00edblemente potente y adaptable, dise\u00f1ado para capacitarlo en la creaci\u00f3n de carruseles y controles deslizantes de productos cautivadores y visualmente impresionantes para su querido sitio web de WooCommerce. Su interfaz f\u00e1cil de usar junto con su configuraci\u00f3n personalizable le otorga la capacidad incomparable de exhibir su variedad de productos en una variedad de modales atractivos, incluidos, entre otros, categ\u00f3ricamente, como las \u00faltimas incorporaciones, como los elementos m\u00e1s destacados y mucho m\u00e1s destacados, y mucho m\u00e1s. Adem\u00e1s, este notable complemento integra perfectamente las funcionalidades de navegaci\u00f3n sensibles al tacto y habilitados para deslizar para optimizar y elevar la experiencia general del usuario, especialmente en los dispositivos m\u00f3viles siempre populares y ubicuos. Abrace el potencial transformador de su control deslizante de productos Premium y sea testigo de un notable aumento en sus tasas de conversi\u00f3n y un aumento exponencial en sus cifras de ventas.<\/p>\n","protected":false},"featured_media":168656,"comment_status":"open","ping_status":"open","template":"","meta":[],"product_brand":[2391],"product_cat":[1207,1248,1206],"product_tag":[1462],"class_list":{"0":"post-121901","1":"product","2":"type-product","3":"status-publish","4":"has-post-thumbnail","6":"product_brand-yith","7":"product_cat-comercio-electronico-plugins","8":"product_cat-personalizacion-comercio-electronico-plugins","9":"product_cat-plugins","10":"product_tag-yith","11":"member-discount","12":"discount-restricted","14":"first","15":"instock","16":"sale","17":"downloadable","18":"virtual","19":"sold-individually","20":"purchasable","21":"product-type-simple"},"_links":{"self":[{"href":"https:\/\/gpl-love.com\/es\/wp-json\/wp\/v2\/product\/121901","targetHints":{"allow":["GET"]}}],"collection":[{"href":"https:\/\/gpl-love.com\/es\/wp-json\/wp\/v2\/product"}],"about":[{"href":"https:\/\/gpl-love.com\/es\/wp-json\/wp\/v2\/types\/product"}],"replies":[{"embeddable":true,"href":"https:\/\/gpl-love.com\/es\/wp-json\/wp\/v2\/comments?post=121901"}],"wp:featuredmedia":[{"embeddable":true,"href":"https:\/\/gpl-love.com\/es\/wp-json\/wp\/v2\/media\/168656"}],"wp:attachment":[{"href":"https:\/\/gpl-love.com\/es\/wp-json\/wp\/v2\/media?parent=121901"}],"wp:term":[{"taxonomy":"product_brand","embeddable":true,"href":"https:\/\/gpl-love.com\/es\/wp-json\/wp\/v2\/product_brand?post=121901"},{"taxonomy":"product_cat","embeddable":true,"href":"https:\/\/gpl-love.com\/es\/wp-json\/wp\/v2\/product_cat?post=121901"},{"taxonomy":"product_tag","embeddable":true,"href":"https:\/\/gpl-love.com\/es\/wp-json\/wp\/v2\/product_tag?post=121901"}],"curies":[{"name":"wp","href":"https:\/\/api.w.org\/{rel}","templated":true}]}}