{"id":121899,"date":"2024-02-26T00:00:00","date_gmt":"2024-02-26T05:00:00","guid":{"rendered":"https:\/\/gpl-love.com\/es\/producto\/yith-product-countdown-premium\/"},"modified":"2026-03-13T17:34:48","modified_gmt":"2026-03-13T22:34:48","slug":"yith-product-countdown-premium","status":"publish","type":"product","link":"https:\/\/gpl-love.com\/es\/producto\/yith-product-countdown-premium\/","title":{"rendered":"YITH Product Countdown Premium 1.37.0"},"content":{"rendered":"<h3>YITH Product Countdown Premium Caracteristicas<\/h3>\n<p>La prima de cuenta regresiva de productos es una herramienta notablemente poderosa que sirve para permitirle establecer un sentido de urgencia elevado en relaci\u00f3n con las ofertas de sus productos. Al emplear este complemento extraordinario, se le otorga la capacidad de establecer sin esfuerzo temporizadores de cuenta regresiva para sus productos, enfatizando as\u00ed efectivamente la cantidad limitada de tiempo restante para una venta o evento. Esta caracter\u00edstica particular demuestra ser extremadamente ventajosa en t\u00e9rminos de aumentar las conversiones y reforzar las ventas, ya que cultiva efectivamente una percepci\u00f3n de la escasez, lo que finalmente obliga a los clientes a tomar medidas de inmediato antes de que la oportunidad se escape. Adem\u00e1s, vale la pena se\u00f1alar que los procesos de instalaci\u00f3n y personalizaci\u00f3n asociados con este complemento son sencillos y complacientes, ya que la interfaz de usuario exhibe una simplicidad inherente que lo hace f\u00e1cilmente accesible para las personas de todos los niveles de habilidad. Para resumir, sin duda, la prima de cuenta regresiva de productos es un recurso indispensable para cualquier persona que busque optimizar su potencial de ventas y generar un mayor sentido de urgencia frente a sus ofertas de productos.<\/p>\n<ul>\n<li>Yith Product Countdown Premium es un complemento poderoso que le ayuda a crear ofertas y promociones emocionantes en su tienda en l\u00ednea<\/li>\n<li>Con este complemento, puede crear f\u00e1cilmente temporizadores de cuenta regresiva para sus productos, lo que crear\u00e1 una sensaci\u00f3n de urgencia y alentar\u00e1 a sus clientes a hacer una compra.<\/li>\n<li>El complemento ofrece varios estilos de temporizador y opciones de personalizaci\u00f3n, lo que le permite crear un temporizador que coincida con la marca y el estilo de su tienda<\/li>\n<li>Puede optar por mostrar el temporizador en productos espec\u00edficos o en toda su tienda, dependiendo de sus necesidades y objetivos.<\/li>\n<li>Su prima de cuenta regresiva de productos tambi\u00e9n ofrece la capacidad de programar el temporizador, por lo que puede configurarlo para que aparezca solo durante ciertos tiempos o en fechas espec\u00edficas<\/li>\n<li>El complemento es f\u00e1cil de instalar y configurar, incluso si no tiene ning\u00fan conocimiento o experiencia de codificaci\u00f3n<\/li>\n<li>Su cuenta de la cuenta regresiva del producto es totalmente receptivo, asegurando que sus temporizadores se vean muy bien en todos los tama\u00f1os y dispositivos de pantalla<\/li>\n<li>El complemento es compatible con todos los principales temas y complementos de WordPress, asegurando que funcione a la perfecci\u00f3n con su configuraci\u00f3n existente<\/li>\n<li>Su prima de cuenta regresiva de productos viene con atenci\u00f3n al cliente dedicada y actualizaciones peri\u00f3dicas para garantizar que su tienda siempre se mantenga actualizada y segura.<\/li>\n<\/ul>\n","protected":false},"excerpt":{"rendered":"<p>Su prima de cuenta regresiva de productos, una soluci\u00f3n robusta para comerciantes de comercio electr\u00f3nico con el objetivo de aumentar las ventas e inculcar una sensaci\u00f3n de urgencia en los clientes, surge como un complemento de WordPress indispensable. Al integrar temporizadores de cuenta regresiva en sus p\u00e1ginas de productos, este complemento informa efectivamente a los compradores potenciales de la inminente expiraci\u00f3n de ofertas exclusivas. Poseciendo una gran cantidad de estilos de temporizador personalizables, mensajes y fechas de inicio y finalizaci\u00f3n, puede fabricar sin esfuerzo campa\u00f1as cautivadoras centradas en la urgencia que producen tasas de conversi\u00f3n incomparables y maximizar la generaci\u00f3n de ingresos. Ya sea que busque extender un descuento de tiempo limitado o respalde la introducci\u00f3n de un producto novedoso, su prima de cuenta regresiva de productos se presenta como la herramienta por excelencia, ejerciendo una influencia motivadora e incitando a los clientes a completar r\u00e1pidamente sus compras.<\/p>\n","protected":false},"featured_media":168652,"comment_status":"open","ping_status":"open","template":"","meta":[],"product_brand":[2391],"product_cat":[1207,1225,1206],"product_tag":[1462],"class_list":{"0":"post-121899","1":"product","2":"type-product","3":"status-publish","4":"has-post-thumbnail","6":"product_brand-yith","7":"product_cat-comercio-electronico-plugins","8":"product_cat-marketing","9":"product_cat-plugins","10":"product_tag-yith","11":"member-discount","12":"discount-restricted","14":"first","15":"instock","16":"sale","17":"downloadable","18":"virtual","19":"sold-individually","20":"purchasable","21":"product-type-simple"},"_links":{"self":[{"href":"https:\/\/gpl-love.com\/es\/wp-json\/wp\/v2\/product\/121899","targetHints":{"allow":["GET"]}}],"collection":[{"href":"https:\/\/gpl-love.com\/es\/wp-json\/wp\/v2\/product"}],"about":[{"href":"https:\/\/gpl-love.com\/es\/wp-json\/wp\/v2\/types\/product"}],"replies":[{"embeddable":true,"href":"https:\/\/gpl-love.com\/es\/wp-json\/wp\/v2\/comments?post=121899"}],"wp:featuredmedia":[{"embeddable":true,"href":"https:\/\/gpl-love.com\/es\/wp-json\/wp\/v2\/media\/168652"}],"wp:attachment":[{"href":"https:\/\/gpl-love.com\/es\/wp-json\/wp\/v2\/media?parent=121899"}],"wp:term":[{"taxonomy":"product_brand","embeddable":true,"href":"https:\/\/gpl-love.com\/es\/wp-json\/wp\/v2\/product_brand?post=121899"},{"taxonomy":"product_cat","embeddable":true,"href":"https:\/\/gpl-love.com\/es\/wp-json\/wp\/v2\/product_cat?post=121899"},{"taxonomy":"product_tag","embeddable":true,"href":"https:\/\/gpl-love.com\/es\/wp-json\/wp\/v2\/product_tag?post=121899"}],"curies":[{"name":"wp","href":"https:\/\/api.w.org\/{rel}","templated":true}]}}