{"id":121897,"date":"2025-07-30T00:00:00","date_gmt":"2025-07-30T05:00:00","guid":{"rendered":"https:\/\/gpl-love.com\/es\/producto\/yith-product-bundles-premium\/"},"modified":"2026-03-13T17:34:47","modified_gmt":"2026-03-13T22:34:47","slug":"yith-product-bundles-premium","status":"publish","type":"product","link":"https:\/\/gpl-love.com\/es\/producto\/yith-product-bundles-premium\/","title":{"rendered":"YITH Product Bundles Premium 2.18.0"},"content":{"rendered":"<h3>YITH Product Bundles Premium Caracteristicas<\/h3>\n<p>Su Product Bundles Premium, un complemento excepcionalmente robusto, le otorga la capacidad de dise\u00f1ar paquetes de productos a medida dentro de su tienda WooCommerce. Al fusionar productos y presentarlos a una tasa reducida, aumenta efectivamente las ventas y los ingresos. Adem\u00e1s, puede establecer regulaciones para sus paquetes, abarcar los requisitos previos para cantidades m\u00ednimas o m\u00e1ximas, medidas fijas o basadas en porcentaje, y una variedad de otras especificaciones. Adem\u00e1s, la interfaz f\u00e1cil de usar del complemento simplifica la creaci\u00f3n y administraci\u00f3n de paquetes en su tienda. Eleve sus ventas y cultive un encuentro de compras mejorado para su estimada clientela adquiriendo la estimada prima de Bundles Product.<\/p>\n<ul>\n<li>Cree paquetes de productos personalizables para su tienda en l\u00ednea<\/li>\n<li>Ofrecer descuentos para la compra de productos agrupados<\/li>\n<li>Configure los paquetes de productos r\u00e1pida y f\u00e1cilmente con una interfaz f\u00e1cil de usar<\/li>\n<li>Las opciones de paquete personalizables permiten a los clientes elegir sus productos y cantidades preferidos<\/li>\n<li>Se pueden crear paquetes con productos existentes o productos nuevos y exclusivos<\/li>\n<li>Ofrecer uno o m\u00e1s paquetes con diferentes combinaciones de productos, precios y opciones de descuento<\/li>\n<li>Capacidad para establecer precios y descuentos de paquetes seg\u00fan la cantidad o el porcentaje<\/li>\n<li>Compatible con plataformas populares de comercio electr\u00f3nico como WooCommerce, WordPress y Shopify<\/li>\n<li>Ver informes de ventas e ingresos para cada paquete de productos para rastrear el rendimiento<\/li>\n<li>Aumente las ventas y la satisfacci\u00f3n del cliente con paquetes de productos \u00fanicos y atractivos.<\/li>\n<\/ul>\n","protected":false},"excerpt":{"rendered":"<p>Su Product Bundles Premium representa el ep\u00edtome de una soluci\u00f3n cuando se trata de generar paquetes de productos personalizados en su plataforma de comercio electr\u00f3nico. La potencia inherente de este complemento radica en su capacidad para fusionar productos diversos en un solo paquete integral, que luego se puede ofrecer a los clientes a un precio sustancialmente reducido. Adem\u00e1s, la interfaz notablemente f\u00e1cil de usar de este complemento asegura que el proceso de creaci\u00f3n y administraci\u00f3n de estos paquetes est\u00e9 sin esfuerzo. Adem\u00e1s, el complemento tambi\u00e9n cuenta con una variedad de opciones de personalizaci\u00f3n incorporadas, lo que le permite adaptar sus ofertas para satisfacer las demandas y preferencias \u00fanicas de su clientela. Independientemente de si se especializa en la venta de mercanc\u00edas tangibles o intangibles, sus productos premium de productos son los medios ideales por el cual vigorizar sus cifras de ventas y proporcionar a sus clientes una experiencia de compra que se caracteriza por una costosa y conveniencia inigualables.<\/p>\n","protected":false},"featured_media":168651,"comment_status":"open","ping_status":"open","template":"","meta":[],"product_brand":[2391],"product_cat":[1208,1207,1206],"product_tag":[1462],"class_list":{"0":"post-121897","1":"product","2":"type-product","3":"status-publish","4":"has-post-thumbnail","6":"product_brand-yith","7":"product_cat-administracion","8":"product_cat-comercio-electronico-plugins","9":"product_cat-plugins","10":"product_tag-yith","11":"member-discount","12":"discount-restricted","14":"first","15":"instock","16":"sale","17":"downloadable","18":"virtual","19":"sold-individually","20":"purchasable","21":"product-type-simple"},"_links":{"self":[{"href":"https:\/\/gpl-love.com\/es\/wp-json\/wp\/v2\/product\/121897","targetHints":{"allow":["GET"]}}],"collection":[{"href":"https:\/\/gpl-love.com\/es\/wp-json\/wp\/v2\/product"}],"about":[{"href":"https:\/\/gpl-love.com\/es\/wp-json\/wp\/v2\/types\/product"}],"replies":[{"embeddable":true,"href":"https:\/\/gpl-love.com\/es\/wp-json\/wp\/v2\/comments?post=121897"}],"wp:featuredmedia":[{"embeddable":true,"href":"https:\/\/gpl-love.com\/es\/wp-json\/wp\/v2\/media\/168651"}],"wp:attachment":[{"href":"https:\/\/gpl-love.com\/es\/wp-json\/wp\/v2\/media?parent=121897"}],"wp:term":[{"taxonomy":"product_brand","embeddable":true,"href":"https:\/\/gpl-love.com\/es\/wp-json\/wp\/v2\/product_brand?post=121897"},{"taxonomy":"product_cat","embeddable":true,"href":"https:\/\/gpl-love.com\/es\/wp-json\/wp\/v2\/product_cat?post=121897"},{"taxonomy":"product_tag","embeddable":true,"href":"https:\/\/gpl-love.com\/es\/wp-json\/wp\/v2\/product_tag?post=121897"}],"curies":[{"name":"wp","href":"https:\/\/api.w.org\/{rel}","templated":true}]}}