{"id":121895,"date":"2025-08-15T00:00:00","date_gmt":"2025-08-15T05:00:00","guid":{"rendered":"https:\/\/gpl-love.com\/es\/producto\/yith-product-add-ons-premium\/"},"modified":"2026-03-13T17:34:47","modified_gmt":"2026-03-13T22:34:47","slug":"yith-product-add-ons-premium","status":"publish","type":"product","link":"https:\/\/gpl-love.com\/es\/producto\/yith-product-add-ons-premium\/","title":{"rendered":"YITH Product Addons Premium 4.26.0"},"content":{"rendered":"<h3>YITH Product Addons Premium Caracteristicas<\/h3>\n<p>Su complemento de productos del producto Premium es un complemento de WordPress excepcionalmente robusto que se ha hecho meticulosamente con el objetivo de mejorar la funcionalidad general de su estimada tienda en l\u00ednea. Logra esto dotando a sus clientes apreciados con la notable capacidad de personalizar sin problemas sus compras con una amplia gama de opciones tentadoras. En virtud de este complemento impresionante, puede otorgar sin esfuerzo a su clientela exigente el poder de incorporar sin esfuerzo elementos visuales, textuales y auditivos en sus productos. Eso no es todo; Esta notable joya tambi\u00e9n le permite establecer h\u00e1bilmente reglas condicionales que restringen o amplifiquen h\u00e1bilmente las opciones disponibles. Adem\u00e1s, le otorga el poder de configurar h\u00e1bilmente las opciones globales y espec\u00edficas del producto, adornando sus p\u00e1ginas de productos con campos adicionales que exudan una sensaci\u00f3n de sofisticaci\u00f3n y elegancia. La cereza en la parte superior es que esta magn\u00edfica pieza de software le ofrece una impresionante variedad de opciones de visualizaci\u00f3n, incluidas, entre otros, los gustos de la radio, las casillas de verificaci\u00f3n y los men\u00fas desplegables. Es muy claro incluso las mentes m\u00e1s exigentes de que sus complementos de productos Premium son imprescindibles para todos los proveedores de establecimientos minoristas en l\u00ednea que anhelan seleccionar una experiencia de compra personalizada incomparable para su estimada clientela. Los m\u00faltiples beneficios de esta herramienta extraordinaria son de gran alcance, con la capacidad de reforzar sustancialmente las conversiones y mejorar extremadamente la satisfacci\u00f3n del cliente es simplemente la punta del iceberg.<\/p>\n<ul>\n<li>Opciones de producto personalizables y complementos<\/li>\n<li>Instalaci\u00f3n y configuraci\u00f3n f\u00e1ciles<\/li>\n<li>Opci\u00f3n de cargar extra por ciertos complementos<\/li>\n<li>Capacidad para establecer l\u00edmites en ciertas opciones (por ejemplo, solo permita 2 opciones de envoltura de regalos)<\/li>\n<li>Soporte para m\u00faltiples tipos de productos (simple, variable, etc.)<\/li>\n<li>Opci\u00f3n para mostrar complementos como una pesta\u00f1a separada en la p\u00e1gina del producto<\/li>\n<li>Compatible con suscripciones y pagos recurrentes de WooCommerce<\/li>\n<li>Opci\u00f3n para ofrecer m\u00faltiples opciones de precios para cada complemento (por ejemplo, diferentes precios para diferentes cantidades)<\/li>\n<li>Capacidad para establecer valores m\u00ednimos y m\u00e1ximos para opciones num\u00e9ricas (por ejemplo, cantidad m\u00ednima de orden)<\/li>\n<li>Interfaz f\u00e1cil de usar para administrar y editar opciones<\/li>\n<\/ul>\n","protected":false},"excerpt":{"rendered":"<p>Su complemento de productos Premium demuestra ser una herramienta incre\u00edblemente formidable, ya que permite a los usuarios la capacidad de fabricar alternativas complementarias para sus productos de WooCommerce. A trav\u00e9s de la utilizaci\u00f3n de este complemento ingenioso, uno puede agregar sin esfuerzo campos personalizados a sus productos al tiempo que otorga a los clientes la oportunidad de participar en el proceso de compra, lo que les permite tomar decisiones adaptadas a sus preferencias individuales. Ya sea que uno opte por construir campos de texto, casillas de verificaci\u00f3n, botones de radio o incluso profundizar en el \u00e1mbito de las opciones m\u00e1s complejas, este complemento demuestra su versatilidad al permitir a los usuarios asignar puntos de precio espec\u00edficos a cada alternativa. En consecuencia, su complemento de productos Premium sirve como un activo excepcional para las empresas que ofrecen una amplia gama de posibilidades de personalizaci\u00f3n del producto o para personas que tienen como objetivo aumentar sus flujos de ingresos en l\u00ednea. \u00a1No dude en embarcarse en su viaje con su complemento de productos Premium hoy y brinde a su clientela la libertad de seleccionar su mejor selecci\u00f3n de productos!<\/p>\n","protected":false},"featured_media":168650,"comment_status":"open","ping_status":"open","template":"","meta":[],"product_brand":[2391],"product_cat":[1207,1248,1206],"product_tag":[1462],"class_list":{"0":"post-121895","1":"product","2":"type-product","3":"status-publish","4":"has-post-thumbnail","6":"product_brand-yith","7":"product_cat-comercio-electronico-plugins","8":"product_cat-personalizacion-comercio-electronico-plugins","9":"product_cat-plugins","10":"product_tag-yith","11":"member-discount","12":"discount-restricted","14":"first","15":"instock","16":"sale","17":"downloadable","18":"virtual","19":"sold-individually","20":"purchasable","21":"product-type-simple"},"_links":{"self":[{"href":"https:\/\/gpl-love.com\/es\/wp-json\/wp\/v2\/product\/121895","targetHints":{"allow":["GET"]}}],"collection":[{"href":"https:\/\/gpl-love.com\/es\/wp-json\/wp\/v2\/product"}],"about":[{"href":"https:\/\/gpl-love.com\/es\/wp-json\/wp\/v2\/types\/product"}],"replies":[{"embeddable":true,"href":"https:\/\/gpl-love.com\/es\/wp-json\/wp\/v2\/comments?post=121895"}],"wp:featuredmedia":[{"embeddable":true,"href":"https:\/\/gpl-love.com\/es\/wp-json\/wp\/v2\/media\/168650"}],"wp:attachment":[{"href":"https:\/\/gpl-love.com\/es\/wp-json\/wp\/v2\/media?parent=121895"}],"wp:term":[{"taxonomy":"product_brand","embeddable":true,"href":"https:\/\/gpl-love.com\/es\/wp-json\/wp\/v2\/product_brand?post=121895"},{"taxonomy":"product_cat","embeddable":true,"href":"https:\/\/gpl-love.com\/es\/wp-json\/wp\/v2\/product_cat?post=121895"},{"taxonomy":"product_tag","embeddable":true,"href":"https:\/\/gpl-love.com\/es\/wp-json\/wp\/v2\/product_tag?post=121895"}],"curies":[{"name":"wp","href":"https:\/\/api.w.org\/{rel}","templated":true}]}}