{"id":121893,"date":"2024-03-23T00:00:00","date_gmt":"2024-03-23T05:00:00","guid":{"rendered":"https:\/\/gpl-love.com\/es\/producto\/yith-popup-premium\/"},"modified":"2026-03-13T17:34:45","modified_gmt":"2026-03-13T22:34:45","slug":"yith-popup-premium","status":"publish","type":"product","link":"https:\/\/gpl-love.com\/es\/producto\/yith-popup-premium\/","title":{"rendered":"YITH Popup Premium 1.37.0"},"content":{"rendered":"<h3>YITH Popup Premium Caracteristicas<\/h3>\n<p>Su prima emergente cuenta con una impresionante variedad de caracter\u00edsticas y funcionalidades avanzadas, lo que le hace un complemento extremadamente vers\u00e1til que otorga a los usuarios la capacidad de crear ventanas emergentes altamente personalizables destinadas a promover productos, asegurar suscripciones al bolet\u00edn y difundir otra informaci\u00f3n importante. Este complemento ofrece una amplia gama de opciones de personalizaci\u00f3n, especialmente la capacidad de seleccionar entre una multitud de plantillas emergentes, manipular el tama\u00f1o y el posicionamiento de la ventana emergente, e incluso programar el momento preciso en el que la ventana emergente se manifestar\u00e1. Al aprovechar el poder de su primera ventana emergente, los usuarios pueden dise\u00f1ar ventanas emergentes sin esfuerzo que posean una capacidad inherente para cautivar y hipnotizar a su p\u00fablico objetivo, lo que posteriormente resulta en tasas de conversi\u00f3n aumentadas y niveles de participaci\u00f3n significativamente aumentados en sus respectivos sitios web. Independientemente de si uno se identifica como un propietario de la tienda de comercio electr\u00f3nico que busca reforzar las ventas o un blogger dedicado que anhela cultivar una lista de correo electr\u00f3nico robusta, su prima emergente, sin duda, sigue siendo una herramienta potente e indispensable que es m\u00e1s que capaz de propulsar efectivamente a las personas hacia el alcance de su objetivos deseados.<\/p>\n<ul>\n<li>Yith PopUp Premium es una herramienta poderosa para crear ventanas emergentes personalizables y receptivas en su sitio web<\/li>\n<li>Aumente las tasas de conversi\u00f3n de su sitio web mediante el uso de ventanas emergentes para resaltar ofertas, promociones, boletines y m\u00e1s<\/li>\n<li>Elija entre una variedad de opciones emergentes, que incluyen ventanas emergentes cronometradas, ventanas emergentes de intenci\u00f3n de salida y m\u00e1s<\/li>\n<li>Personalice el dise\u00f1o de sus ventanas emergentes con un editor de arrastrar y soltar f\u00e1cilmente con usuarios, lo que le permite que coincida con la marca y el estilo de su sitio web<\/li>\n<li>Control cu\u00e1ndo y d\u00f3nde aparecen sus ventanas emergentes con opciones de orientaci\u00f3n avanzada, incluida la orientaci\u00f3n a nivel de p\u00e1gina y la orientaci\u00f3n de comportamiento del usuario<\/li>\n<li>Rastree el rendimiento de sus ventanas emergentes con an\u00e1lisis incorporados, incluidas las tasas de conversi\u00f3n, las impresiones y las tasas de clics<\/li>\n<li>Se integra a la perfecci\u00f3n con los populares servicios de marketing por correo electr\u00f3nico como MailChimp y Constant Contact<\/li>\n<li>F\u00e1cil de instalar y usar, sin requerido conocimiento de codificaci\u00f3n<\/li>\n<li>Las actualizaciones regulares y el servicio de atenci\u00f3n al cliente aseguran una experiencia sin problemas y mantengan sus ventanas emergentes actualizadas con las \u00faltimas tendencias web y las mejores pr\u00e1cticas<\/li>\n<\/ul>\n","protected":false},"excerpt":{"rendered":"<p>Yith PopUp Premium, una herramienta de marketing incre\u00edblemente innovadora, est\u00e1 espec\u00edficamente dise\u00f1ada para ayudar a las empresas a mejorar significativamente sus ventas y conversiones a trav\u00e9s de la utilizaci\u00f3n de ventanas emergentes altamente efectivas. Este complemento notablemente poderoso facilita la entrega espec\u00edfica de mensajes personalizados a su audiencia prevista, cautivando su atenci\u00f3n con dise\u00f1os visualmente impresionantes y motiv\u00e1ndolos a participar y responder activamente. Independientemente de si su objetivo implica la promoci\u00f3n de una oferta especial, la adquisici\u00f3n de clientes potenciales o el aumento del intercambio social, y la prima emergente cuenta con una amplia gama de caracter\u00edsticas personalizables que se puede adaptar perfectamente a alinearse con sus requisitos \u00fanicos. Adem\u00e1s, el proceso de implementaci\u00f3n es incre\u00edblemente simple y directo, y las capacidades de integraci\u00f3n con estimados servicios de marketing por correo electr\u00f3nico, como MailChimp, enriquecen a\u00fan m\u00e1s su capacidad para monitorear y evaluar meticulosamente sus resultados de rendimiento. \u00a1No dude en elevar y revolucionar su estrategia de marketing con la destreza inigualable de su prima emergente hoy!<\/p>\n","protected":false},"featured_media":168648,"comment_status":"open","ping_status":"open","template":"","meta":[],"product_brand":[2391],"product_cat":[1207,1225,1206],"product_tag":[1462],"class_list":{"0":"post-121893","1":"product","2":"type-product","3":"status-publish","4":"has-post-thumbnail","6":"product_brand-yith","7":"product_cat-comercio-electronico-plugins","8":"product_cat-marketing","9":"product_cat-plugins","10":"product_tag-yith","11":"member-discount","12":"discount-restricted","14":"first","15":"instock","16":"sale","17":"downloadable","18":"virtual","19":"sold-individually","20":"purchasable","21":"product-type-simple"},"_links":{"self":[{"href":"https:\/\/gpl-love.com\/es\/wp-json\/wp\/v2\/product\/121893","targetHints":{"allow":["GET"]}}],"collection":[{"href":"https:\/\/gpl-love.com\/es\/wp-json\/wp\/v2\/product"}],"about":[{"href":"https:\/\/gpl-love.com\/es\/wp-json\/wp\/v2\/types\/product"}],"replies":[{"embeddable":true,"href":"https:\/\/gpl-love.com\/es\/wp-json\/wp\/v2\/comments?post=121893"}],"wp:featuredmedia":[{"embeddable":true,"href":"https:\/\/gpl-love.com\/es\/wp-json\/wp\/v2\/media\/168648"}],"wp:attachment":[{"href":"https:\/\/gpl-love.com\/es\/wp-json\/wp\/v2\/media?parent=121893"}],"wp:term":[{"taxonomy":"product_brand","embeddable":true,"href":"https:\/\/gpl-love.com\/es\/wp-json\/wp\/v2\/product_brand?post=121893"},{"taxonomy":"product_cat","embeddable":true,"href":"https:\/\/gpl-love.com\/es\/wp-json\/wp\/v2\/product_cat?post=121893"},{"taxonomy":"product_tag","embeddable":true,"href":"https:\/\/gpl-love.com\/es\/wp-json\/wp\/v2\/product_tag?post=121893"}],"curies":[{"name":"wp","href":"https:\/\/api.w.org\/{rel}","templated":true}]}}