{"id":121891,"date":"2025-08-12T00:00:00","date_gmt":"2025-08-12T05:00:00","guid":{"rendered":"https:\/\/gpl-love.com\/es\/producto\/yith-points-y-rewards-premium\/"},"modified":"2026-03-13T17:34:44","modified_gmt":"2026-03-13T22:34:44","slug":"yith-points-y-rewards-premium","status":"publish","type":"product","link":"https:\/\/gpl-love.com\/es\/producto\/yith-points-y-rewards-premium\/","title":{"rendered":"YITH Points y Rewards Premium 4.19.0"},"content":{"rendered":"<h3>YITH Points y Rewards Premium Caracteristicas<\/h3>\n<p>Su Points and Rewards Premium es un complemento incre\u00edblemente robusto y potente que otorga la capacidad de los propietarios de tiendas en l\u00ednea para establecer y ejecutar un programa de lealtad extremadamente eficiente y efectivo para sus estimados patrocinadores. Al emplear este complemento notable, los clientes pueden adquirir puntos para sus adquisiciones, utilizando estos puntos para obtener descuentos en futuras compras o incluso adquirir mercanc\u00edas de forma gratuita. El complemento en s\u00ed presenta una amplia gama de opciones de recompensa vers\u00e1tiles, que abarca descuentos fijos o basados \u200b\u200ben porcentaje, la adquisici\u00f3n de productos complementarios e incluso la provisi\u00f3n de env\u00edo gratuito, lo que permite la creaci\u00f3n y personalizaci\u00f3n de un programa de lealtad. a los requisitos espec\u00edficos y \u00fanicos de su esfuerzo comercial. Adem\u00e1s, su prima de puntos y recompensas se mejora a\u00fan m\u00e1s mediante la inclusi\u00f3n de un tablero extraordinario e integral, que sirve como una herramienta invaluable, que sirve para monitorear y rastrear las actividades de su estimada clientela, administrar y supervisar la distribuci\u00f3n de recompensas y, en \u00faltima instancia. y eval\u00fae el rendimiento general y la eficacia de su programa de lealtad. En esencia, este complemento excepcional es indiscutiblemente un recurso notable e invaluable para las empresas que buscan aumentar y amplificar la retenci\u00f3n y las ventas de los clientes al proporcionar y entregar una experiencia de compra incomparable e inmensamente gratificante a sus estimados patrocinadores.<\/p>\n<ul>\n<li>Le permite recompensar a los clientes con puntos por diversas acciones, como registrarse en su sitio, realizar compras, dejar revisiones y m\u00e1s<\/li>\n<li>Los clientes pueden canjear sus puntos acumulados por descuentos, productos gratuitos u otras recompensas que elija<\/li>\n<li>Proporciona un sistema de puntos personalizable que puede adaptar a las necesidades y objetivos de su negocio<\/li>\n<li>Ofrece m\u00faltiples formas de mostrar y promover puntos y recompensas en su sitio, incluidos widgets, c\u00f3digos cortos y ventanas emergentes<\/li>\n<li>Se integra a la perfecci\u00f3n con WooCommerce, la popular plataforma de comercio electr\u00f3nico, y admite m\u00faltiples idiomas y monedas<\/li>\n<li>Proporciona informes detallados y an\u00e1lisis de datos para rastrear el rendimiento de su programa de puntos y recompensas y tomar decisiones informadas<\/li>\n<li>Ofrece un excelente servicio al cliente, documentaci\u00f3n y foros comunitarios para ayudarlo a aprovechar al m\u00e1ximo el complemento.<\/li>\n<\/ul>\n","protected":false},"excerpt":{"rendered":"<p>Su Points and Rewards Premium es un complemento absolutamente esencial para cualquier tienda en l\u00ednea que busque fomentar y promover la lealtad del cliente, asegurando as\u00ed la sostenibilidad y el crecimiento de sus negocios. Al aprovechar el poder de este complemento notable, establecer\u00e1 sin esfuerzo un sistema integral de puntos y recompensas que sirve como un poderoso catalizador para que los clientes vuelvan a visitar y patrocinar\u00e1n constantemente su estimada tienda. La belleza de este complemento radica en su capacidad de otorgar a los clientes la oportunidad de acumular puntos valiosos a trav\u00e9s de diversos medios, como realizar compras, proporcionar revisiones perspicaces de productos o simplemente crear una cuenta dentro de su dominio en l\u00ednea venerado. Posteriormente, estos puntos acumulados se pueden intercambiar por una variedad de recompensas atractivas que incluyen, entre otros, descuentos exclusivos, codiciadas tarjetas de regalo y una variedad de otros incentivos atractivos. Adem\u00e1s, la personalizaci\u00f3n incomparable de este complemento le permite adaptar meticulosamente las recompensas y la tasa de conversi\u00f3n puntual para alinearse sin problemas con los requisitos y aspiraciones \u00fanicos de su estimado establecimiento. Al confiar sus esfuerzos de construcci\u00f3n de fidelidad en las manos capaces de sus puntos y premium, puede transformar de manera efectiva y eficiente a los clientes transitorios en patrocinadores dedicados y firmes que adornan repetidamente su puerta digital, fomentando una relaci\u00f3n simbi\u00f3tica duradera que produzca su negocio hacia las alturas sin precedentes sin precedentes. de \u00e9xito y prosperidad.<\/p>\n","protected":false},"featured_media":168647,"comment_status":"open","ping_status":"open","template":"","meta":[],"product_brand":[2391],"product_cat":[1207,1225,1206],"product_tag":[1462],"class_list":{"0":"post-121891","1":"product","2":"type-product","3":"status-publish","4":"has-post-thumbnail","6":"product_brand-yith","7":"product_cat-comercio-electronico-plugins","8":"product_cat-marketing","9":"product_cat-plugins","10":"product_tag-yith","11":"member-discount","12":"discount-restricted","14":"first","15":"instock","16":"sale","17":"downloadable","18":"virtual","19":"sold-individually","20":"purchasable","21":"product-type-simple"},"_links":{"self":[{"href":"https:\/\/gpl-love.com\/es\/wp-json\/wp\/v2\/product\/121891","targetHints":{"allow":["GET"]}}],"collection":[{"href":"https:\/\/gpl-love.com\/es\/wp-json\/wp\/v2\/product"}],"about":[{"href":"https:\/\/gpl-love.com\/es\/wp-json\/wp\/v2\/types\/product"}],"replies":[{"embeddable":true,"href":"https:\/\/gpl-love.com\/es\/wp-json\/wp\/v2\/comments?post=121891"}],"wp:featuredmedia":[{"embeddable":true,"href":"https:\/\/gpl-love.com\/es\/wp-json\/wp\/v2\/media\/168647"}],"wp:attachment":[{"href":"https:\/\/gpl-love.com\/es\/wp-json\/wp\/v2\/media?parent=121891"}],"wp:term":[{"taxonomy":"product_brand","embeddable":true,"href":"https:\/\/gpl-love.com\/es\/wp-json\/wp\/v2\/product_brand?post=121891"},{"taxonomy":"product_cat","embeddable":true,"href":"https:\/\/gpl-love.com\/es\/wp-json\/wp\/v2\/product_cat?post=121891"},{"taxonomy":"product_tag","embeddable":true,"href":"https:\/\/gpl-love.com\/es\/wp-json\/wp\/v2\/product_tag?post=121891"}],"curies":[{"name":"wp","href":"https:\/\/api.w.org\/{rel}","templated":true}]}}