{"id":121889,"date":"2021-04-15T00:00:00","date_gmt":"2021-04-15T05:00:00","guid":{"rendered":"https:\/\/gpl-love.com\/es\/producto\/yith-pending-order-survey-premium\/"},"modified":"2026-03-13T17:34:42","modified_gmt":"2026-03-13T22:34:42","slug":"yith-pending-order-survey-premium","status":"publish","type":"product","link":"https:\/\/gpl-love.com\/es\/producto\/yith-pending-order-survey-premium\/","title":{"rendered":"YITH Pending Order Survey Premium 1.0.25"},"content":{"rendered":"<h3>YITH Pending Order Survey Premium Caracteristicas<\/h3>\n<p>Su encuesta de pedidos pendiente Premium, una soluci\u00f3n innovadora dirigida a los propietarios de tiendas en l\u00ednea, ofrece un medio para profundizar en las razones detr\u00e1s de los clientes que abandonan sus carritos de compras. Armado con este complemento, ahora puede elaborar encuestas que sean totalmente personalizables, brind\u00e1ndole una oportunidad \u00fanica para obtener informaci\u00f3n valiosa sobre las mentes de aquellos que han abandonado sus carros, lo que arroja luz sobre las razones detr\u00e1s de su falta de compra. Al plantear preguntas espec\u00edficas, puede discernir lo que faltaba en su experiencia de compra, ya sea disponibilidad de productos, precios o cualquier otro factor que finalmente los impulsara a abandonar su carrito. Armado con esta invaluable informaci\u00f3n, puede proceder a rectificar cualquier deficiencia dentro de su tienda en l\u00ednea, abordando as\u00ed las preocupaciones de los clientes de frente y ofreciendo una experiencia de compra mejorada. La facilidad de instalaci\u00f3n y el uso de m\u00e1s cementos con la prima de la encuesta de pedidos pendientes como una herramienta indispensable para cualquier negocio de comercio electr\u00f3nico que busque reforzar sus tasas de conversi\u00f3n.<\/p>\n<ul>\n<li>Enviar autom\u00e1ticamente encuestas a los clientes que tienen pedidos pendientes<\/li>\n<li>Personalizar las preguntas de la encuesta y el mensaje de correo electr\u00f3nico<\/li>\n<li>Obtenga informaci\u00f3n sobre las preferencias y opiniones del cliente<\/li>\n<li>Aumentar el compromiso y mejorar la satisfacci\u00f3n del cliente<\/li>\n<li>F\u00e1cil de instalar y usar<\/li>\n<li>Compatible con WooCommerce<\/li>\n<li>La versi\u00f3n premium incluye caracter\u00edsticas avanzadas, como encuestas de programaci\u00f3n y receptores de filtrado en funci\u00f3n del estado del pedido.<\/li>\n<\/ul>\n","protected":false},"excerpt":{"rendered":"<p>Su Premio de la encuesta de pedidos pendientes, una herramienta excepcional y robusta dise\u00f1ada exclusivamente para propietarios de la tienda de WooCommerce, posee la capacidad de acumular sin esfuerzo comentarios de los clientes relacionados con los pedidos pendientes. La brillantez incomparable de este complemento radica en su capacidad para crear y enviar encuestas personalizadas a aquellos clientes estimados que actualmente poseen pedidos pendientes, lo que desbloquea profundas ideas sobre la intrincada din\u00e1mica que contribuyen al fen\u00f3meno de las compras incompletas. En consecuencia, el tesoro de datos aprovechados a trav\u00e9s de este mecanismo distintivo puede aprovecharse posteriormente para mejorar y optimizar la experiencia hol\u00edstica del cliente, que finalmente culmin\u00f3 en un aumento sustancial de ventas.<\/p>\n","protected":false},"featured_media":168645,"comment_status":"open","ping_status":"open","template":"","meta":[],"product_brand":[2391],"product_cat":[1208,1207,1206],"product_tag":[1462],"class_list":{"0":"post-121889","1":"product","2":"type-product","3":"status-publish","4":"has-post-thumbnail","6":"product_brand-yith","7":"product_cat-administracion","8":"product_cat-comercio-electronico-plugins","9":"product_cat-plugins","10":"product_tag-yith","11":"member-discount","12":"discount-restricted","14":"first","15":"instock","16":"sale","17":"downloadable","18":"virtual","19":"sold-individually","20":"purchasable","21":"product-type-simple"},"_links":{"self":[{"href":"https:\/\/gpl-love.com\/es\/wp-json\/wp\/v2\/product\/121889","targetHints":{"allow":["GET"]}}],"collection":[{"href":"https:\/\/gpl-love.com\/es\/wp-json\/wp\/v2\/product"}],"about":[{"href":"https:\/\/gpl-love.com\/es\/wp-json\/wp\/v2\/types\/product"}],"replies":[{"embeddable":true,"href":"https:\/\/gpl-love.com\/es\/wp-json\/wp\/v2\/comments?post=121889"}],"wp:featuredmedia":[{"embeddable":true,"href":"https:\/\/gpl-love.com\/es\/wp-json\/wp\/v2\/media\/168645"}],"wp:attachment":[{"href":"https:\/\/gpl-love.com\/es\/wp-json\/wp\/v2\/media?parent=121889"}],"wp:term":[{"taxonomy":"product_brand","embeddable":true,"href":"https:\/\/gpl-love.com\/es\/wp-json\/wp\/v2\/product_brand?post=121889"},{"taxonomy":"product_cat","embeddable":true,"href":"https:\/\/gpl-love.com\/es\/wp-json\/wp\/v2\/product_cat?post=121889"},{"taxonomy":"product_tag","embeddable":true,"href":"https:\/\/gpl-love.com\/es\/wp-json\/wp\/v2\/product_tag?post=121889"}],"curies":[{"name":"wp","href":"https:\/\/api.w.org\/{rel}","templated":true}]}}