{"id":121887,"date":"2025-08-31T00:00:00","date_gmt":"2025-08-31T05:00:00","guid":{"rendered":"https:\/\/gpl-love.com\/es\/producto\/yith-pdf-invoice-y-shipping-list-premium\/"},"modified":"2026-03-13T17:34:41","modified_gmt":"2026-03-13T22:34:41","slug":"yith-pdf-invoice-y-shipping-list-premium","status":"publish","type":"product","link":"https:\/\/gpl-love.com\/es\/producto\/yith-pdf-invoice-y-shipping-list-premium\/","title":{"rendered":"YITH PDF Invoice y Shipping List Premium 4.32.0"},"content":{"rendered":"<h3>YITH PDF Invoice y Shipping List Premium Caracteristicas<\/h3>\n<p>La factura PDF y la lista de la lista de env\u00edos es un complemento altamente avanzado especialmente dise\u00f1ado para las tiendas de WooCommerce. Su funci\u00f3n principal es facilitar la generaci\u00f3n de facturas profesionales y listas de env\u00edo en formato PDF. Este incre\u00edble complemento cuenta con una interfaz notablemente f\u00e1cil de usar que permite a los usuarios personalizar y adaptar completamente sus facturas y listas de env\u00edo para satisfacer sus necesidades y preferencias espec\u00edficas. Al implementar su factura PDF y la lista de env\u00edos, los propietarios de tiendas pueden automatizar efectivamente la tarea que de otro modo llevar\u00eda mucho tiempo de generar facturas y listas de env\u00edo para cada pedido, lo que lleva a un ahorro de tiempo significativo y un aumento general en la eficiencia operativa. Adem\u00e1s, el complemento ofrece a los usuarios la capacidad de incorporar sin problemas el logotipo de su empresa, los campos personalizados y la informaci\u00f3n fiscal en sus facturas, garantizando un aire de profesionalismo y garantizar el cumplimiento de los requisitos legales. Adem\u00e1s, su compatibilidad con una amplia gama de idiomas y monedas lo convierte en una opci\u00f3n excepcionalmente adecuada para las empresas que operan en numerosas regiones. En conclusi\u00f3n, la lista de la factura de PDF y la lista de env\u00edos, indudablemente, se destaca como un complemento indispensable para los propietarios de tiendas en l\u00ednea que tienen la intenci\u00f3n de optimizar sus procesos de facturaci\u00f3n y env\u00edo, todo mientras ofrece una experiencia genuinamente profesional y cautivadora a sus estimados clientes.<\/p>\n<ul>\n<li>Genere facturas profesionales de PDF y listas de env\u00edo para su tienda de comercio electr\u00f3nico<\/li>\n<li>Dise\u00f1o totalmente personalizable con un editor de arrastrar y soltar<\/li>\n<li>Env\u00ede autom\u00e1ticamente las facturas y las listas de env\u00edo a los clientes por correo electr\u00f3nico o adjunte las con su pedido de confirmaci\u00f3n<\/li>\n<li>Elija entre varias plantillas para adaptarse a la est\u00e9tica de su marca<\/li>\n<li>Incluir informaci\u00f3n importante como detalles del pedido, impuestos y costos de env\u00edo<\/li>\n<li>Realice un seguimiento de las facturas y listas de env\u00edo en un archivo dedicado<\/li>\n<li>Genere autom\u00e1ticamente facturas para pedidos recurrentes<\/li>\n<li>Soporte multiling\u00fce para clientes internacionales<\/li>\n<li>Integraci\u00f3n f\u00e1cil con plataformas populares de comercio electr\u00f3nico que incluyen WooCommerce y Shopify<\/li>\n<li>Mejore la confianza y la satisfacci\u00f3n del cliente proporcionando facturas y listas de env\u00edo claras y profesionales.<\/li>\n<\/ul>\n","protected":false},"excerpt":{"rendered":"<p>La factura de PDF y la lista de la lista de env\u00edos es un complemento excepcionalmente robusto y efectivo que ayuda a la generaci\u00f3n perfecta de facturas y listas de env\u00edos altamente pulidas y profesionales. Su interfaz notablemente f\u00e1cil de usar, junto con su amplia gama de opciones personalizables, le brinda la capacidad sin esfuerzo para producir y enviar facturas en PDF y listas de env\u00edo directamente desde su propio sitio web. Esta versi\u00f3n premium verdaderamente excepcional mejora a\u00fan m\u00e1s su proceso de facturaci\u00f3n al introducir una variedad de caracter\u00edsticas adicionales, como el seguimiento de env\u00edo autom\u00e1tico, la numeraci\u00f3n de facturas personalizada y una amplia selecci\u00f3n de plantillas personalizables. Al aprovechar las notables capacidades de la factura de PDF y la lista de la lista de env\u00edos, est\u00e1 facultado para optimizar su gesti\u00f3n del tiempo y optimizar enormemente sus operaciones comerciales.<\/p>\n","protected":false},"featured_media":168644,"comment_status":"open","ping_status":"open","template":"","meta":[],"product_brand":[2391],"product_cat":[1208,1207,1206],"product_tag":[1462],"class_list":{"0":"post-121887","1":"product","2":"type-product","3":"status-publish","4":"has-post-thumbnail","6":"product_brand-yith","7":"product_cat-administracion","8":"product_cat-comercio-electronico-plugins","9":"product_cat-plugins","10":"product_tag-yith","11":"member-discount","12":"discount-restricted","14":"first","15":"instock","16":"sale","17":"downloadable","18":"virtual","19":"sold-individually","20":"purchasable","21":"product-type-simple"},"_links":{"self":[{"href":"https:\/\/gpl-love.com\/es\/wp-json\/wp\/v2\/product\/121887","targetHints":{"allow":["GET"]}}],"collection":[{"href":"https:\/\/gpl-love.com\/es\/wp-json\/wp\/v2\/product"}],"about":[{"href":"https:\/\/gpl-love.com\/es\/wp-json\/wp\/v2\/types\/product"}],"replies":[{"embeddable":true,"href":"https:\/\/gpl-love.com\/es\/wp-json\/wp\/v2\/comments?post=121887"}],"wp:featuredmedia":[{"embeddable":true,"href":"https:\/\/gpl-love.com\/es\/wp-json\/wp\/v2\/media\/168644"}],"wp:attachment":[{"href":"https:\/\/gpl-love.com\/es\/wp-json\/wp\/v2\/media?parent=121887"}],"wp:term":[{"taxonomy":"product_brand","embeddable":true,"href":"https:\/\/gpl-love.com\/es\/wp-json\/wp\/v2\/product_brand?post=121887"},{"taxonomy":"product_cat","embeddable":true,"href":"https:\/\/gpl-love.com\/es\/wp-json\/wp\/v2\/product_cat?post=121887"},{"taxonomy":"product_tag","embeddable":true,"href":"https:\/\/gpl-love.com\/es\/wp-json\/wp\/v2\/product_tag?post=121887"}],"curies":[{"name":"wp","href":"https:\/\/api.w.org\/{rel}","templated":true}]}}