{"id":121885,"date":"2021-02-09T00:00:00","date_gmt":"2021-02-09T05:00:00","guid":{"rendered":"https:\/\/gpl-love.com\/es\/producto\/yith-paypal-adaptive-payments-para-woocommerce-premium\/"},"modified":"2026-03-13T17:34:39","modified_gmt":"2026-03-13T22:34:39","slug":"yith-paypal-adaptive-payments-para-woocommerce-premium","status":"publish","type":"product","link":"https:\/\/gpl-love.com\/es\/producto\/yith-paypal-adaptive-payments-para-woocommerce-premium\/","title":{"rendered":"YITH Paypal Adaptive Payments para WooCommerce Premium 1.0.22"},"content":{"rendered":"<h3>YITH Paypal Adaptive Payments para WooCommerce Premium Caracteristicas<\/h3>\n<p>Los pagos adaptativos de PayPal para WooCommerce Premium son una soluci\u00f3n de pago innovadora y sofisticada que ha sido dise\u00f1ada espec\u00edficamente para las empresas en l\u00ednea. Este complemento cuenta con una amplia gama de caracter\u00edsticas avanzadas, lo que permite a las empresas proporcionar a sus clientes un sistema de pago altamente flexible al aprovechar el poder de los pagos adaptativos de PayPal. Una de las caracter\u00edsticas destacadas de este complemento es su capacidad para dividir sin esfuerzo los pagos entre m\u00faltiples destinatarios, como vendedores, afiliados y proveedores. Esto no solo garantiza que todos reciban sus respectivas acciones, sino que tambi\u00e9n simplifica la gesti\u00f3n de las comisiones. Adem\u00e1s, este complemento permite la creaci\u00f3n de estructuras de pago intrincadas, incluidos los pagos paralelos y encadenados, lo que mejora a\u00fan m\u00e1s su versatilidad. Al utilizar los pagos adaptativos de PayPal para WooCommerce Premium, las empresas pueden disfrutar de una multitud de beneficios, como el seguimiento de pagos en tiempo real, el desembolso de pagos automatizado y el soporte para varias pasarelas de pago. En \u00faltima instancia, este complemento sirve como una soluci\u00f3n integral y simplificada para las empresas que buscan optimizar sus operaciones de procesamiento de pagos.<\/p>\n<ul>\n<li>Integra sin problemas los pagos adaptativos de PayPal en su tienda en l\u00ednea de WooCommerce<\/li>\n<li>Le permite dividir los pagos entre m\u00faltiples proveedores y compradores<\/li>\n<li>Admite pagos paralelos y encadenados y le permite personalizar el flujo de pago<\/li>\n<li>Proporciona una interfaz f\u00e1cil e intuitiva para administrar pagos y transacciones<\/li>\n<li>Garantiza transacciones seguras y confiables a trav\u00e9s de la s\u00f3lida plataforma de pagos adaptativos de PayPal<\/li>\n<li>Perfecto para tiendas de estilo mercado o aquellos con m\u00faltiples proveedores que venden productos<\/li>\n<li>Ofrece una versi\u00f3n premium con caracter\u00edsticas adicionales como Advanced Commission Management y el lanzamiento de pago autom\u00e1tico.<\/li>\n<\/ul>\n","protected":false},"excerpt":{"rendered":"<p>Yith PayPal Adaptive Payments, un complemento premium excepcional adaptado exclusivamente para WooCommerce, permite la divisi\u00f3n de pagos sin esfuerzo y sin esfuerzo entre numerosos vendedores. Con su funcionalidad avanzada, este complemento asigna autom\u00e1ticamente el pago al destinatario principal, siendo el propietario de la tienda y el destinatario secundario, quien es el proveedor o vendedor, al tiempo que incorpora la comisi\u00f3n necesaria ordenada por el mercado. Adopte un procedimiento de pago conveniente y sin problemas con los excepcionales pagos adaptativos de PayPal.<\/p>\n","protected":false},"featured_media":168641,"comment_status":"open","ping_status":"open","template":"","meta":[],"product_brand":[2391],"product_cat":[1207,1426,1206],"product_tag":[1462],"class_list":{"0":"post-121885","1":"product","2":"type-product","3":"status-publish","4":"has-post-thumbnail","6":"product_brand-yith","7":"product_cat-comercio-electronico-plugins","8":"product_cat-pago-comercio-electronico-plugins","9":"product_cat-plugins","10":"product_tag-yith","11":"member-discount","12":"discount-restricted","14":"first","15":"instock","16":"sale","17":"downloadable","18":"virtual","19":"sold-individually","20":"purchasable","21":"product-type-simple"},"_links":{"self":[{"href":"https:\/\/gpl-love.com\/es\/wp-json\/wp\/v2\/product\/121885","targetHints":{"allow":["GET"]}}],"collection":[{"href":"https:\/\/gpl-love.com\/es\/wp-json\/wp\/v2\/product"}],"about":[{"href":"https:\/\/gpl-love.com\/es\/wp-json\/wp\/v2\/types\/product"}],"replies":[{"embeddable":true,"href":"https:\/\/gpl-love.com\/es\/wp-json\/wp\/v2\/comments?post=121885"}],"wp:featuredmedia":[{"embeddable":true,"href":"https:\/\/gpl-love.com\/es\/wp-json\/wp\/v2\/media\/168641"}],"wp:attachment":[{"href":"https:\/\/gpl-love.com\/es\/wp-json\/wp\/v2\/media?parent=121885"}],"wp:term":[{"taxonomy":"product_brand","embeddable":true,"href":"https:\/\/gpl-love.com\/es\/wp-json\/wp\/v2\/product_brand?post=121885"},{"taxonomy":"product_cat","embeddable":true,"href":"https:\/\/gpl-love.com\/es\/wp-json\/wp\/v2\/product_cat?post=121885"},{"taxonomy":"product_tag","embeddable":true,"href":"https:\/\/gpl-love.com\/es\/wp-json\/wp\/v2\/product_tag?post=121885"}],"curies":[{"name":"wp","href":"https:\/\/api.w.org\/{rel}","templated":true}]}}