{"id":121883,"date":"2024-03-23T00:00:00","date_gmt":"2024-03-23T05:00:00","guid":{"rendered":"https:\/\/gpl-love.com\/es\/producto\/yith-payment-method-restrictions-para-woocommerce-premium\/"},"modified":"2026-03-13T17:34:38","modified_gmt":"2026-03-13T22:34:38","slug":"yith-payment-method-restrictions-para-woocommerce-premium","status":"publish","type":"product","link":"https:\/\/gpl-love.com\/es\/producto\/yith-payment-method-restrictions-para-woocommerce-premium\/","title":{"rendered":"YITH Payment Method Restrictions para WooCommerce Premium 1.32.0"},"content":{"rendered":"<h3>YITH Payment Method Restrictions para WooCommerce Premium Caracteristicas<\/h3>\n<p>Las restricciones del m\u00e9todo de pago para WooCommerce Premium es un complemento inmensamente poderoso que ha sido meticulosamente dise\u00f1ado para ayudar a los propietarios de tiendas en l\u00ednea a controlar y limitar de manera efectiva los m\u00e9todos de pago disponibles para sus estimados clientes. La funcionalidad incomparable de este complemento radica en su capacidad para otorgar a los propietarios de tiendas una interfaz navegable sin esfuerzo que les otorga la libertad a configurar y establecer sin esfuerzo un conjunto integral de reglas y condiciones que determinan meticulosamente a qu\u00e9 m\u00e9todos de pago se pueden acceder y utilizar por sus valiosos clientes. . Con la ayuda de las restricciones del m\u00e9todo de pago para WooCommerce Premium, los propietarios de tiendas est\u00e1n dotados de la maravillosa capacidad de restringir los m\u00e9todos de pago basados \u200b\u200ben una gran cantidad de factores que incluyen, pero ciertamente no se limitan a los roles de los clientes, varios m\u00e9todos de env\u00edo, diversas categor\u00edas de productos, y una extensa variedad de otras condiciones que se consideran necesarias. Es de suma importancia reconocer el hecho de que este complemento innovador ofrece a los clientes una experiencia de compra impecable y perfecta que se caracteriza por la exhibici\u00f3n de exclusivamente aquellos m\u00e9todos de pago que se consideran accesibles y permitidos, seg\u00fan el conjunto meticuloso y ideados de condiciones que han sido implementados por los propietarios de las tiendas. Por lo tanto, es un imperativo absoluto para cualquier propietario de la tienda en l\u00ednea que aspira a proporcionar a sus estimados clientes una experiencia de compra completamente personalizada para adquirir e integrar debidamente las restricciones de m\u00e9todo de pago indispensable para WooCommerce Premium en sus estimadas tiendas en l\u00ednea.<\/p>\n<ul>\n<li>Permite a los propietarios de sitios web restringir los m\u00e9todos de pago para ciertos productos o categor\u00edas<\/li>\n<li>Proporciona la capacidad de restringir los m\u00e9todos de pago basados \u200b\u200ben roles de usuario, pa\u00edses espec\u00edficos o m\u00e9todos de env\u00edo<\/li>\n<li>Ayuda a prevenir la actividad fraudulenta y los pagos no autorizados<\/li>\n<li>Se pueden mostrar mensajes de error personalizables a los clientes que intentan usar un m\u00e9todo de pago restringido<\/li>\n<li>Admite todas las bajas de pago principales y extensiones de WooCommerce<\/li>\n<li>No se requieren habilidades t\u00e9cnicas o de codificaci\u00f3n para configurar y usar<\/li>\n<li>Actualizado y compatible regularmente por el equipo de desarrollo<\/li>\n<li>Una versi\u00f3n premium con caracter\u00edsticas y soporte adicionales est\u00e1 disponible.<\/li>\n<\/ul>\n","protected":false},"excerpt":{"rendered":"<p>Las restricciones del m\u00e9todo de pago para WooCommerce Premium es un complemento excepcional que cuenta con la capacidad de restringir los m\u00e9todos de pago que est\u00e1n disponibles para sus estimados clientes durante todo el proceso de pago. Al aprovechar las caracter\u00edsticas excepcionales ofrecidas por este complemento, tendr\u00e1 la capacidad incomparable para establecer reglas integrales enraizadas en varios factores, como roles de usuario, productos, carros subtotales y una gran cantidad de otros aspectos fundamentales. Adem\u00e1s, este complemento tambi\u00e9n le brinda la notable oportunidad de personalizar los mensajes de error para los usuarios que, a pesar de sus mejores intenciones, intentan implementar m\u00e9todos de pago restringidos. No se puede pasar por alto el hecho de que este complemento en particular ha sido meticulosamente elaborado para ayudarlo a administrar h\u00e1bilmente las opciones de pago dentro de su tienda WooCommerce, facilitando as\u00ed un proceso de pago sin problemas y optimizado.<\/p>\n","protected":false},"featured_media":168640,"comment_status":"open","ping_status":"open","template":"","meta":[],"product_brand":[2391],"product_cat":[1207,1426,1206],"product_tag":[1462],"class_list":{"0":"post-121883","1":"product","2":"type-product","3":"status-publish","4":"has-post-thumbnail","6":"product_brand-yith","7":"product_cat-comercio-electronico-plugins","8":"product_cat-pago-comercio-electronico-plugins","9":"product_cat-plugins","10":"product_tag-yith","11":"member-discount","12":"discount-restricted","14":"first","15":"instock","16":"sale","17":"downloadable","18":"virtual","19":"sold-individually","20":"purchasable","21":"product-type-simple"},"_links":{"self":[{"href":"https:\/\/gpl-love.com\/es\/wp-json\/wp\/v2\/product\/121883","targetHints":{"allow":["GET"]}}],"collection":[{"href":"https:\/\/gpl-love.com\/es\/wp-json\/wp\/v2\/product"}],"about":[{"href":"https:\/\/gpl-love.com\/es\/wp-json\/wp\/v2\/types\/product"}],"replies":[{"embeddable":true,"href":"https:\/\/gpl-love.com\/es\/wp-json\/wp\/v2\/comments?post=121883"}],"wp:featuredmedia":[{"embeddable":true,"href":"https:\/\/gpl-love.com\/es\/wp-json\/wp\/v2\/media\/168640"}],"wp:attachment":[{"href":"https:\/\/gpl-love.com\/es\/wp-json\/wp\/v2\/media?parent=121883"}],"wp:term":[{"taxonomy":"product_brand","embeddable":true,"href":"https:\/\/gpl-love.com\/es\/wp-json\/wp\/v2\/product_brand?post=121883"},{"taxonomy":"product_cat","embeddable":true,"href":"https:\/\/gpl-love.com\/es\/wp-json\/wp\/v2\/product_cat?post=121883"},{"taxonomy":"product_tag","embeddable":true,"href":"https:\/\/gpl-love.com\/es\/wp-json\/wp\/v2\/product_tag?post=121883"}],"curies":[{"name":"wp","href":"https:\/\/api.w.org\/{rel}","templated":true}]}}