{"id":121881,"date":"2025-08-08T00:00:00","date_gmt":"2025-08-08T05:00:00","guid":{"rendered":"https:\/\/gpl-love.com\/es\/producto\/yith-order-tracking-premium\/"},"modified":"2026-03-13T17:34:37","modified_gmt":"2026-03-13T22:34:37","slug":"yith-order-tracking-premium","status":"publish","type":"product","link":"https:\/\/gpl-love.com\/es\/producto\/yith-order-tracking-premium\/","title":{"rendered":"YITH Order Tracking Premium 2.39.0"},"content":{"rendered":"<h3>YITH Order Tracking Premium Caracteristicas<\/h3>\n<p>La prima de seguimiento de pedidos es una herramienta incre\u00edblemente robusta y altamente efectiva que otorga a los clientes la capacidad de monitorear sin esfuerzo y sin problemas el estado actualizado de sus pedidos. Este notable software le capacita a las p\u00e1ginas de seguimiento hechas a medida que se alinean sin problemas con la identidad de su marca, al tiempo que proporciona a los clientes la m\u00e1xima precisi\u00f3n y precisi\u00f3n con respecto al estado actual de su pedido. Adem\u00e1s, cuenta con una extensa gama de opciones de seguimiento, incluida la provisi\u00f3n de notificaciones por correo electr\u00f3nico, as\u00ed como actualizaciones de SMS, asegurando as\u00ed que los clientes permanezcan perpetuamente informados y bien informados. Una de las ventajas m\u00e1s notables de la Premio de seguimiento de pedidos es su sorprendente facilidad de uso e integraci\u00f3n perfecta con pr\u00e1cticamente todas las plataformas de comercio electr\u00f3nico, dot\u00e1ndolo as\u00ed con una cualidad indispensable que lo convierte en una herramienta absolutamente imperativa para cualquier empresa que se esfuerza por el negocio para brindar ejemplares. Servicio al Cliente.<\/p>\n<ul>\n<li>Proporciona un seguimiento en tiempo real de pedidos a los clientes<\/li>\n<li>Permite a los clientes rastrear m\u00faltiples pedidos a la vez<\/li>\n<li>Muestra fechas de entrega estimadas e informaci\u00f3n de seguimiento<\/li>\n<li>Funciona sin problemas con los principales portadores de env\u00edos como USPS, UPS, FedEx y DHL<\/li>\n<li>Opciones de personalizaci\u00f3n f\u00e1cil para el dise\u00f1o de la p\u00e1gina de seguimiento<\/li>\n<li>Compatible con las plataformas de WooCommerce y WordPress<\/li>\n<li>Actualizaciones autom\u00e1ticas de notificaci\u00f3n por correo electr\u00f3nico para los clientes en estado de pedido<\/li>\n<li>Opci\u00f3n para que los clientes se suscriban a notificaciones de SMS para las actualizaciones de pedidos<\/li>\n<li>Proporciona un historial de pedidos detallado e informaci\u00f3n de seguimiento a los propietarios\/administradores de las tiendas<\/li>\n<li>Interfaz f\u00e1cil de usar para una f\u00e1cil configuraci\u00f3n y administraci\u00f3n<\/li>\n<\/ul>\n","protected":false},"excerpt":{"rendered":"<p>El seguimiento de pedidos Premium es una herramienta incre\u00edblemente robusta y altamente eficiente que le ofrece la valiosa capacidad de vigilar sin esfuerzo y sin problemas en todos sus pedidos. Al incorporar este complemento excepcional en su sitio web, puede proporcionar sin esfuerzo a sus estimados clientes un sistema de seguimiento de pedidos extremadamente f\u00e1cil de usar y conveniente, eliminando efectivamente la necesidad de que pasen por el agotador proceso de ponerse en contacto con usted directamente . Adem\u00e1s, este complemento fenomenal le otorga el privilegio de aprovechar una amplia gama de caracter\u00edsticas muy ventajosas, que abarca, pero no se limita a la integraci\u00f3n perfecta con una mir\u00edada de operadores de env\u00edo altamente reputados y estimados, la capacidad excepcional de administrar meticulosamente y adeptivamente la Estado de cada pedido, as\u00ed como la capacidad invaluable para enviar notificaciones por correo electr\u00f3nico de manera r\u00e1pida y consistente a sus estimados clientes, manteni\u00e9ndolos sin esfuerzo actualizados durante cada paso del viaje de su pedido. En consecuencia, queda muy claro que este complemento premium representa una adici\u00f3n inequ\u00edvocamente sensacional a todas y cada una de las tiendas de comercio electr\u00f3nico que sea resuelto en su misi\u00f3n de proporcionar a sus clientes estimados de manera consistente un nivel de servicio al cliente realmente excepcional y de clase mundial que es simplemente insuperable.<\/p>\n","protected":false},"featured_media":168639,"comment_status":"open","ping_status":"open","template":"","meta":[],"product_brand":[2391],"product_cat":[1208,1207,1206],"product_tag":[1462],"class_list":{"0":"post-121881","1":"product","2":"type-product","3":"status-publish","4":"has-post-thumbnail","6":"product_brand-yith","7":"product_cat-administracion","8":"product_cat-comercio-electronico-plugins","9":"product_cat-plugins","10":"product_tag-yith","11":"member-discount","12":"discount-restricted","14":"first","15":"instock","16":"sale","17":"downloadable","18":"virtual","19":"sold-individually","20":"purchasable","21":"product-type-simple"},"_links":{"self":[{"href":"https:\/\/gpl-love.com\/es\/wp-json\/wp\/v2\/product\/121881","targetHints":{"allow":["GET"]}}],"collection":[{"href":"https:\/\/gpl-love.com\/es\/wp-json\/wp\/v2\/product"}],"about":[{"href":"https:\/\/gpl-love.com\/es\/wp-json\/wp\/v2\/types\/product"}],"replies":[{"embeddable":true,"href":"https:\/\/gpl-love.com\/es\/wp-json\/wp\/v2\/comments?post=121881"}],"wp:featuredmedia":[{"embeddable":true,"href":"https:\/\/gpl-love.com\/es\/wp-json\/wp\/v2\/media\/168639"}],"wp:attachment":[{"href":"https:\/\/gpl-love.com\/es\/wp-json\/wp\/v2\/media?parent=121881"}],"wp:term":[{"taxonomy":"product_brand","embeddable":true,"href":"https:\/\/gpl-love.com\/es\/wp-json\/wp\/v2\/product_brand?post=121881"},{"taxonomy":"product_cat","embeddable":true,"href":"https:\/\/gpl-love.com\/es\/wp-json\/wp\/v2\/product_cat?post=121881"},{"taxonomy":"product_tag","embeddable":true,"href":"https:\/\/gpl-love.com\/es\/wp-json\/wp\/v2\/product_tag?post=121881"}],"curies":[{"name":"wp","href":"https:\/\/api.w.org\/{rel}","templated":true}]}}