{"id":121879,"date":"2024-02-27T00:00:00","date_gmt":"2024-02-27T05:00:00","guid":{"rendered":"https:\/\/gpl-love.com\/es\/producto\/yith-one-click-checkout-premium\/"},"modified":"2026-03-13T17:34:37","modified_gmt":"2026-03-13T22:34:37","slug":"yith-one-click-checkout-premium","status":"publish","type":"product","link":"https:\/\/gpl-love.com\/es\/producto\/yith-one-click-checkout-premium\/","title":{"rendered":"YITH One Click Checkout Premium 1.34.0"},"content":{"rendered":"<h3>YITH One Click Checkout Premium Caracteristicas<\/h3>\n<p>Su primer clic, Premium es un producto notablemente innovador y revolucionario meticulosamente elaborado para mejorar y facilitar la experiencia de compra en l\u00ednea. Este software incomparable permite a los usuarios finalizar sin esfuerzo y r\u00e1pidamente sus compras, todas con el mero clic de un bot\u00f3n. Atr\u00e1s quedaron los arduos d\u00edas de completar laboriosamente formularios intrincados y extensos, as\u00ed como navegar tediosamente a trav\u00e9s de m\u00faltiples pasos antes de completar con \u00e9xito una transacci\u00f3n. Este producto excepcional e indispensable sirve como una soluci\u00f3n impecable para las empresas que anhelan aumentar sus ventas y mejorar la satisfacci\u00f3n de sus estimados clientes. Adem\u00e1s, la usabilidad sin esfuerzo y la integraci\u00f3n perfecta de la prima de pago de un clic con una gran mayor\u00eda de las plataformas de comercio electr\u00f3nico lo convierten en un activo invaluable para cualquier negocio en l\u00ednea que se esfuerce por optimizar y refinar su proceso de pago.<\/p>\n<ul>\n<li>Compruebe y compre productos instant\u00e1neamente con solo un clic<\/li>\n<li>Simplifica y acelera el proceso de pago para los clientes<\/li>\n<li>Reduce las tasas de abandono del carrito y aumenta las tasas de conversi\u00f3n<\/li>\n<li>Pretrate autom\u00e1ticamente la informaci\u00f3n del cliente para un proceso de pago m\u00e1s r\u00e1pido<\/li>\n<li>Proporciona una experiencia de pago perfecta para los clientes en dispositivos de escritorio y m\u00f3viles<\/li>\n<li>Ofrece opciones de personalizaci\u00f3n para la apariencia y la funcionalidad del bot\u00f3n de pago de un solo clic<\/li>\n<li>Se integra con varias pasarelas de pago como PayPal y Stripe<\/li>\n<li>Compatible con las principales plataformas de comercio electr\u00f3nico que incluyen WooCommerce<\/li>\n<li>Ofrece la opci\u00f3n de que los clientes guarden su informaci\u00f3n de facturaci\u00f3n y env\u00edo para experiencias de pago futuras a\u00fan m\u00e1s r\u00e1pidas<\/li>\n<li>Proporciona an\u00e1lisis e informes detallados sobre compras con un solo clic y tasas de conversi\u00f3n.<\/li>\n<\/ul>\n","protected":false},"excerpt":{"rendered":"<p>Su primer clic, Premium, un complemento avanzado y de vanguardia, est\u00e1 espec\u00edficamente dise\u00f1ado para racionalizar y acelerar el procedimiento de pago en su tienda en l\u00ednea. Al implementar un solo clic, sus estimados clientes pueden finalizar sin esfuerzo sus compras, lo que hace que todo el proceso sea significativamente m\u00e1s expedito y sin problemas. Este notable complemento, con una gran cantidad de caracter\u00edsticas personalizables e integr\u00e1ndose perfectamente con su marco existente, sirve como una herramienta indispensable para todos los minoristas en l\u00ednea, mitigando efectivamente las instancias de abandono del carro y reforzando simult\u00e1neamente las tasas de conversi\u00f3n. Sum\u00e9rjase en la soluci\u00f3n definitiva para mejorar y impulsar su empresa de comercio electr\u00f3nico con una prima de pago de un clic.<\/p>\n","protected":false},"featured_media":168638,"comment_status":"open","ping_status":"open","template":"","meta":[],"product_brand":[2391],"product_cat":[1207,1248,1206],"product_tag":[1462],"class_list":{"0":"post-121879","1":"product","2":"type-product","3":"status-publish","4":"has-post-thumbnail","6":"product_brand-yith","7":"product_cat-comercio-electronico-plugins","8":"product_cat-personalizacion-comercio-electronico-plugins","9":"product_cat-plugins","10":"product_tag-yith","11":"member-discount","12":"discount-restricted","14":"first","15":"instock","16":"sale","17":"downloadable","18":"virtual","19":"sold-individually","20":"purchasable","21":"product-type-simple"},"_links":{"self":[{"href":"https:\/\/gpl-love.com\/es\/wp-json\/wp\/v2\/product\/121879","targetHints":{"allow":["GET"]}}],"collection":[{"href":"https:\/\/gpl-love.com\/es\/wp-json\/wp\/v2\/product"}],"about":[{"href":"https:\/\/gpl-love.com\/es\/wp-json\/wp\/v2\/types\/product"}],"replies":[{"embeddable":true,"href":"https:\/\/gpl-love.com\/es\/wp-json\/wp\/v2\/comments?post=121879"}],"wp:featuredmedia":[{"embeddable":true,"href":"https:\/\/gpl-love.com\/es\/wp-json\/wp\/v2\/media\/168638"}],"wp:attachment":[{"href":"https:\/\/gpl-love.com\/es\/wp-json\/wp\/v2\/media?parent=121879"}],"wp:term":[{"taxonomy":"product_brand","embeddable":true,"href":"https:\/\/gpl-love.com\/es\/wp-json\/wp\/v2\/product_brand?post=121879"},{"taxonomy":"product_cat","embeddable":true,"href":"https:\/\/gpl-love.com\/es\/wp-json\/wp\/v2\/product_cat?post=121879"},{"taxonomy":"product_tag","embeddable":true,"href":"https:\/\/gpl-love.com\/es\/wp-json\/wp\/v2\/product_tag?post=121879"}],"curies":[{"name":"wp","href":"https:\/\/api.w.org\/{rel}","templated":true}]}}