{"id":121877,"date":"2026-04-16T00:00:00","date_gmt":"2026-04-16T05:00:00","guid":{"rendered":"https:\/\/gpl-love.com\/es\/producto\/yith-name-your-price-premium\/"},"modified":"2026-04-16T17:17:11","modified_gmt":"2026-04-16T22:17:11","slug":"yith-name-your-price-premium","status":"publish","type":"product","link":"https:\/\/gpl-love.com\/es\/producto\/yith-name-your-price-premium\/","title":{"rendered":"YITH Name your Price Premium 1.53.0"},"content":{"rendered":"<h3>YITH Name your Price Premium Caracteristicas<\/h3>\n<p>Su nombre, su Precio Premium es una soluci\u00f3n de software de vanguardia que presenta una oportunidad sin precedentes para que los usuarios ejerceran autonom\u00eda sobre el precio de los productos y servicios. Esta herramienta altamente influyente faculta a las empresas en l\u00ednea para explotar la flexibilidad inherente de las estrategias de precios e interactuar activamente con su estimada clientela, otorg\u00e1ndoles el privilegio de determinar sus propios montos de pago aceptables para un producto o servicio determinado. Su nombre, su Precio Premium est\u00e1 meticulosamente elaborada con una interfaz de usuario intuitiva, facilitando la utilizaci\u00f3n perfecta para clientes y vendedores por igual. Este software excepcional acomoda gentilmente varios m\u00e9todos de pago, que abarca las gustas de PayPal y las tarjetas de cr\u00e9dito, al tiempo que se integra armoniosamente con las reconocidas plataformas de comercio electr\u00f3nico como WooCommerce. En virtud de su capacidad incomparable para reforzar las cifras de ventas y provocar niveles de satisfacci\u00f3n del cliente aumentados, su nombre su precio es inequ\u00edvocamente surgir como un activo por excelencia para cualquier negocio en l\u00ednea que aspira a optimizar las fuentes de ingresos y fomentar la participaci\u00f3n incomparable del cliente.<\/p>\n<ul>\n<li>Opciones de precios flexibles para clientes<\/li>\n<li>Interfaz f\u00e1cil de usar para que los clientes nombran su precio<\/li>\n<li>Capacidad para que los propietarios de tiendas establezcan precios m\u00ednimos y m\u00e1ximos<\/li>\n<li>Mensajes personalizables para los clientes en funci\u00f3n de su oferta<\/li>\n<li>Notificaciones para los propietarios de tiendas cuando se realiza una oferta<\/li>\n<li>Integraci\u00f3n con yith WooCommerce Multi-Vendor para precios de proveedores m\u00faltiples<\/li>\n<li>Compatible con pasarelas de pago populares<\/li>\n<li>Historial de ofertas detalladas tanto para el propietario de la tienda como para el cliente<\/li>\n<li>Opci\u00f3n para que los clientes establezcan una oferta recurrente<\/li>\n<li>Documentaci\u00f3n robusta y apoyo del equipo.<\/li>\n<\/ul>\n","protected":false},"excerpt":{"rendered":"<p>El nombre de su complemento Precio Premium, una herramienta poderosa dise\u00f1ada para mejorar la experiencia del cliente en su sitio web, otorga a los clientes la capacidad \u00fanica de proponer su propio precio deseado para los productos que desean adquirir. Al confiar a los clientes la autoridad para designar su precio, no solo puede reforzar las cifras de ventas, sino que tambi\u00e9n puede cultivar un mayor nivel de satisfacci\u00f3n entre su estimada clientela. Este complemento excepcional est\u00e1 equipado con una mir\u00edada de configuraciones personalizables, lo que le brinda la oportunidad de establecer tanto umbrales de precios m\u00ednimos como m\u00e1ximos sugeridos, as\u00ed como ajustar el n\u00famero permitido de sugerencias por cliente individual, entre otras opciones. Con la integraci\u00f3n de su nombre en su prima de precio, tiene la capacidad de forjar una experiencia de compra que sea inmersiva y adaptada a las preferencias individuales de sus estimados clientes.<\/p>\n","protected":false},"featured_media":168637,"comment_status":"open","ping_status":"open","template":"","meta":[],"product_brand":[2391],"product_cat":[1208,1207,1206],"product_tag":[1462],"class_list":{"0":"post-121877","1":"product","2":"type-product","3":"status-publish","4":"has-post-thumbnail","6":"product_brand-yith","7":"product_cat-administracion","8":"product_cat-comercio-electronico-plugins","9":"product_cat-plugins","10":"product_tag-yith","11":"member-discount","12":"discount-restricted","14":"first","15":"instock","16":"sale","17":"downloadable","18":"virtual","19":"sold-individually","20":"purchasable","21":"product-type-simple"},"_links":{"self":[{"href":"https:\/\/gpl-love.com\/es\/wp-json\/wp\/v2\/product\/121877","targetHints":{"allow":["GET"]}}],"collection":[{"href":"https:\/\/gpl-love.com\/es\/wp-json\/wp\/v2\/product"}],"about":[{"href":"https:\/\/gpl-love.com\/es\/wp-json\/wp\/v2\/types\/product"}],"replies":[{"embeddable":true,"href":"https:\/\/gpl-love.com\/es\/wp-json\/wp\/v2\/comments?post=121877"}],"wp:featuredmedia":[{"embeddable":true,"href":"https:\/\/gpl-love.com\/es\/wp-json\/wp\/v2\/media\/168637"}],"wp:attachment":[{"href":"https:\/\/gpl-love.com\/es\/wp-json\/wp\/v2\/media?parent=121877"}],"wp:term":[{"taxonomy":"product_brand","embeddable":true,"href":"https:\/\/gpl-love.com\/es\/wp-json\/wp\/v2\/product_brand?post=121877"},{"taxonomy":"product_cat","embeddable":true,"href":"https:\/\/gpl-love.com\/es\/wp-json\/wp\/v2\/product_cat?post=121877"},{"taxonomy":"product_tag","embeddable":true,"href":"https:\/\/gpl-love.com\/es\/wp-json\/wp\/v2\/product_tag?post=121877"}],"curies":[{"name":"wp","href":"https:\/\/api.w.org\/{rel}","templated":true}]}}