{"id":121875,"date":"2021-09-13T00:00:00","date_gmt":"2021-09-13T05:00:00","guid":{"rendered":"https:\/\/gpl-love.com\/es\/producto\/yith-multiple-shipping-addresses-para-woocommerce-premium\/"},"modified":"2026-03-13T17:34:35","modified_gmt":"2026-03-13T22:34:35","slug":"yith-multiple-shipping-addresses-para-woocommerce-premium","status":"publish","type":"product","link":"https:\/\/gpl-love.com\/es\/producto\/yith-multiple-shipping-addresses-para-woocommerce-premium\/","title":{"rendered":"YITH Multiple Shipping Addresses para WooCommerce Premium 1.2.1"},"content":{"rendered":"<h3>YITH Multiple Shipping Addresses para WooCommerce Premium Caracteristicas<\/h3>\n<p>Las direcciones de env\u00edo m\u00faltiples para WooCommerce Premium son una herramienta incre\u00edblemente robusta y altamente eficiente que permite a los clientes la capacidad de administrar competentemente m\u00faltiples direcciones de env\u00edo para sus pedidos. Este complemento notable garantiza que los clientes reciban la mayor comodidad y flexibilidad, ya que pueden agregar, editar y eliminar numerosas direcciones sin esfuerzo, lo que les permite seleccionar meticulosamente la opci\u00f3n de env\u00edo m\u00e1s \u00f3ptima para cada pedido individual. Adem\u00e1s, la instalaci\u00f3n y la utilizaci\u00f3n de este complemento son notablemente perfectas y f\u00e1ciles de usar, se integran sin problemas con la plataforma WooCommerce. Adem\u00e1s, este complemento excepcional presenta una amplia gama de opciones de personalizaci\u00f3n, brindando a los propietarios de tiendas la oportunidad de adaptar meticulosamente la experiencia de env\u00edo para alinearse con precisi\u00f3n con sus requisitos \u00fanicos y distintos. Independientemente de si uno posee una colosal tienda de comercio electr\u00f3nico o una modesta tienda en l\u00ednea, las direcciones de env\u00edo m\u00faltiples para WooCommerce Premium se destacan como una herramienta indispensable y vital para elevar significativamente los niveles de satisfacci\u00f3n del cliente y aumentar las cifras de ventas.<\/p>\n<ul>\n<li>Permite a los clientes enviar f\u00e1cilmente art\u00edculos a m\u00faltiples direcciones desde un solo pedido.<\/li>\n<li>Proporciona una experiencia de env\u00edo m\u00e1s flexible y personalizable para los clientes<\/li>\n<li>Ahorra tiempo a los clientes tiempo y molestia cuando se env\u00eda a m\u00faltiples ubicaciones<\/li>\n<li>Aumenta la satisfacci\u00f3n y la lealtad del cliente ofreciendo una caracter\u00edstica conveniente<\/li>\n<li>Simplifica el proceso de gesti\u00f3n de pedidos para los propietarios de tiendas<\/li>\n<li>Ayuda a los propietarios de las tiendas a aumentar las ventas al atender las necesidades de los clientes con m\u00faltiples direcciones de env\u00edo<\/li>\n<li>Ofrece m\u00faltiples opciones para tarifas de env\u00edo y m\u00e9todos para cada direcci\u00f3n.<\/li>\n<li>Compatible con las pasarelas de pago populares y las extensiones de WooCommerce<\/li>\n<li>F\u00e1cil de instalar y configurar con documentaci\u00f3n y soporte integrales<\/li>\n<li>Asegura actualizaciones y compatibilidad sin problemas con los nuevos lanzamientos de WooCommerce y WordPress.<\/li>\n<\/ul>\n","protected":false},"excerpt":{"rendered":"<p>Las direcciones de env\u00edo m\u00faltiples para el complemento WooCommerce Premium sirven como una soluci\u00f3n altamente eficiente para tiendas de comercio electr\u00f3nico que tienen como objetivo optimizar el proceso de pago al proporcionar varias opciones de env\u00edo. Al incorporar este complemento, a los clientes se les otorga la conveniencia de seleccionar y almacenar sin esfuerzo m\u00faltiples direcciones de env\u00edo durante la fase de pago, en \u00faltima instancia, acelerando el viaje de compra y optimizar el encuentro general de compras. Una caracter\u00edstica ingeniosa de esta herramienta radica en su integraci\u00f3n perfecta con WooCommerce, lo que permite a los propietarios de tiendas en l\u00ednea para presentar a su clientela una adaptabilidad elevada, amplificando as\u00ed tanto la satisfacci\u00f3n del cliente como la probabilidad de convertir las ventas.<\/p>\n","protected":false},"featured_media":168636,"comment_status":"open","ping_status":"open","template":"","meta":[],"product_brand":[2391],"product_cat":[1208,1207,1206],"product_tag":[1462],"class_list":{"0":"post-121875","1":"product","2":"type-product","3":"status-publish","4":"has-post-thumbnail","6":"product_brand-yith","7":"product_cat-administracion","8":"product_cat-comercio-electronico-plugins","9":"product_cat-plugins","10":"product_tag-yith","11":"member-discount","12":"discount-restricted","14":"first","15":"instock","16":"sale","17":"downloadable","18":"virtual","19":"sold-individually","20":"purchasable","21":"product-type-simple"},"_links":{"self":[{"href":"https:\/\/gpl-love.com\/es\/wp-json\/wp\/v2\/product\/121875","targetHints":{"allow":["GET"]}}],"collection":[{"href":"https:\/\/gpl-love.com\/es\/wp-json\/wp\/v2\/product"}],"about":[{"href":"https:\/\/gpl-love.com\/es\/wp-json\/wp\/v2\/types\/product"}],"replies":[{"embeddable":true,"href":"https:\/\/gpl-love.com\/es\/wp-json\/wp\/v2\/comments?post=121875"}],"wp:featuredmedia":[{"embeddable":true,"href":"https:\/\/gpl-love.com\/es\/wp-json\/wp\/v2\/media\/168636"}],"wp:attachment":[{"href":"https:\/\/gpl-love.com\/es\/wp-json\/wp\/v2\/media?parent=121875"}],"wp:term":[{"taxonomy":"product_brand","embeddable":true,"href":"https:\/\/gpl-love.com\/es\/wp-json\/wp\/v2\/product_brand?post=121875"},{"taxonomy":"product_cat","embeddable":true,"href":"https:\/\/gpl-love.com\/es\/wp-json\/wp\/v2\/product_cat?post=121875"},{"taxonomy":"product_tag","embeddable":true,"href":"https:\/\/gpl-love.com\/es\/wp-json\/wp\/v2\/product_tag?post=121875"}],"curies":[{"name":"wp","href":"https:\/\/api.w.org\/{rel}","templated":true}]}}