{"id":121873,"date":"2025-12-23T00:00:00","date_gmt":"2025-12-23T05:00:00","guid":{"rendered":"https:\/\/gpl-love.com\/es\/producto\/yith-multi-vendor-premium\/"},"modified":"2026-03-13T17:34:34","modified_gmt":"2026-03-13T22:34:34","slug":"yith-multi-vendor-premium","status":"publish","type":"product","link":"https:\/\/gpl-love.com\/es\/producto\/yith-multi-vendor-premium\/","title":{"rendered":"YITH Multi Vendor Premium 5.10.0"},"content":{"rendered":"<h3>YITH Multi Vendor Premium Caracteristicas<\/h3>\n<p>Su prima de proveedores m\u00faltiples, un complemento de WordPress altamente potente, presenta a los usuarios la capacidad incomparable para establecer y supervisar sin esfuerzo un mercado de m\u00faltiples proveedores. Su notable funcionalidad faculta a los proveedores para registrarse sin esfuerzo y gobernar su propia variedad de productos, mientras que el personal administrativo retiene el control total sobre todo el mercado, que abarca aspectos como pagos, comisiones y otros entornos. Al superar con mucho la mera mediocridad, su prima m\u00faltiple proveedor proporciona una extensa gama de atributos encomiables, que incluyen, entre otros, la capacidad de establecer y regular las tasas de env\u00edo espec\u00edficas del proveedor, administrar h\u00e1bilmente las revisiones de productos y una multitud de otras caracter\u00edsticas altamente ventajosas. Su naturaleza notablemente vers\u00e1til permite una amplia personalizaci\u00f3n, lo que permite el oficio de campos de registro personalizados y la creaci\u00f3n de varios tipos de proveedores. En resumen, su prima de m\u00faltiples proveedores se erige como una soluci\u00f3n supremamente que lo abarca todo, preparada para satisfacer las necesidades de las personas que anhelan actualizar un mercado pr\u00f3spero de m\u00faltiples vendedores.<\/p>\n<ul>\n<li>Crear un poderoso mercado de m\u00faltiples proveedores con facilidad<\/li>\n<li>Permita que m\u00faltiples proveedores vendan productos en su sitio.<\/li>\n<li>Proceso de registro f\u00e1cil para proveedores<\/li>\n<li>Administre m\u00faltiples proveedores y sus productos desde un solo tablero<\/li>\n<li>Personalizar perfiles de proveedores y p\u00e1ginas de tiendas<\/li>\n<li>Caracter\u00edsticas avanzadas de gesti\u00f3n de productos, como variaciones y atributos del producto.<\/li>\n<li>Ofrecer comisiones y pagos a los proveedores<\/li>\n<li>Gesti\u00f3n integrada de env\u00edo e impuestos<\/li>\n<li>Interfaz f\u00e1cil de usar para clientes y proveedores<\/li>\n<li>Notificaciones autom\u00e1ticas por correo electr\u00f3nico para proveedores y clientes<\/li>\n<li>Potentes informes y an\u00e1lisis para rastrear el rendimiento de su mercado.<\/li>\n<\/ul>\n","protected":false},"excerpt":{"rendered":"<p>El complemento premium de m\u00faltiples proveedores para WordPress es una herramienta altamente sofisticada que faculta a los usuarios transformar sus tiendas en l\u00ednea en mercados totalmente funcionales. Al aprovechar este complemento, las personas pueden manejar de manera eficiente una multitud de tareas, como administrar proveedores, productos, pedidos y comisiones, todo desde un solo tablero centralizado. Este invaluable recurso cuenta con una extensa gama de caracter\u00edsticas, que abarca desde facilitar el registro de proveedores y la gesti\u00f3n de productos hasta la racionalizaci\u00f3n de los procesos de gesti\u00f3n de pedidos y comisiones. Adem\u00e1s, este complemento se integra perfectamente con WooCommerce y otras pasarelas de pago ampliamente utilizadas, amplificando su usabilidad y conveniencia. Ya sea que est\u00e9 en el mercado para construir un mercado nuevo o mejorar uno existente, su prima de proveedores m\u00faltiples sirve como la soluci\u00f3n definitiva para todos sus requisitos.<\/p>\n","protected":false},"featured_media":168635,"comment_status":"open","ping_status":"open","template":"","meta":[],"product_brand":[2391],"product_cat":[1208,1207,1206],"product_tag":[1462],"class_list":{"0":"post-121873","1":"product","2":"type-product","3":"status-publish","4":"has-post-thumbnail","6":"product_brand-yith","7":"product_cat-administracion","8":"product_cat-comercio-electronico-plugins","9":"product_cat-plugins","10":"product_tag-yith","11":"member-discount","12":"discount-restricted","14":"first","15":"instock","16":"sale","17":"downloadable","18":"virtual","19":"sold-individually","20":"purchasable","21":"product-type-simple"},"_links":{"self":[{"href":"https:\/\/gpl-love.com\/es\/wp-json\/wp\/v2\/product\/121873","targetHints":{"allow":["GET"]}}],"collection":[{"href":"https:\/\/gpl-love.com\/es\/wp-json\/wp\/v2\/product"}],"about":[{"href":"https:\/\/gpl-love.com\/es\/wp-json\/wp\/v2\/types\/product"}],"replies":[{"embeddable":true,"href":"https:\/\/gpl-love.com\/es\/wp-json\/wp\/v2\/comments?post=121873"}],"wp:featuredmedia":[{"embeddable":true,"href":"https:\/\/gpl-love.com\/es\/wp-json\/wp\/v2\/media\/168635"}],"wp:attachment":[{"href":"https:\/\/gpl-love.com\/es\/wp-json\/wp\/v2\/media?parent=121873"}],"wp:term":[{"taxonomy":"product_brand","embeddable":true,"href":"https:\/\/gpl-love.com\/es\/wp-json\/wp\/v2\/product_brand?post=121873"},{"taxonomy":"product_cat","embeddable":true,"href":"https:\/\/gpl-love.com\/es\/wp-json\/wp\/v2\/product_cat?post=121873"},{"taxonomy":"product_tag","embeddable":true,"href":"https:\/\/gpl-love.com\/es\/wp-json\/wp\/v2\/product_tag?post=121873"}],"curies":[{"name":"wp","href":"https:\/\/api.w.org\/{rel}","templated":true}]}}