{"id":121871,"date":"2026-04-16T00:00:00","date_gmt":"2026-04-16T05:00:00","guid":{"rendered":"https:\/\/gpl-love.com\/es\/producto\/yith-multi-step-checkout-premium\/"},"modified":"2026-04-16T17:17:10","modified_gmt":"2026-04-16T22:17:10","slug":"yith-multi-step-checkout-premium","status":"publish","type":"product","link":"https:\/\/gpl-love.com\/es\/producto\/yith-multi-step-checkout-premium\/","title":{"rendered":"YITH Multi Step Checkout Premium 2.52.0"},"content":{"rendered":"<h3>YITH Multi Step Checkout Premium Caracteristicas<\/h3>\n<p>Yith Multi Step Checkout Premium, un complemento de pago extraordinario dise\u00f1ado para sitios web de WordPress, ofrece una soluci\u00f3n ejemplar al proceso de pago dividi\u00e9ndolo en m\u00faltiples etapas. Este complemento innovador garantiza a los usuarios una experiencia de pago perfecta y simplificada que supera las limitaciones de los pagos tradicionales de una p\u00e1gina en t\u00e9rminos de velocidad, simplicidad y eficiencia. Adem\u00e1s, este complemento se puede adaptar para adaptarse a las preferencias individuales, ya que permite a los usuarios agregar o eliminar campos, modificar el dise\u00f1o e incluso personalizar los colores para alinearse con su imagen de marca distintiva. Como beneficio adicional, este complemento est\u00e1 optimizado para dispositivos m\u00f3viles, asegurando que los usuarios puedan completar convenientemente sus compras utilizando sus tel\u00e9fonos inteligentes o tabletas. En general, su prima de pago de m\u00faltiples pasos sirve como una herramienta invaluable para las empresas en l\u00ednea que buscan elevar su proceso de pago y amplificar su tasa de conversi\u00f3n.<\/p>\n<ul>\n<li>Mejora la experiencia del usuario para los clientes durante el proceso de pago<\/li>\n<li>Reduce el abandono del carrito a trav\u00e9s de un enfoque paso a paso<\/li>\n<li>Pasos personalizables para satisfacer las necesidades de su tienda y productos<\/li>\n<li>Opci\u00f3n para crear una barra de progreso para rastrear el progreso de los clientes<\/li>\n<li>Capacidad para agregar campos adicionales para recopilar informaci\u00f3n importante de los clientes<\/li>\n<li>Permite a los clientes revisar y editar su informaci\u00f3n antes de enviar el pedido.<\/li>\n<li>Uplica autom\u00e1ticamente la informaci\u00f3n de env\u00edo y facturaci\u00f3n para los clientes que devuelven<\/li>\n<li>Compatible con una variedad de pasarelas de pago<\/li>\n<li>Dise\u00f1o receptivo para dispositivos m\u00f3viles y de tabletas<\/li>\n<li>Incluye opciones para CSS y traducciones personalizadas para clientes internacionales.<\/li>\n<\/ul>\n","protected":false},"excerpt":{"rendered":"<p>Su primer paso, Premium es un complemento muy robusto y eficaz desarrollado deliberadamente para optimizar y racionalizar el proceso de pago para los clientes, mitigando as\u00ed cualquier posible complejidad y obstrucci\u00f3n. A trav\u00e9s de la integraci\u00f3n de m\u00faltiples pasos de pago estrat\u00e9gicamente dise\u00f1ados, a los clientes se les brinda la conveniencia y la facilidad de ingresar y proporcionar la informaci\u00f3n necesaria sin esfuerzo, culminando en la finalizaci\u00f3n r\u00e1pida y conveniente de la compra deseada. Este complemento excepcional le impulsa a\u00fan m\u00e1s la capacidad incomparable de adaptar y personalizar meticulosamente los pasos de pago de acuerdo con sus requisitos y exigencias comerciales \u00fanicos y espec\u00edficos. Adem\u00e1s, una caracter\u00edstica distintiva adicional y un atributo sobresaliente de este complemento se encuentran en su m\u00e1xima compatibilidad e integraci\u00f3n perfecta con una variedad de pasarelas de pago ampliamente favorecidas y populares, lo que garantiza inequ\u00edvocamente una experiencia transaccional sin interrupciones y sin interrupciones para su clientela estimada. En resumen y en total, su primera vez en el pago de m\u00faltiples pasos, sin duda, eleva y aumenta la experiencia de compra de sus clientes estimados a niveles de satisfacci\u00f3n sin precedentes, al tiempo que imparte al mismo tiempo un aumento notable y sustancial de la tasa de conversi\u00f3n de su empresa.<\/p>\n","protected":false},"featured_media":168634,"comment_status":"open","ping_status":"open","template":"","meta":[],"product_brand":[2391],"product_cat":[1207,1248,1206],"product_tag":[1462],"class_list":{"0":"post-121871","1":"product","2":"type-product","3":"status-publish","4":"has-post-thumbnail","6":"product_brand-yith","7":"product_cat-comercio-electronico-plugins","8":"product_cat-personalizacion-comercio-electronico-plugins","9":"product_cat-plugins","10":"product_tag-yith","11":"member-discount","12":"discount-restricted","14":"first","15":"instock","16":"sale","17":"downloadable","18":"virtual","19":"sold-individually","20":"purchasable","21":"product-type-simple"},"_links":{"self":[{"href":"https:\/\/gpl-love.com\/es\/wp-json\/wp\/v2\/product\/121871","targetHints":{"allow":["GET"]}}],"collection":[{"href":"https:\/\/gpl-love.com\/es\/wp-json\/wp\/v2\/product"}],"about":[{"href":"https:\/\/gpl-love.com\/es\/wp-json\/wp\/v2\/types\/product"}],"replies":[{"embeddable":true,"href":"https:\/\/gpl-love.com\/es\/wp-json\/wp\/v2\/comments?post=121871"}],"wp:featuredmedia":[{"embeddable":true,"href":"https:\/\/gpl-love.com\/es\/wp-json\/wp\/v2\/media\/168634"}],"wp:attachment":[{"href":"https:\/\/gpl-love.com\/es\/wp-json\/wp\/v2\/media?parent=121871"}],"wp:term":[{"taxonomy":"product_brand","embeddable":true,"href":"https:\/\/gpl-love.com\/es\/wp-json\/wp\/v2\/product_brand?post=121871"},{"taxonomy":"product_cat","embeddable":true,"href":"https:\/\/gpl-love.com\/es\/wp-json\/wp\/v2\/product_cat?post=121871"},{"taxonomy":"product_tag","embeddable":true,"href":"https:\/\/gpl-love.com\/es\/wp-json\/wp\/v2\/product_tag?post=121871"}],"curies":[{"name":"wp","href":"https:\/\/api.w.org\/{rel}","templated":true}]}}