{"id":121869,"date":"2024-03-23T00:00:00","date_gmt":"2024-03-23T05:00:00","guid":{"rendered":"https:\/\/gpl-love.com\/es\/producto\/yith-minimum-maximum-quantity-premium\/"},"modified":"2026-03-13T17:34:32","modified_gmt":"2026-03-13T22:34:32","slug":"yith-minimum-maximum-quantity-premium","status":"publish","type":"product","link":"https:\/\/gpl-love.com\/es\/producto\/yith-minimum-maximum-quantity-premium\/","title":{"rendered":"YITH Minimum Maximum Quantity Premium 1.39.0"},"content":{"rendered":"<h3>YITH Minimum Maximum Quantity Premium Caracteristicas<\/h3>\n<p>El complemento premium de cantidad m\u00e1xima m\u00ednima sirve como una herramienta muy poderosa, otorgando a los usuarios la capacidad de establecer umbrales de cantidad m\u00ednima y m\u00e1xima para los productos de su tienda en l\u00ednea. Con su presencia, los gerentes de las tiendas reciben una interfaz flexible y f\u00e1cil de usar, lo que les permite establecer l\u00edmites en las cantidades de productos de acuerdo con una amplia gama de criterios, que abarca los gustos del tipo de producto, la categor\u00eda, el rango de precios y m\u00e1s. Al utilizar este complemento, los propietarios de tiendas pueden supervisar efectivamente su inventario, evitando h\u00e1bilmente los riesgos de exceso de venta. Simult\u00e1neamente, pueden asegurarse de que sus clientes obtengan la m\u00e1xima satisfacci\u00f3n al garantizar su acceso a la cantidad deseada de productos. Adem\u00e1s, la implementaci\u00f3n y la configuraci\u00f3n del complemento premium de cantidad de m\u00e1xima cantidad m\u00ednima no representan ning\u00fan desaf\u00edo, lo que lo convierte en una selecci\u00f3n \u00f3ptima para cualquier propietario de la tienda en l\u00ednea que busque ansiosamente mejorar su gesti\u00f3n de inventario.<\/p>\n<ul>\n<li>Le permite establecer l\u00edmites de compra m\u00ednimo y m\u00e1ximo para sus productos<\/li>\n<li>Fomenta la compra a granel ofreciendo descuentos para grandes cantidades<\/li>\n<li>F\u00e1cil de instalar y configurar sin necesidad de codificaci\u00f3n<\/li>\n<li>Mensajes de error personalizables para los clientes que exceden los l\u00edmites de cantidad<\/li>\n<li>Compatible con la mayor\u00eda de los temas y complementos de WordPress<\/li>\n<li>Proporciona informes detallados sobre cantidades de pedido m\u00ednimo y m\u00e1ximo<\/li>\n<li>Soporte de varios idiomas para empresas globales<\/li>\n<li>Excelente soporte al cliente y documentaci\u00f3n<\/li>\n<\/ul>\n","protected":false},"excerpt":{"rendered":"<p>La prima de la cantidad m\u00e1xima m\u00ednima es una herramienta incre\u00edblemente robusta dise\u00f1ada para tiendas en l\u00ednea, que proporciona capacidades excepcionales para administrar los l\u00edmites de compra. Este complemento le otorga la capacidad de designar sin esfuerzo la cantidad m\u00ednima y m\u00e1xima permitida para cada producto individual, afirmando el mayor control sobre la cantidad de art\u00edculos que los clientes pueden comprar dentro de un solo pedido. Adem\u00e1s, tiene la opci\u00f3n de establecer restricciones basadas en diversos factores como roles de usuario y categor\u00edas de productos. Al incorporar este complemento premium en su marco comercial, obtiene acceso a una soluci\u00f3n vers\u00e1til y altamente efectiva que le permite supervisar el inventario sin problemas y optimizar las ventas con un nivel elevado de delicadeza estrat\u00e9gica.<\/p>\n","protected":false},"featured_media":168633,"comment_status":"open","ping_status":"open","template":"","meta":[],"product_brand":[2391],"product_cat":[1208,1207,1206],"product_tag":[1462],"class_list":{"0":"post-121869","1":"product","2":"type-product","3":"status-publish","4":"has-post-thumbnail","6":"product_brand-yith","7":"product_cat-administracion","8":"product_cat-comercio-electronico-plugins","9":"product_cat-plugins","10":"product_tag-yith","11":"member-discount","12":"discount-restricted","14":"first","15":"instock","16":"sale","17":"downloadable","18":"virtual","19":"sold-individually","20":"purchasable","21":"product-type-simple"},"_links":{"self":[{"href":"https:\/\/gpl-love.com\/es\/wp-json\/wp\/v2\/product\/121869","targetHints":{"allow":["GET"]}}],"collection":[{"href":"https:\/\/gpl-love.com\/es\/wp-json\/wp\/v2\/product"}],"about":[{"href":"https:\/\/gpl-love.com\/es\/wp-json\/wp\/v2\/types\/product"}],"replies":[{"embeddable":true,"href":"https:\/\/gpl-love.com\/es\/wp-json\/wp\/v2\/comments?post=121869"}],"wp:featuredmedia":[{"embeddable":true,"href":"https:\/\/gpl-love.com\/es\/wp-json\/wp\/v2\/media\/168633"}],"wp:attachment":[{"href":"https:\/\/gpl-love.com\/es\/wp-json\/wp\/v2\/media?parent=121869"}],"wp:term":[{"taxonomy":"product_brand","embeddable":true,"href":"https:\/\/gpl-love.com\/es\/wp-json\/wp\/v2\/product_brand?post=121869"},{"taxonomy":"product_cat","embeddable":true,"href":"https:\/\/gpl-love.com\/es\/wp-json\/wp\/v2\/product_cat?post=121869"},{"taxonomy":"product_tag","embeddable":true,"href":"https:\/\/gpl-love.com\/es\/wp-json\/wp\/v2\/product_tag?post=121869"}],"curies":[{"name":"wp","href":"https:\/\/api.w.org\/{rel}","templated":true}]}}