{"id":121867,"date":"2025-07-13T00:00:00","date_gmt":"2025-07-13T05:00:00","guid":{"rendered":"https:\/\/gpl-love.com\/es\/producto\/yith-membership-premium\/"},"modified":"2026-03-13T17:34:31","modified_gmt":"2026-03-13T22:34:31","slug":"yith-membership-premium","status":"publish","type":"product","link":"https:\/\/gpl-love.com\/es\/producto\/yith-membership-premium\/","title":{"rendered":"YITH Membership Premium 2.23.0"},"content":{"rendered":"<h3>YITH Membership Premium Caracteristicas<\/h3>\n<p>Su membres\u00eda Premium, un complemento de WordPress incre\u00edblemente potente, sirve como una herramienta notable que facilita la transformaci\u00f3n del sitio web de uno en un sitio de membres\u00eda pr\u00f3spero. A trav\u00e9s de la utilizaci\u00f3n de este complemento, las personas obtienen la capacidad de establecer diversos niveles de membres\u00eda, limitando efectivamente el acceso de uno al contenido que depende de su nivel de membres\u00eda respectiva o la duraci\u00f3n de la suscripci\u00f3n. Adem\u00e1s, este invaluable recurso permite adem\u00e1s la provisi\u00f3n de descuentos o promociones exclusivos para miembros leales, la gesti\u00f3n competente de sus suscripciones y pagos, y la personalizaci\u00f3n perfecta del complemento para alinearse sin problemas con la marca \u00fanica del sitio web de uno. Con una interfaz de usuario intuitiva, su prima de membres\u00eda no solo garantiza la facilidad de uso, sino que tambi\u00e9n presenta una amplia gama de caracter\u00edsticas, lo que le hace una opci\u00f3n ideal para cualquier sitio web que aspire a monetizar efectivamente su contenido o servicios excepcionales.<\/p>\n<ul>\n<li>Un complemento integral de gesti\u00f3n de membres\u00eda para su sitio web<\/li>\n<li>Le permite restringir el contenido en funci\u00f3n del nivel de membres\u00eda<\/li>\n<li>M\u00faltiples niveles de membres\u00eda con diferentes precios y caracter\u00edsticas<\/li>\n<li>Capacidad para ofrecer pruebas gratuitas y pagos recurrentes<\/li>\n<li>Integraci\u00f3n con pasarelas de pago populares para transacciones seguras<\/li>\n<li>Formularios de registro e inicio de sesi\u00f3n personalizables<\/li>\n<li>Automatizar notificaciones por correo electr\u00f3nico para membres\u00edas, renovaciones y actualizaciones<\/li>\n<li>Configuraci\u00f3n flexible para reglas de acceso basadas en el tipo o categor\u00eda de contenido<\/li>\n<li>Informes y estad\u00edsticas para rastrear el rendimiento de la membres\u00eda<\/li>\n<li>Documentaci\u00f3n completa y atenci\u00f3n al cliente para la instalaci\u00f3n y uso<\/li>\n<\/ul>\n","protected":false},"excerpt":{"rendered":"<p>Su membres\u00eda Premium, un complemento incre\u00edblemente robusto dise\u00f1ado para WordPress, le otorga la notable capacidad de establecer y supervisar los planes de membres\u00eda sin esfuerzo en su sitio web. Sorprendentemente, esta herramienta le permite configurar una variedad de niveles de membres\u00eda distintos, adaptar meticulosamente los formularios de registro y extender el incre\u00edble beneficio de proporcionar a sus miembros estimados contenido exclusivo o descuentos irresistibles. Adem\u00e1s, tambi\u00e9n le permite monitorear sin problemas la participaci\u00f3n del usuario y mantenerse en contacto constante con sus miembros valiosos a trav\u00e9s de la correspondencia automatizada por correo electr\u00f3nico. Al adoptar las capacidades formidables de su prima de membres\u00eda, puede aumentar con confianza sus ganancias financieras mientras cultiva simult\u00e1neamente una comunidad ferozmente leal.<\/p>\n","protected":false},"featured_media":168632,"comment_status":"open","ping_status":"open","template":"","meta":[],"product_brand":[2391],"product_cat":[1384,1207,1206],"product_tag":[1462],"class_list":{"0":"post-121867","1":"product","2":"type-product","3":"status-publish","4":"has-post-thumbnail","6":"product_brand-yith","7":"product_cat-afiliacion-comercio-electronico-plugins","8":"product_cat-comercio-electronico-plugins","9":"product_cat-plugins","10":"product_tag-yith","11":"member-discount","12":"discount-restricted","14":"first","15":"instock","16":"sale","17":"downloadable","18":"virtual","19":"sold-individually","20":"purchasable","21":"product-type-simple"},"_links":{"self":[{"href":"https:\/\/gpl-love.com\/es\/wp-json\/wp\/v2\/product\/121867","targetHints":{"allow":["GET"]}}],"collection":[{"href":"https:\/\/gpl-love.com\/es\/wp-json\/wp\/v2\/product"}],"about":[{"href":"https:\/\/gpl-love.com\/es\/wp-json\/wp\/v2\/types\/product"}],"replies":[{"embeddable":true,"href":"https:\/\/gpl-love.com\/es\/wp-json\/wp\/v2\/comments?post=121867"}],"wp:featuredmedia":[{"embeddable":true,"href":"https:\/\/gpl-love.com\/es\/wp-json\/wp\/v2\/media\/168632"}],"wp:attachment":[{"href":"https:\/\/gpl-love.com\/es\/wp-json\/wp\/v2\/media?parent=121867"}],"wp:term":[{"taxonomy":"product_brand","embeddable":true,"href":"https:\/\/gpl-love.com\/es\/wp-json\/wp\/v2\/product_brand?post=121867"},{"taxonomy":"product_cat","embeddable":true,"href":"https:\/\/gpl-love.com\/es\/wp-json\/wp\/v2\/product_cat?post=121867"},{"taxonomy":"product_tag","embeddable":true,"href":"https:\/\/gpl-love.com\/es\/wp-json\/wp\/v2\/product_tag?post=121867"}],"curies":[{"name":"wp","href":"https:\/\/api.w.org\/{rel}","templated":true}]}}