{"id":121865,"date":"2024-03-23T00:00:00","date_gmt":"2024-03-23T05:00:00","guid":{"rendered":"https:\/\/gpl-love.com\/es\/producto\/yith-mailchimp-premium\/"},"modified":"2026-03-13T17:34:30","modified_gmt":"2026-03-13T22:34:30","slug":"yith-mailchimp-premium","status":"publish","type":"product","link":"https:\/\/gpl-love.com\/es\/producto\/yith-mailchimp-premium\/","title":{"rendered":"YITH Mailchimp Premium 2.34.0"},"content":{"rendered":"<h3>YITH Mailchimp Premium Caracteristicas<\/h3>\n<p>Yith MailChimp Premium es un complemento inmensamente robusto que integra sin esfuerzo su sitio web con MailChimp, lo que le permite establecer una conexi\u00f3n m\u00e1s simplificada y eficiente con sus valiosos clientes y suscriptores. Este notable complemento le otorga la capacidad de construir y supervisar las campa\u00f1as de MailChimp directamente desde su tablero de WordPress, asegurando sin esfuerzo la sincronizaci\u00f3n de sus listas y segmentos de suscriptores. Adem\u00e1s, puede aprovechar el poder de las caracter\u00edsticas avanzadas, como ventanas emergentes, widgets y formularios personalizados para capturar de manera efectiva los clientes potenciales y expandir su valiosa lista de correo electr\u00f3nico. La integraci\u00f3n de su premio de MailChimp le proporciona los medios para optimizar sus esfuerzos de marketing por correo electr\u00f3nico, mejorando significativamente sus tasas de conversi\u00f3n y posicion\u00e1ndola como una herramienta indispensable para las empresas que buscan cultivar relaciones m\u00e1s fuertes de los clientes e impulsar el crecimiento de las ventas.<\/p>\n<ul>\n<li>Integraci\u00f3n perfecta de MailChimp con su sitio web<\/li>\n<li>Sincronizaci\u00f3n autom\u00e1tica de datos de usuario a listas de MorraChimp<\/li>\n<li>Opci\u00f3n para agregar usuarios a grupos espec\u00edficos de MailChimp en funci\u00f3n de sus acciones en su sitio web<\/li>\n<li>Capacidad para crear formularios y ventanas emergentes personalizadas para hacer crecer su lista de correo electr\u00f3nico<\/li>\n<li>Integraci\u00f3n con WooCommerce para rastrear y sincronizar los datos de compra del cliente a MailChimp<\/li>\n<li>Opciones de segmentaci\u00f3n avanzada para enviar correos electr\u00f3nicos espec\u00edficos y personalizados<\/li>\n<li>Funci\u00f3n de prueba A\/B para optimizar las campa\u00f1as de correo electr\u00f3nico para obtener mejores resultados<\/li>\n<li>Informes detallados y an\u00e1lisis para rastrear el rendimiento del correo electr\u00f3nico y el ROI<\/li>\n<li>GDPR que cumple con las funciones de opci\u00f3n y opto incorporadas para los usuarios<\/li>\n<li>Equipo de soporte dedicado disponible para ayudar con cualquier problema o pregunta.<\/li>\n<\/ul>\n","protected":false},"excerpt":{"rendered":"<p>Su MailChimp Premium es una soluci\u00f3n de marketing por correo electr\u00f3nico altamente inclusiva y muy inclusiva que le presenta la oportunidad perfecta de integrar sin esfuerzo su sitio web con la estimada plataforma que es MailChimp. Esta herramienta inmensamente potente le permite expandir y aumentar su lista de correo electr\u00f3nico, meticulosamente las campa\u00f1as de correo electr\u00f3nico visualmente impresionantes y monitorear y evaluar diligentemente sus resultados y logros. Con una interfaz que no solo es altamente intuitiva y f\u00e1cil de usar, sino que tambi\u00e9n est\u00e1 repleta de caracter\u00edsticas de vanguardia y sofisticadas como flujos de trabajo de automatizaci\u00f3n, segmentaci\u00f3n de suscriptores e informes en profundidad, a MailChimp Premium de manera efectiva y eficiente lo ayuda al ajuste fino en el ajuste fino. y optimizar sus esfuerzos de marketing por correo electr\u00f3nico, propulsando y facilitando el impresionante crecimiento de su negocio. Comience su viaje hacia la comunicaci\u00f3n y conexi\u00f3n de manera efectiva con su p\u00fablico objetivo hoy aprovechando las notables capacidades ofrecidas por su prima de MailChimp.<\/p>\n","protected":false},"featured_media":168631,"comment_status":"open","ping_status":"open","template":"","meta":[],"product_brand":[2391],"product_cat":[1207,1225,1206],"product_tag":[1462],"class_list":{"0":"post-121865","1":"product","2":"type-product","3":"status-publish","4":"has-post-thumbnail","6":"product_brand-yith","7":"product_cat-comercio-electronico-plugins","8":"product_cat-marketing","9":"product_cat-plugins","10":"product_tag-yith","11":"member-discount","12":"discount-restricted","14":"first","15":"instock","16":"sale","17":"downloadable","18":"virtual","19":"sold-individually","20":"purchasable","21":"product-type-simple"},"_links":{"self":[{"href":"https:\/\/gpl-love.com\/es\/wp-json\/wp\/v2\/product\/121865","targetHints":{"allow":["GET"]}}],"collection":[{"href":"https:\/\/gpl-love.com\/es\/wp-json\/wp\/v2\/product"}],"about":[{"href":"https:\/\/gpl-love.com\/es\/wp-json\/wp\/v2\/types\/product"}],"replies":[{"embeddable":true,"href":"https:\/\/gpl-love.com\/es\/wp-json\/wp\/v2\/comments?post=121865"}],"wp:featuredmedia":[{"embeddable":true,"href":"https:\/\/gpl-love.com\/es\/wp-json\/wp\/v2\/media\/168631"}],"wp:attachment":[{"href":"https:\/\/gpl-love.com\/es\/wp-json\/wp\/v2\/media?parent=121865"}],"wp:term":[{"taxonomy":"product_brand","embeddable":true,"href":"https:\/\/gpl-love.com\/es\/wp-json\/wp\/v2\/product_brand?post=121865"},{"taxonomy":"product_cat","embeddable":true,"href":"https:\/\/gpl-love.com\/es\/wp-json\/wp\/v2\/product_cat?post=121865"},{"taxonomy":"product_tag","embeddable":true,"href":"https:\/\/gpl-love.com\/es\/wp-json\/wp\/v2\/product_tag?post=121865"}],"curies":[{"name":"wp","href":"https:\/\/api.w.org\/{rel}","templated":true}]}}