{"id":121863,"date":"2021-06-02T00:00:00","date_gmt":"2021-06-02T05:00:00","guid":{"rendered":"https:\/\/gpl-love.com\/es\/producto\/yith-live-chat-premium\/"},"modified":"2026-03-13T17:34:30","modified_gmt":"2026-03-13T22:34:30","slug":"yith-live-chat-premium","status":"publish","type":"product","link":"https:\/\/gpl-love.com\/es\/producto\/yith-live-chat-premium\/","title":{"rendered":"YITH Live Chat Premium 1.5.4"},"content":{"rendered":"<h3>YITH Live Chat Premium Caracteristicas<\/h3>\n<p>Su prima de chat en vivo, un complemento de chat avanzado para WordPress, presenta una oportunidad notable para interactuar con sus clientes en tiempo real. Este complemento excepcional cuenta con una interfaz notablemente f\u00e1cil de usar que le permite administrar sin esfuerzo m\u00faltiples conversaciones simult\u00e1neamente y proporcionar soporte instant\u00e1neo a sus estimados visitantes del sitio web. En particular, la inclusi\u00f3n de ventanas de chat personalizables, mensajes automatizados y la capacidad de acceder a las transcripciones de chat contribuye inmensamente a la facilitaci\u00f3n de la participaci\u00f3n del cliente y la resoluci\u00f3n competente de sus preocupaciones. Adem\u00e1s, la an\u00e1lisis de chat integral y la integraci\u00f3n perfecta con los prominentes sistemas CRM ofrecidos por la prima de chat en vivo le brindan la capacidad invaluable para monitorear meticulosamente su rendimiento de chat y administrar eficientemente los datos de los clientes. Ya sea que sea el propietario de una tienda de comercio electr\u00f3nico o una empresa basada en servicios, la indispensabilidad de su prima de chat en vivo como herramienta para elevar la experiencia del cliente y amplificar las ventas es realmente innegable.<\/p>\n<ul>\n<li>Funci\u00f3n de chat en tiempo real para visitantes del sitio web<\/li>\n<li>Opci\u00f3n para que los visitantes elijan entre mensajes preestablecidos para respuestas m\u00e1s r\u00e1pidas<\/li>\n<li>Personalizaci\u00f3n completa de la apariencia y colocaci\u00f3n de la caja de chat<\/li>\n<li>Integraci\u00f3n con aplicaciones de chat populares como WhatsApp y Facebook Messenger<\/li>\n<li>An\u00e1lisis detallado e informes sobre el uso del chat y el rendimiento<\/li>\n<li>Compatibilidad con dispositivos m\u00f3viles para asistencia al cliente sobre la marcha<\/li>\n<li>Soporte de varios idiomas para el alcance global del cliente<\/li>\n<li>Opci\u00f3n para m\u00faltiples agentes para manejar las conversaciones de chat simult\u00e1neamente<\/li>\n<li>Notificaciones autom\u00e1ticas por correo electr\u00f3nico para chats perdidos y mensajes fuera de l\u00ednea<\/li>\n<li>Soporte t\u00e9cnico 24\/7 del equipo.<\/li>\n<\/ul>\n","protected":false},"excerpt":{"rendered":"<p>Su prima de chat en vivo, un impresionante complemento de WordPress de notable potencia, le ofrece la notable capacidad para comprometerse efectivamente con sus estimados visitantes del sitio web en tiempo real. A trav\u00e9s de su interfaz excepcionalmente intuitiva y caracter\u00edsticas notablemente avanzadas, puede comunicarse sin esfuerzo con sus clientes estimados, abordar efectivamente sus innumerables consultas, proporcionar un soporte incomparable y elevar sustancialmente su potencial de ventas. Esta versi\u00f3n extremadamente premium est\u00e1 dotada de una variedad de caracter\u00edsticas adicionales, incluidos, entre otros, mensajes automatizados, desencadenantes personalizados, soporte multiling\u00fce e integraci\u00f3n perfecta con varias herramientas de CRM prominentes. Por lo tanto, emerge indiscutiblemente como una herramienta indispensable y no negociable para cualquier negocio en l\u00ednea exigente que se esfuerce por aumentar significativamente la experiencia de su cliente y, en \u00faltima instancia, impulsar las conversiones a alturas incomparables.<\/p>\n","protected":false},"featured_media":168630,"comment_status":"open","ping_status":"open","template":"","meta":[],"product_brand":[2391],"product_cat":[1207,1206,1431],"product_tag":[1462],"class_list":{"0":"post-121863","1":"product","2":"type-product","3":"status-publish","4":"has-post-thumbnail","6":"product_brand-yith","7":"product_cat-comercio-electronico-plugins","8":"product_cat-plugins","9":"product_cat-social-comercio-electronico-plugins","10":"product_tag-yith","11":"member-discount","12":"discount-restricted","14":"first","15":"instock","16":"sale","17":"downloadable","18":"virtual","19":"sold-individually","20":"purchasable","21":"product-type-simple"},"_links":{"self":[{"href":"https:\/\/gpl-love.com\/es\/wp-json\/wp\/v2\/product\/121863","targetHints":{"allow":["GET"]}}],"collection":[{"href":"https:\/\/gpl-love.com\/es\/wp-json\/wp\/v2\/product"}],"about":[{"href":"https:\/\/gpl-love.com\/es\/wp-json\/wp\/v2\/types\/product"}],"replies":[{"embeddable":true,"href":"https:\/\/gpl-love.com\/es\/wp-json\/wp\/v2\/comments?post=121863"}],"wp:featuredmedia":[{"embeddable":true,"href":"https:\/\/gpl-love.com\/es\/wp-json\/wp\/v2\/media\/168630"}],"wp:attachment":[{"href":"https:\/\/gpl-love.com\/es\/wp-json\/wp\/v2\/media?parent=121863"}],"wp:term":[{"taxonomy":"product_brand","embeddable":true,"href":"https:\/\/gpl-love.com\/es\/wp-json\/wp\/v2\/product_brand?post=121863"},{"taxonomy":"product_cat","embeddable":true,"href":"https:\/\/gpl-love.com\/es\/wp-json\/wp\/v2\/product_cat?post=121863"},{"taxonomy":"product_tag","embeddable":true,"href":"https:\/\/gpl-love.com\/es\/wp-json\/wp\/v2\/product_tag?post=121863"}],"curies":[{"name":"wp","href":"https:\/\/api.w.org\/{rel}","templated":true}]}}