{"id":121861,"date":"2024-03-23T00:00:00","date_gmt":"2024-03-23T05:00:00","guid":{"rendered":"https:\/\/gpl-love.com\/es\/producto\/yith-infinite-scrolling-premium\/"},"modified":"2026-03-13T17:34:29","modified_gmt":"2026-03-13T22:34:29","slug":"yith-infinite-scrolling-premium","status":"publish","type":"product","link":"https:\/\/gpl-love.com\/es\/producto\/yith-infinite-scrolling-premium\/","title":{"rendered":"YITH Infinite Scrolling Premium 1.29.0"},"content":{"rendered":"<h3>YITH Infinite Scrolling Premium Caracteristicas<\/h3>\n<p>El complemento de desplazamiento Infinite Premium es una soluci\u00f3n innovadora e innovadora que ofrece a los propietarios de sitios web la capacidad de mejorar la experiencia general del usuario mediante la implementaci\u00f3n del concepto revolucionario de desplazamiento infinito en sus respectivos sitios web. Atr\u00e1s quedaron los d\u00edas de tediosos y repetitivos clics en enlaces de paginaci\u00f3n, ya que este complemento capacita a los visitantes del sitio web para navegar sin problemas y sin esfuerzo a trav\u00e9s de una variedad inagotable de productos, publicaciones o im\u00e1genes. Adem\u00e1s, este complemento excepcional proporciona a los usuarios la flexibilidad para personalizar la animaci\u00f3n de carga de acuerdo con sus preferencias, lo que les permite seleccionar entre una amplia gama de estilos de carga que se integran perfectamente con los elementos de dise\u00f1o \u00fanicos de su sitio web. La instalaci\u00f3n del complemento Premium de desplazamiento infinito es una tarea sin esfuerzo que se puede lograr en cualquier sitio web de WordPress, lo que lo convierte en una herramienta indispensable para los propietarios de sitios web que aspiran a aumentar la participaci\u00f3n del usuario y elevar la experiencia general del usuario en sus estimadas plataformas.<\/p>\n<ul>\n<li>El complemento Premium de desplazamiento infinito es la herramienta perfecta para sitios web con p\u00e1ginas largas, lo que permite a los usuarios navegar a trav\u00e9s de ellos con facilidad.<\/li>\n<li>El complemento carga autom\u00e1ticamente el nuevo contenido a medida que el usuario se desplaza por la p\u00e1gina, eliminando la necesidad de que hagan clic continuamente en &#8216;Siguiente&#8217; o &#8216;Cargue m\u00e1s&#8217;.<\/li>\n<li>Esto mejora la experiencia del usuario y puede conducir a un mayor compromiso y tiempos de navegaci\u00f3n m\u00e1s largos.<\/li>\n<li>Con su prima de desplazamiento infinito, los propietarios de sitios web pueden personalizar la animaci\u00f3n de carga y las opciones para la cantidad de productos para mostrar por p\u00e1gina.<\/li>\n<li>El complemento responde, lo que significa que funciona a la perfecci\u00f3n en todos los dispositivos y tama\u00f1os de pantalla.<\/li>\n<li>Su prima de desplazamiento infinito es compatible con una gama de temas y otros complementos, lo que garantiza la integraci\u00f3n completa con su sitio web.<\/li>\n<li>El complemento es f\u00e1cil de instalar y usar, con un proceso de instalaci\u00f3n simple y una documentaci\u00f3n integral incluida.<\/li>\n<li>Con actualizaciones regulares y soporte continuo, puede estar seguro de que su prima de desplazamiento infinito continuar\u00e1 funcionando sin problemas con su sitio web.<\/li>\n<\/ul>\n","protected":false},"excerpt":{"rendered":"<p>Su prima de desplazamiento infinito, un complemento de WordPress intrincadamente dise\u00f1ado y sofisticado, sirve como una herramienta formidable para los propietarios de sitios web que buscan mejorar la experiencia general del usuario. Al cargar sin esfuerzo y sin problemas el contenido del sitio web a medida que los usuarios examinan hacia abajo, este complemento erradica la necesidad de hacer clics de enlace de paginaci\u00f3n cansado y que requiere mucho tiempo. Con una impresionante variedad de caracter\u00edsticas, con una prima de desplazamiento infinito permite la integraci\u00f3n sin esfuerzo de una funcionalidad de desplazamiento infinito en su sitio web, disminuyendo as\u00ed las tasas de rebote y fomentando una mayor participaci\u00f3n del usuario. Adem\u00e1s, este complemento demuestra ser notablemente adaptable y armoniosamente compatible con una amplia variedad de temas y complementos de WordPress. Eleve las capacidades de navegaci\u00f3n de su sitio web y la conveniencia de navegaci\u00f3n a nuevas alturas adoptando la notable prima de desplazamiento infinito.<\/p>\n","protected":false},"featured_media":168629,"comment_status":"open","ping_status":"open","template":"","meta":[],"product_brand":[2391],"product_cat":[1208,1207,1206],"product_tag":[1462],"class_list":{"0":"post-121861","1":"product","2":"type-product","3":"status-publish","4":"has-post-thumbnail","6":"product_brand-yith","7":"product_cat-administracion","8":"product_cat-comercio-electronico-plugins","9":"product_cat-plugins","10":"product_tag-yith","11":"member-discount","12":"discount-restricted","14":"first","15":"instock","16":"sale","17":"downloadable","18":"virtual","19":"sold-individually","20":"purchasable","21":"product-type-simple"},"_links":{"self":[{"href":"https:\/\/gpl-love.com\/es\/wp-json\/wp\/v2\/product\/121861","targetHints":{"allow":["GET"]}}],"collection":[{"href":"https:\/\/gpl-love.com\/es\/wp-json\/wp\/v2\/product"}],"about":[{"href":"https:\/\/gpl-love.com\/es\/wp-json\/wp\/v2\/types\/product"}],"replies":[{"embeddable":true,"href":"https:\/\/gpl-love.com\/es\/wp-json\/wp\/v2\/comments?post=121861"}],"wp:featuredmedia":[{"embeddable":true,"href":"https:\/\/gpl-love.com\/es\/wp-json\/wp\/v2\/media\/168629"}],"wp:attachment":[{"href":"https:\/\/gpl-love.com\/es\/wp-json\/wp\/v2\/media?parent=121861"}],"wp:term":[{"taxonomy":"product_brand","embeddable":true,"href":"https:\/\/gpl-love.com\/es\/wp-json\/wp\/v2\/product_brand?post=121861"},{"taxonomy":"product_cat","embeddable":true,"href":"https:\/\/gpl-love.com\/es\/wp-json\/wp\/v2\/product_cat?post=121861"},{"taxonomy":"product_tag","embeddable":true,"href":"https:\/\/gpl-love.com\/es\/wp-json\/wp\/v2\/product_tag?post=121861"}],"curies":[{"name":"wp","href":"https:\/\/api.w.org\/{rel}","templated":true}]}}