{"id":121859,"date":"2021-06-10T00:00:00","date_gmt":"2021-06-10T05:00:00","guid":{"rendered":"https:\/\/gpl-love.com\/es\/producto\/yith-google-product-feed-para-woocommerce-premium\/"},"modified":"2026-03-13T17:34:28","modified_gmt":"2026-03-13T22:34:28","slug":"yith-google-product-feed-para-woocommerce-premium","status":"publish","type":"product","link":"https:\/\/gpl-love.com\/es\/producto\/yith-google-product-feed-para-woocommerce-premium\/","title":{"rendered":"YITH Google Product Feed para WooCommerce Premium 1.1.22"},"content":{"rendered":"<h3>YITH Google Product Feed para WooCommerce Premium Caracteristicas<\/h3>\n<p>Su feed de productos de Google para WooCommerce Premium es una herramienta incre\u00edblemente robusta e influyente que ofrece a los propietarios de tiendas en l\u00ednea la capacidad extraordinaria para crear y administrar alimentos de productos dise\u00f1ados espec\u00edficamente para utilizar en Google Shopping. Este complemento extraordinario es experto en generar y actualizar autom\u00e1ticamente los alimentos de datos del producto, lo que permite a los comerciantes optimizar meticulosamente sus listados de productos y mejorar su visibilidad general en l\u00ednea, todo sin necesidad de ninguna habilidad o experiencia t\u00e9cnica especializada. Al aprovechar las notables capacidades de su feed de productos de Google, los usuarios pueden construir y compilar sin esfuerzo listados de productos, ejecutar el establecimiento de campos personalizados y asignar a los atributos de productos sin problemas en una alineaci\u00f3n precisa con las categor\u00edas de compras de Google. Adem\u00e1s, este complemento excepcional tambi\u00e9n integra funcionalidades avanzadas, como el soporte integral para productos variables, la capacidad de excluir productos que se consideran irrelevantes o incongruentes, y una gran cantidad de opciones de filtrado sofisticadas que aseguran que los productos \u00fanicamente pertinentes y ajustados se presenten integralmente en la alimentaci\u00f3n en el alimento s\u00ed mismo. Baste decir que su feed de productos de Google para WooCommerce Premium representa una herramienta indispensable del m\u00e1ximo significado y valor para cualquier propietario de la tienda de comercio electr\u00f3nico laborioso y de pensamiento que aspira a aumentar sustancialmente su presencia en l\u00ednea y generar con \u00e9xito una afluencia aumentada de alta calidad de alta calidad. tr\u00e1fico a su estimado sitio web.<\/p>\n<ul>\n<li>Genera una alimentaci\u00f3n completa de sus productos WooCommerce al Centro de mercanc\u00edas de Google<\/li>\n<li>Le permite optimizar la informaci\u00f3n de su producto para una mejor visibilidad de Google Shopping<\/li>\n<li>Admite productos simples y variables, incluidas m\u00faltiples variaciones y atributos<\/li>\n<li>Ofrece opciones de mapeo personalizadas para garantizar una transferencia de datos precisa entre su tienda y Google Merchant Center<\/li>\n<li>Actualiza autom\u00e1ticamente su alimentaci\u00f3n de productos para reflejar cualquier cambio realizado en su tienda<\/li>\n<li>Proporciona registros detallados para la resoluci\u00f3n de problemas y monitoreo de actualizaciones de alimentos<\/li>\n<li>Incluye una interfaz f\u00e1cil de usar para facilitar el uso<\/li>\n<li>Ayuda a aumentar la visibilidad de su producto y atraer a m\u00e1s clientes potenciales<\/li>\n<li>Compatible con una amplia gama de temas y extensiones de WooCommerce<\/li>\n<li>Proporciona soporte t\u00e9cnico dedicado para usuarios premium.<\/li>\n<\/ul>\n","protected":false},"excerpt":{"rendered":"<p>La feed de productos de Google para WooCommerce Premium es una herramienta extremadamente potente y formidable que sirve para ayudar a los propietarios de las tiendas en l\u00ednea a promover su amplia gama de productos en la plataforma de renombre mundial, Google Shopping. Este complemento de grado premium est\u00e1 dotado de la capacidad \u00fanica de generar autoridad de autoridad y una alimentaci\u00f3n XML notablemente detallada e integral que se adhiere precisamente a las directrices meticulosas de Google, asegurando as\u00ed un nivel impecable de compatibilidad con su ilustre plataforma. Al aprovechar este producto excepcional, los clientes exigentes tienen la extraordinaria oportunidad de monitorear sin esfuerzo y sistem\u00e1ticamente el rendimiento de su diversa gama de productos, lo que les permite analizar, analizar y optimizar sus respectivos listados con el fin de alcanzar la visibilidad incomparable y , en \u00faltima instancia, un nivel de rentabilidad que es extraordinario. En consecuencia, se hace muy evidente que la alimentaci\u00f3n de productos de Google para WooCommerce Premium es una soluci\u00f3n invaluable e indispensable para cualquier negocio de comercio electr\u00f3nico astuto y emprendedor que alberga un ferviente deseo de aprovechar el alcance incomparable y sin l\u00edmites de la magn\u00edfica plataforma de Google para generar un influx sustancial de tr\u00e1fico y un aumento correspondiente en las ventas para su estimada empresa.<\/p>\n","protected":false},"featured_media":168628,"comment_status":"open","ping_status":"open","template":"","meta":[],"product_brand":[2391],"product_cat":[1207,1225,1206],"product_tag":[1462],"class_list":{"0":"post-121859","1":"product","2":"type-product","3":"status-publish","4":"has-post-thumbnail","6":"product_brand-yith","7":"product_cat-comercio-electronico-plugins","8":"product_cat-marketing","9":"product_cat-plugins","10":"product_tag-yith","11":"member-discount","12":"discount-restricted","14":"first","15":"instock","16":"sale","17":"downloadable","18":"virtual","19":"sold-individually","20":"purchasable","21":"product-type-simple"},"_links":{"self":[{"href":"https:\/\/gpl-love.com\/es\/wp-json\/wp\/v2\/product\/121859","targetHints":{"allow":["GET"]}}],"collection":[{"href":"https:\/\/gpl-love.com\/es\/wp-json\/wp\/v2\/product"}],"about":[{"href":"https:\/\/gpl-love.com\/es\/wp-json\/wp\/v2\/types\/product"}],"replies":[{"embeddable":true,"href":"https:\/\/gpl-love.com\/es\/wp-json\/wp\/v2\/comments?post=121859"}],"wp:featuredmedia":[{"embeddable":true,"href":"https:\/\/gpl-love.com\/es\/wp-json\/wp\/v2\/media\/168628"}],"wp:attachment":[{"href":"https:\/\/gpl-love.com\/es\/wp-json\/wp\/v2\/media?parent=121859"}],"wp:term":[{"taxonomy":"product_brand","embeddable":true,"href":"https:\/\/gpl-love.com\/es\/wp-json\/wp\/v2\/product_brand?post=121859"},{"taxonomy":"product_cat","embeddable":true,"href":"https:\/\/gpl-love.com\/es\/wp-json\/wp\/v2\/product_cat?post=121859"},{"taxonomy":"product_tag","embeddable":true,"href":"https:\/\/gpl-love.com\/es\/wp-json\/wp\/v2\/product_tag?post=121859"}],"curies":[{"name":"wp","href":"https:\/\/api.w.org\/{rel}","templated":true}]}}