{"id":121855,"date":"2021-09-13T00:00:00","date_gmt":"2021-09-13T05:00:00","guid":{"rendered":"https:\/\/gpl-love.com\/es\/producto\/yith-geoip-language-redirect-para-woocommerce-premium\/"},"modified":"2026-03-13T17:34:26","modified_gmt":"2026-03-13T22:34:26","slug":"yith-geoip-language-redirect-para-woocommerce-premium","status":"publish","type":"product","link":"https:\/\/gpl-love.com\/es\/producto\/yith-geoip-language-redirect-para-woocommerce-premium\/","title":{"rendered":"YITH GeoIP Language Redirect para WooCommerce Premium 1.1.4"},"content":{"rendered":"<h3>YITH GeoIP Language Redirect para WooCommerce Premium Caracteristicas<\/h3>\n<p>La redirecci\u00f3n del idioma GeoIP para WooCommerce Premium es una herramienta excepcionalmente robusta y potente que permite a los comerciantes en l\u00ednea a ofrecer a sus estimados clientes experiencias de compra verdaderamente personalizadas. Al discernir h\u00e1bilmente y identificar la ubicaci\u00f3n geogr\u00e1fica exacta de todos y cada uno de los visitantes, este notable complemento posee la capacidad de redirigirlos sin problemas y sin esfuerzo a la versi\u00f3n de lenguaje precisa y adecuada del sitio web. En consecuencia, esta ingeniosa caracter\u00edstica permite a los clientes examinar y comprar productos en su lengua materna, encendiendo as\u00ed y fomentando niveles elevados de compromiso, reforzar las tasas de conversi\u00f3n y, en \u00faltima instancia, cultivar una experiencia de usuario incomparable que supera todas las expectativas. Adem\u00e1s, el proceso de instalaci\u00f3n y configuraci\u00f3n para este complemento excepcional es una brisa absoluta, lo que lo convierte en una opci\u00f3n incre\u00edblemente f\u00e1cil de usar y f\u00e1cilmente navegable para todos los comerciantes. Adem\u00e1s, se integra armoniosamente y funciona sin problemas en todos los temas y extensiones de WooCommerce, asegurando una interacci\u00f3n fluida y fluida. Por lo tanto, ya sea que est\u00e9 al frente de una tienda en l\u00ednea de renombre mundial que atiende a clientes de todos los rincones del mundo, o si su enfoque se encuentra en atender una regi\u00f3n geogr\u00e1fica espec\u00edfica y definida, la redirecci\u00f3n de lenguaje Geoip para WooCommerce Premium diligente y eficiente y eficiente Te ayuda a alcanzar, cautivar e interactuar con tu p\u00fablico objetivo de manera extraordinaria y ejemplar.<\/p>\n<ul>\n<li>Tecnolog\u00eda GeoIP avanzada utilizada para detectar la ubicaci\u00f3n del usuario<\/li>\n<li>Redirige a los usuarios a la versi\u00f3n de idioma de su sitio web que coincide con su ubicaci\u00f3n<\/li>\n<li>Permite la personalizaci\u00f3n de reglas y excepciones de redirecci\u00f3n<\/li>\n<li>Opci\u00f3n para redirigir a los usuarios a una versi\u00f3n de idioma predeterminada si su ubicaci\u00f3n no se puede determinar<\/li>\n<li>Compatible con complementos y temas populares de WooCommerce<\/li>\n<li>Aumenta la experiencia del usuario y mejora las tasas de conversi\u00f3n presentando contenido en el idioma nativo del usuario<\/li>\n<li>Ahorra tiempo y esfuerzo para las empresas internacionales al automatizar la redirecci\u00f3n del idioma<\/li>\n<li>Interfaz altamente receptiva y f\u00e1cil de usar para una f\u00e1cil configuraci\u00f3n y administraci\u00f3n<\/li>\n<li>Actualizaciones regulares y soporte t\u00e9cnico proporcionado por Yith, un desarrollador de confianza de los complementos de WooCommerce.<\/li>\n<\/ul>\n","protected":false},"excerpt":{"rendered":"<p>La redirecci\u00f3n del lenguaje GeoIP para el complemento de WooCommerce Premium le otorga la capacidad de dirigir sin esfuerzo a los visitantes a su edici\u00f3n de lenguaje deseada de su sitio web, dependiendo de su ubicaci\u00f3n geogr\u00e1fica. Este complemento f\u00e1cil de usar no solo facilita, sino que tambi\u00e9n eleva la experiencia general del usuario. Al utilizar su redirecci\u00f3n de lenguaje GeoIP para WooCommerce Premium, puede atender de manera efectiva a sus clientes de acuerdo con su ubicaci\u00f3n espec\u00edfica, otorg\u00e1ndoles acceso a su lenguaje preferido y, en \u00faltima instancia, conduciendo a un aumento significativo en las tasas de ventas y conversi\u00f3n.<\/p>\n","protected":false},"featured_media":168626,"comment_status":"open","ping_status":"open","template":"","meta":[],"product_brand":[2391],"product_cat":[1208,1207,1206],"product_tag":[1462],"class_list":{"0":"post-121855","1":"product","2":"type-product","3":"status-publish","4":"has-post-thumbnail","6":"product_brand-yith","7":"product_cat-administracion","8":"product_cat-comercio-electronico-plugins","9":"product_cat-plugins","10":"product_tag-yith","11":"member-discount","12":"discount-restricted","14":"first","15":"instock","16":"sale","17":"downloadable","18":"virtual","19":"sold-individually","20":"purchasable","21":"product-type-simple"},"_links":{"self":[{"href":"https:\/\/gpl-love.com\/es\/wp-json\/wp\/v2\/product\/121855","targetHints":{"allow":["GET"]}}],"collection":[{"href":"https:\/\/gpl-love.com\/es\/wp-json\/wp\/v2\/product"}],"about":[{"href":"https:\/\/gpl-love.com\/es\/wp-json\/wp\/v2\/types\/product"}],"replies":[{"embeddable":true,"href":"https:\/\/gpl-love.com\/es\/wp-json\/wp\/v2\/comments?post=121855"}],"wp:featuredmedia":[{"embeddable":true,"href":"https:\/\/gpl-love.com\/es\/wp-json\/wp\/v2\/media\/168626"}],"wp:attachment":[{"href":"https:\/\/gpl-love.com\/es\/wp-json\/wp\/v2\/media?parent=121855"}],"wp:term":[{"taxonomy":"product_brand","embeddable":true,"href":"https:\/\/gpl-love.com\/es\/wp-json\/wp\/v2\/product_brand?post=121855"},{"taxonomy":"product_cat","embeddable":true,"href":"https:\/\/gpl-love.com\/es\/wp-json\/wp\/v2\/product_cat?post=121855"},{"taxonomy":"product_tag","embeddable":true,"href":"https:\/\/gpl-love.com\/es\/wp-json\/wp\/v2\/product_tag?post=121855"}],"curies":[{"name":"wp","href":"https:\/\/api.w.org\/{rel}","templated":true}]}}