{"id":121853,"date":"2026-04-07T00:00:00","date_gmt":"2026-04-07T05:00:00","guid":{"rendered":"https:\/\/gpl-love.com\/es\/producto\/yith-frontend-manager-para-woocommerce-premium\/"},"modified":"2026-04-07T17:16:28","modified_gmt":"2026-04-07T22:16:28","slug":"yith-frontend-manager-para-woocommerce-premium","status":"publish","type":"product","link":"https:\/\/gpl-love.com\/es\/producto\/yith-frontend-manager-para-woocommerce-premium\/","title":{"rendered":"YITH Frontend Manager para WooCommerce Premium 1.57.0"},"content":{"rendered":"<h3>YITH Frontend Manager para WooCommerce Premium Caracteristicas<\/h3>\n<p>El gerente de frontend para WooCommerce Premium es un complemento excepcionalmente robusto dise\u00f1ado espec\u00edficamente para optimizar y amplificar las capacidades operativas de los sitios web de WooCommerce. Este complemento efectivamente permite a los usuarios administrar sin esfuerzo una mir\u00edada de facetas cr\u00edticas relacionadas con sus tiendas en l\u00ednea, a trav\u00e9s de una interfaz frontal intuitiva. Entre su impresionante variedad de caracter\u00edsticas, este complemento otorga a los usuarios la capacidad de agregar, modificar y eliminar los productos, categor\u00edas de productos, etiquetas y atributos. Adem\u00e1s, dotan a los usuarios con una flexibilidad incomparable en la adaptaci\u00f3n meticulosamente de adaptaci\u00f3n de las p\u00e1ginas de productos a sus especificaciones precisas, que abarcan opciones de personalizaci\u00f3n profundas para im\u00e1genes, descripciones y precios. Adem\u00e1s, este complemento facilita la gesti\u00f3n perfecta de los pedidos del cliente, que abarca una amplia gama de funcionalidades esenciales, como actualizaciones de estado del pedido, reembolsos e incluso la gesti\u00f3n competente de la informaci\u00f3n del cliente. Las capacidades sin igual del gerente de frontend para WooCommerce Premium empoderan inequ\u00edvocamente a los propietarios de las tiendas en l\u00ednea para alcanzar el dominio absoluto sobre la gesti\u00f3n de su emporio digital, que finalmente otorga una experiencia extraordinaria e incomparable tanto al propietario de la tienda como a la clientela.<\/p>\n<ul>\n<li>Los propietarios de tiendas administran su tienda WooCommerce directamente desde el front-end<\/li>\n<li>Brinda a los usuarios la capacidad de editar productos, pedidos, cupones y m\u00e1s de una interfaz simple<\/li>\n<li>Se integra a la perfecci\u00f3n con su tienda WooCommerce, sin necesidad de codificaci\u00f3n<\/li>\n<li>Ofrece caracter\u00edsticas avanzadas como personalizar el tablero, establecer roles y permisos de usuario, y m\u00e1s<\/li>\n<li>Aumenta la productividad al ahorrar tiempo y racionalizar la gesti\u00f3n de la tienda<\/li>\n<li>Aumenta la satisfacci\u00f3n del cliente al permitir ediciones y ajustes r\u00e1pidos y sobre la marcha en la tienda<\/li>\n<li>Compatible con todos los temas y complementos de WooCommerce, para la m\u00e1xima flexibilidad y personalizaci\u00f3n<\/li>\n<\/ul>\n","protected":false},"excerpt":{"rendered":"<p>El gerente de frontend para WooCommerce Premium es un complemento inmensamente potente y excepcionalmente f\u00e1cil de usar espec\u00edficamente dise\u00f1ado para satisfacer las necesidades de los sitios web de WooCommerce. Con la utilizaci\u00f3n de este complemento notable, tiene la capacidad de administrar y personalizar de manera eficiente y personalizar la frontend de su tienda en l\u00ednea sin requerir ninguna familiaridad con la codificaci\u00f3n. Proporciona a los proveedores con la ventaja \u00fanica de administrar sus propios productos, pedidos y clientes directamente desde la interfaz, lo que le brinda tiempo valioso para asignar el crecimiento y la expansi\u00f3n de su negocio. Adem\u00e1s, su gerente de frontend para WooCommerce Premium extiende una impresionante variedad de caracter\u00edsticas avanzadas, que abarca la funcionalidad de chat en vivo, las capacidades de revisi\u00f3n del producto y la incorporaci\u00f3n de un n\u00famero ilimitado de variaciones de productos, todas las cuales sirven para aumentar y enriquecer la experiencia de compra general para su Clientes estimados. Independientemente de si posee una experiencia m\u00ednima o es un usuario consumado de WooCommerce, tenga la seguridad de que su gerente frontend para WooCommerce Premium est\u00e1 preparado para facilitar la optimizaci\u00f3n y la racionalizaci\u00f3n de los esfuerzos de gesti\u00f3n de su tienda, lo que finalmente resulta en un aumento notable en sus cifras de ventas.<\/p>\n","protected":false},"featured_media":168625,"comment_status":"open","ping_status":"open","template":"","meta":[],"product_brand":[2391],"product_cat":[1208,1207,1206],"product_tag":[1462],"class_list":{"0":"post-121853","1":"product","2":"type-product","3":"status-publish","4":"has-post-thumbnail","6":"product_brand-yith","7":"product_cat-administracion","8":"product_cat-comercio-electronico-plugins","9":"product_cat-plugins","10":"product_tag-yith","11":"member-discount","12":"discount-restricted","14":"first","15":"instock","16":"sale","17":"downloadable","18":"virtual","19":"sold-individually","20":"purchasable","21":"product-type-simple"},"_links":{"self":[{"href":"https:\/\/gpl-love.com\/es\/wp-json\/wp\/v2\/product\/121853","targetHints":{"allow":["GET"]}}],"collection":[{"href":"https:\/\/gpl-love.com\/es\/wp-json\/wp\/v2\/product"}],"about":[{"href":"https:\/\/gpl-love.com\/es\/wp-json\/wp\/v2\/types\/product"}],"replies":[{"embeddable":true,"href":"https:\/\/gpl-love.com\/es\/wp-json\/wp\/v2\/comments?post=121853"}],"wp:featuredmedia":[{"embeddable":true,"href":"https:\/\/gpl-love.com\/es\/wp-json\/wp\/v2\/media\/168625"}],"wp:attachment":[{"href":"https:\/\/gpl-love.com\/es\/wp-json\/wp\/v2\/media?parent=121853"}],"wp:term":[{"taxonomy":"product_brand","embeddable":true,"href":"https:\/\/gpl-love.com\/es\/wp-json\/wp\/v2\/product_brand?post=121853"},{"taxonomy":"product_cat","embeddable":true,"href":"https:\/\/gpl-love.com\/es\/wp-json\/wp\/v2\/product_cat?post=121853"},{"taxonomy":"product_tag","embeddable":true,"href":"https:\/\/gpl-love.com\/es\/wp-json\/wp\/v2\/product_tag?post=121853"}],"curies":[{"name":"wp","href":"https:\/\/api.w.org\/{rel}","templated":true}]}}