{"id":121851,"date":"2026-04-16T00:00:00","date_gmt":"2026-04-16T05:00:00","guid":{"rendered":"https:\/\/gpl-love.com\/es\/producto\/yith-frequently-bought-together-premium\/"},"modified":"2026-04-16T17:17:08","modified_gmt":"2026-04-16T22:17:08","slug":"yith-frequently-bought-together-premium","status":"publish","type":"product","link":"https:\/\/gpl-love.com\/es\/producto\/yith-frequently-bought-together-premium\/","title":{"rendered":"YITH Frequently Bought Together Premium 1.60.0"},"content":{"rendered":"<h3>YITH Frequently Bought Together Premium Caracteristicas<\/h3>\n<p>La Premium, comprada con frecuencia, es un complemento indispensable que ning\u00fan propietario de la tienda en l\u00ednea puede permitirse pasar por alto. Su potencia inherente radica en su capacidad para exhibir de manera efectiva productos que se compran com\u00fanmente en conjunto, aumentando as\u00ed la probabilidad de aumentar las cifras de ventas. El proceso de instalaci\u00f3n para este complemento es muy f\u00e1cil, y viene equipado con una variedad de atributos personalizables, lo que le permite sintonizarlo finamente para alinearse con sus requisitos precisos. Con la utilizaci\u00f3n de su premio con frecuencia comprado con frecuencia, usted posee la capacidad de ofrecer recomendaciones personalizadas a su estimada clientela, participar en esfuerzos de venta adicional relacionados con productos correlacionados y, a su vez, aumentar su valor de pedido promedio. Este complemento representa la soluci\u00f3n por excelencia para cualquier persona que busque con entusiasmo mejorar su rendimiento de ventas virtuales y impulsar su empresa de comercio electr\u00f3nico hacia alturas sin precedentes.<\/p>\n<ul>\n<li>Genera paquetes de productos basados \u200b\u200ben preferencias de clientes e datos de historial de ventas<\/li>\n<li>Pop-up de recomendaci\u00f3n bien dise\u00f1ada que no interfiere con el dise\u00f1o de su tienda<\/li>\n<li>Configuraci\u00f3n de visualizaci\u00f3n personalizable para adaptarse al dise\u00f1o y el dise\u00f1o de su tienda<\/li>\n<li>Mostrar productos relacionados con un activador autom\u00e1tico para mejorar las compras de los clientes<\/li>\n<li>Opci\u00f3n para seleccionar manualmente productos para mostrar como productos relacionados<\/li>\n<li>Recomendaci\u00f3n autom\u00e1tica Correo electr\u00f3nico enviado a los clientes para art\u00edculos comprados con productos relacionados recomendados<\/li>\n<li>Compatible con WooCommerce y otras plataformas de comercio electr\u00f3nico importantes<\/li>\n<li>Instalaci\u00f3n y configuraci\u00f3n f\u00e1cil con documentaci\u00f3n detallada y opciones de atenci\u00f3n al cliente.<\/li>\n<\/ul>\n","protected":false},"excerpt":{"rendered":"<p>Con frecuencia compr\u00f3 juntos Premium, un complemento de comercio electr\u00f3nico altamente potente, le permite mejorar sus cifras de ventas sugiriendo inteligentemente productos que se compran com\u00fanmente en conjunto. Esta notable herramienta le permite curar sin esfuerzo los paquetes de productos, atrayendo efectivamente a sus clientes a agregar m\u00e1s art\u00edculos a sus carritos de compras. En particular, el complemento se acompa\u00f1a de una interfaz f\u00e1cil de usar que facilita la personalizaci\u00f3n perfecta de la apariencia de sus cajas de sugerencias, asegurando que se alineen sin problemas con el dise\u00f1o general de su sitio web. Adem\u00e1s, este complemento cuenta con algoritmos avanzados que analizan meticulosamente el comportamiento del cliente y los patrones de compra, lo que en \u00faltima instancia permite la provisi\u00f3n de recomendaciones de productos optimizadas. Adem\u00e1s, su Premium con frecuencia comprado con frecuencia ofrece la invaluable capacidad para monitorear de cerca el rendimiento de sus paquetes de productos, lo que le permite realizar ajustes informados para maximizar sus oportunidades de ventas.<\/p>\n","protected":false},"featured_media":168624,"comment_status":"open","ping_status":"open","template":"","meta":[],"product_brand":[2391],"product_cat":[1207,1225,1206],"product_tag":[1462],"class_list":{"0":"post-121851","1":"product","2":"type-product","3":"status-publish","4":"has-post-thumbnail","6":"product_brand-yith","7":"product_cat-comercio-electronico-plugins","8":"product_cat-marketing","9":"product_cat-plugins","10":"product_tag-yith","11":"member-discount","12":"discount-restricted","14":"first","15":"instock","16":"sale","17":"downloadable","18":"virtual","19":"sold-individually","20":"purchasable","21":"product-type-simple"},"_links":{"self":[{"href":"https:\/\/gpl-love.com\/es\/wp-json\/wp\/v2\/product\/121851","targetHints":{"allow":["GET"]}}],"collection":[{"href":"https:\/\/gpl-love.com\/es\/wp-json\/wp\/v2\/product"}],"about":[{"href":"https:\/\/gpl-love.com\/es\/wp-json\/wp\/v2\/types\/product"}],"replies":[{"embeddable":true,"href":"https:\/\/gpl-love.com\/es\/wp-json\/wp\/v2\/comments?post=121851"}],"wp:featuredmedia":[{"embeddable":true,"href":"https:\/\/gpl-love.com\/es\/wp-json\/wp\/v2\/media\/168624"}],"wp:attachment":[{"href":"https:\/\/gpl-love.com\/es\/wp-json\/wp\/v2\/media?parent=121851"}],"wp:term":[{"taxonomy":"product_brand","embeddable":true,"href":"https:\/\/gpl-love.com\/es\/wp-json\/wp\/v2\/product_brand?post=121851"},{"taxonomy":"product_cat","embeddable":true,"href":"https:\/\/gpl-love.com\/es\/wp-json\/wp\/v2\/product_cat?post=121851"},{"taxonomy":"product_tag","embeddable":true,"href":"https:\/\/gpl-love.com\/es\/wp-json\/wp\/v2\/product_tag?post=121851"}],"curies":[{"name":"wp","href":"https:\/\/api.w.org\/{rel}","templated":true}]}}