{"id":121849,"date":"2025-09-01T00:00:00","date_gmt":"2025-09-01T05:00:00","guid":{"rendered":"https:\/\/gpl-love.com\/es\/producto\/yith-faq-plugin-para-wordpress-premium\/"},"modified":"2026-03-13T17:34:22","modified_gmt":"2026-03-13T22:34:22","slug":"yith-faq-plugin-para-wordpress-premium","status":"publish","type":"product","link":"https:\/\/gpl-love.com\/es\/producto\/yith-faq-plugin-para-wordpress-premium\/","title":{"rendered":"YITH FAQ Plugin para WordPress Premium 2.36.0"},"content":{"rendered":"<h3>YITH FAQ Plugin para WordPress Premium Caracteristicas<\/h3>\n<p>El complemento de preguntas frecuentes para WordPress Premium, una herramienta formidable meticulosamente elaborada para mejorar la experiencia del usuario en su sitio web, ofrece un medio perfecto y conveniente para acceder a preguntas frecuentes. Este notable complemento, con una interfaz f\u00e1cil de usar y una gran cantidad de opciones personalizables, le permite construir sin esfuerzo un extenso repositorio de consultas y respuestas correspondientes. Adem\u00e1s, facilita la clasificaci\u00f3n de estas consultas para garantizar la navegaci\u00f3n sin esfuerzo, al tiempo que proporciona la flexibilidad de presentarlas en una variedad de formatos, incluidos los menores de estilo de acorde\u00f3n, pesta\u00f1as y cuadr\u00edculas. Adem\u00e1s, este ingenioso complemento est\u00e1 equipado con funcionalidades avanzadas de b\u00fasqueda y filtrado, guiando r\u00e1pidamente a los usuarios hacia las soluciones que buscan. Para colmo, su dise\u00f1o receptivo garantiza una secci\u00f3n de preguntas frecuentes est\u00e9ticamente agradables, independientemente del dispositivo empleado. Ya sea que se encuentre al frente de un emporio de comercio electr\u00f3nico, un blog de buena reputaci\u00f3n o un sitio web corporativo, tenga la seguridad de que el complemento de preguntas frecuentes es una adici\u00f3n invaluable, preparada para aumentar la satisfacci\u00f3n del cliente y aliviar la carga de las solicitudes de soporte.<\/p>\n<ul>\n<li>Simplifica y mejora la experiencia del usuario para las p\u00e1ginas de preguntas frecuentes en los sitios web de WordPress<\/li>\n<li>Permite una f\u00e1cil organizaci\u00f3n y personalizaci\u00f3n de las categor\u00edas y preguntas de las preguntas frecuentes.<\/li>\n<li>Ofrece un dise\u00f1o receptivo y elegante para las p\u00e1ginas de preguntas frecuentes<\/li>\n<li>Proporciona numerosas opciones de personalizaci\u00f3n para dise\u00f1os, esquemas de color y fuentes<\/li>\n<li>Maneja sitios web multiling\u00fces con facilidad, ofreciendo opciones de traducci\u00f3n para contenido de preguntas frecuentes<\/li>\n<li>Ofrece una f\u00e1cil integraci\u00f3n con complementos populares de constructor de p\u00e1ginas como Elementor y Divi<\/li>\n<li>Documentaci\u00f3n y soporte integral provisto para configurar y solucionar problemas<\/li>\n<li>Incluye caracter\u00edsticas avanzadas como b\u00fasqueda de preguntas frecuentes, pantalla de estilo de acorde\u00f3n y sistema de calificaci\u00f3n para respuestas \u00fatiles<\/li>\n<li>Mejora el SEO del sitio web ofreciendo datos estructurados para los resultados de la b\u00fasqueda de Google<\/li>\n<li>Actualizado regularmente con nuevas funciones y compatibilidad con las \u00faltimas versiones de WordPress<\/li>\n<li>La versi\u00f3n premium ofrece caracter\u00edsticas adicionales como widget de preguntas frecuentes y control de acceso basado en roles para el personal de soporte.<\/li>\n<\/ul>\n","protected":false},"excerpt":{"rendered":"<p>El complemento de preguntas frecuentes para WordPress Premium es una herramienta incre\u00edblemente sofisticada meticulosamente elaborada para elevar y enriquecer la experiencia de atenci\u00f3n al cliente en su estimado sitio web. Al simplificar y racionalizar la creaci\u00f3n y gesti\u00f3n de preguntas frecuentes (preguntas frecuentes) en su plataforma, este notable complemento faculta a su valiosa clientela para obtener soluciones r\u00e1pidas y sin esfuerzo a sus consultas. Mezcla sin problemas con el dise\u00f1o existente de su sitio web, el complemento de preguntas frecuentes cuenta con un dise\u00f1o completamente personalizable y un dise\u00f1o notablemente receptivo, asegurando una integraci\u00f3n perfecta y armoniosa que garantice un encuentro intuitivo y f\u00e1cil de usar para cada visitante. La inclusi\u00f3n de caracter\u00edsticas premium, como la capacidad de incorporar elementos multimedia, integrarse sin problemas con los productos WooCommerce y establecer notificaciones autom\u00e1ticas, aumentar debidamente la funcionalidad general y la destreza de la secci\u00f3n de preguntas frecuentes de su sitio web. No pierda tiempo y se embarque en un viaje elevado de sublime soporte al cliente al adoptar las capacidades incomparables del complemento de preguntas frecuentes para WordPress Premium hoy.<\/p>\n","protected":false},"featured_media":168622,"comment_status":"open","ping_status":"open","template":"","meta":[],"product_brand":[2391],"product_cat":[1208,1207,1206],"product_tag":[1462],"class_list":{"0":"post-121849","1":"product","2":"type-product","3":"status-publish","4":"has-post-thumbnail","6":"product_brand-yith","7":"product_cat-administracion","8":"product_cat-comercio-electronico-plugins","9":"product_cat-plugins","10":"product_tag-yith","11":"member-discount","12":"discount-restricted","14":"first","15":"instock","16":"sale","17":"downloadable","18":"virtual","19":"sold-individually","20":"purchasable","21":"product-type-simple"},"_links":{"self":[{"href":"https:\/\/gpl-love.com\/es\/wp-json\/wp\/v2\/product\/121849","targetHints":{"allow":["GET"]}}],"collection":[{"href":"https:\/\/gpl-love.com\/es\/wp-json\/wp\/v2\/product"}],"about":[{"href":"https:\/\/gpl-love.com\/es\/wp-json\/wp\/v2\/types\/product"}],"replies":[{"embeddable":true,"href":"https:\/\/gpl-love.com\/es\/wp-json\/wp\/v2\/comments?post=121849"}],"wp:featuredmedia":[{"embeddable":true,"href":"https:\/\/gpl-love.com\/es\/wp-json\/wp\/v2\/media\/168622"}],"wp:attachment":[{"href":"https:\/\/gpl-love.com\/es\/wp-json\/wp\/v2\/media?parent=121849"}],"wp:term":[{"taxonomy":"product_brand","embeddable":true,"href":"https:\/\/gpl-love.com\/es\/wp-json\/wp\/v2\/product_brand?post=121849"},{"taxonomy":"product_cat","embeddable":true,"href":"https:\/\/gpl-love.com\/es\/wp-json\/wp\/v2\/product_cat?post=121849"},{"taxonomy":"product_tag","embeddable":true,"href":"https:\/\/gpl-love.com\/es\/wp-json\/wp\/v2\/product_tag?post=121849"}],"curies":[{"name":"wp","href":"https:\/\/api.w.org\/{rel}","templated":true}]}}