{"id":121847,"date":"2024-03-11T00:00:00","date_gmt":"2024-03-11T05:00:00","guid":{"rendered":"https:\/\/gpl-love.com\/es\/producto\/yith-event-tickets-para-woocommerce-premium\/"},"modified":"2026-03-13T17:34:21","modified_gmt":"2026-03-13T22:34:21","slug":"yith-event-tickets-para-woocommerce-premium","status":"publish","type":"product","link":"https:\/\/gpl-love.com\/es\/producto\/yith-event-tickets-para-woocommerce-premium\/","title":{"rendered":"YITH Event Tickets para WooCommerce Premium 1.34.0"},"content":{"rendered":"<h3>YITH Event Tickets para WooCommerce Premium Caracteristicas<\/h3>\n<p>Las entradas para eventos para WooCommerce Premium demuestran ser un complemento extremadamente robusto que le otorga la capacidad de comercializar boletos para una amplia gama de eventos, ya sea conciertos, reuniones o cualquier otra ocasi\u00f3n similar, todo lo cual se puede hacer directamente desde su WooCommerce almacenar. En virtud de su interfaz notablemente f\u00e1cil de usar, se le brinda la mayor comodidad cuando se trata de elaborar y manejar eventos, establecer precios de boletos y disponibilidad, e incluso dise\u00f1ar tipos de boletos a medida. Adem\u00e1s, el repertorio de este complemento abarca una gran cantidad de caracter\u00edsticas, que abarca las notificaciones de correo electr\u00f3nico, la funcionalidad de escaneo de c\u00f3digos de barras y la capacidad de modificar las plantillas de boletos al contenido de su coraz\u00f3n. Como resultado, es la mejor respuesta para cualquier empresa ansiosa por optimizar el proceso de venta de boletos para sus eventos. Independientemente de si est\u00e1 orquestando una inmensa conferencia o un asunto local m\u00e1s \u00edntimo, su prima de WooCommerce, sin duda, surge como un instrumento indispensable para cualquier organizador de eventos que valga la pena.<\/p>\n<ul>\n<li>Permite a los usuarios crear y vender boletos para eventos directamente desde su tienda WooCommerce<\/li>\n<li>Dise\u00f1os y plantillas de boletos personalizables para que coincidan con cada evento<\/li>\n<li>F\u00e1cil gesti\u00f3n de la venta de entradas, incluidos los boletos de seguimiento y escaneo en la entrada del evento<\/li>\n<li>Integraci\u00f3n con pasarelas de pago populares para transacciones seguras en l\u00ednea<\/li>\n<li>Opciones para establecer l\u00edmites de capacidad de eventos y niveles de precios de boletos<\/li>\n<li>Integraci\u00f3n perfecta con WooCommerce para administrar todos los aspectos de las ventas de boletos desde su tablero<\/li>\n<li>Las caracter\u00edsticas de complemento incluyen formularios de registro de asistentes personalizables y plantillas de correo electr\u00f3nico para la comunicaci\u00f3n de eventos.<\/li>\n<\/ul>\n","protected":false},"excerpt":{"rendered":"<p>Yith Event Bickets para WooCommerce Premium es un complemento excepcionalmente sofisticado meticulosamente elaborado para facilitar la venta perfecta de boletos en su sitio web. Esta herramienta inigualable abarca una mir\u00edada de funcionalidades s\u00f3lidas, que abarca la creaci\u00f3n de eventos, la personalizaci\u00f3n de los precios de los boletos, la gesti\u00f3n perfecta de los asistentes y la capacidad de generar boletos PDF sin esfuerzo. Al adoptar el poder y la versatilidad de los boletos de eventos para WooCommerce Premium, puede otorgar sin esfuerzo a sus estimados clientes una experiencia de compra de boletos exquisitamente sencilla, todo, mientras que centralizan convenientemente sus esfuerzos de gesti\u00f3n de eventos y ventas dentro de una plataforma singular f\u00e1cil de usar.<\/p>\n","protected":false},"featured_media":168621,"comment_status":"open","ping_status":"open","template":"","meta":[],"product_brand":[2391],"product_cat":[1208,1207,1206],"product_tag":[1462],"class_list":{"0":"post-121847","1":"product","2":"type-product","3":"status-publish","4":"has-post-thumbnail","6":"product_brand-yith","7":"product_cat-administracion","8":"product_cat-comercio-electronico-plugins","9":"product_cat-plugins","10":"product_tag-yith","11":"member-discount","12":"discount-restricted","14":"first","15":"instock","16":"sale","17":"downloadable","18":"virtual","19":"sold-individually","20":"purchasable","21":"product-type-simple"},"_links":{"self":[{"href":"https:\/\/gpl-love.com\/es\/wp-json\/wp\/v2\/product\/121847","targetHints":{"allow":["GET"]}}],"collection":[{"href":"https:\/\/gpl-love.com\/es\/wp-json\/wp\/v2\/product"}],"about":[{"href":"https:\/\/gpl-love.com\/es\/wp-json\/wp\/v2\/types\/product"}],"replies":[{"embeddable":true,"href":"https:\/\/gpl-love.com\/es\/wp-json\/wp\/v2\/comments?post=121847"}],"wp:featuredmedia":[{"embeddable":true,"href":"https:\/\/gpl-love.com\/es\/wp-json\/wp\/v2\/media\/168621"}],"wp:attachment":[{"href":"https:\/\/gpl-love.com\/es\/wp-json\/wp\/v2\/media?parent=121847"}],"wp:term":[{"taxonomy":"product_brand","embeddable":true,"href":"https:\/\/gpl-love.com\/es\/wp-json\/wp\/v2\/product_brand?post=121847"},{"taxonomy":"product_cat","embeddable":true,"href":"https:\/\/gpl-love.com\/es\/wp-json\/wp\/v2\/product_cat?post=121847"},{"taxonomy":"product_tag","embeddable":true,"href":"https:\/\/gpl-love.com\/es\/wp-json\/wp\/v2\/product_tag?post=121847"}],"curies":[{"name":"wp","href":"https:\/\/api.w.org\/{rel}","templated":true}]}}