{"id":121845,"date":"2024-03-11T00:00:00","date_gmt":"2024-03-11T05:00:00","guid":{"rendered":"https:\/\/gpl-love.com\/es\/producto\/yith-eu-vat-premium\/"},"modified":"2026-03-13T17:34:20","modified_gmt":"2026-03-13T22:34:20","slug":"yith-eu-vat-premium","status":"publish","type":"product","link":"https:\/\/gpl-love.com\/es\/producto\/yith-eu-vat-premium\/","title":{"rendered":"YITH EU VAT Premium 2.31.0"},"content":{"rendered":"<h3>YITH EU VAT Premium Caracteristicas<\/h3>\n<p>El complemento de la UE VAT Premium es una soluci\u00f3n incre\u00edblemente robusta y eficiente que se ha desarrollado meticulosamente para ayudar a las empresas a adherirse a las intrincadas regulaciones del IVA de la Uni\u00f3n Europea. Al integrarse perfectamente en las operaciones de una empresa, este complemento tiene la notable capacidad de calcular e implementar autom\u00e1ticamente las tasas de IVA, principalmente en funci\u00f3n de la ubicaci\u00f3n geogr\u00e1fica del cliente. Esta caracter\u00edstica innovadora no solo ahorra un tiempo valioso, sino que tambi\u00e9n minimiza dr\u00e1sticamente la probabilidad de errores potencialmente costosos. Adem\u00e1s, este complemento excepcional abarca una amplia gama de funciones adicionales, incluidas, entre otros, la gesti\u00f3n de exenciones de IVA, la emisi\u00f3n de facturas y la generaci\u00f3n de informes completos. En consecuencia, estas caracter\u00edsticas invaluables hacen que el complemento Premium de IVA de la UE sea una herramienta indispensable para cualquier negocio que participe en transacciones con clientes de la UE. Su interfaz incre\u00edblemente f\u00e1cil de usar, junto con su funcionalidad expansiva, hace que la prima de IVA de la UE sea una inversi\u00f3n incre\u00edblemente s\u00f3lida para las empresas que aspiran a optimizar sus procedimientos de cumplimiento del IVA, al tiempo que garantizan simult\u00e1neamente la estricta adherencia a las regulaciones m\u00e1s actualizadas.<\/p>\n<ul>\n<li>Asegura que su tienda en l\u00ednea cumpla con las regulaciones del IVA de la Uni\u00f3n Europea<\/li>\n<li>Detecta y aplica autom\u00e1ticamente las tarifas de IVA correctas seg\u00fan la ubicaci\u00f3n del cliente<\/li>\n<li>Proporciona un mensaje personalizable para mostrar informaci\u00f3n del IVA en las p\u00e1ginas de productos y el pago<\/li>\n<li>Genera un informe de resumen del IVA para una f\u00e1cil presentaci\u00f3n de impuestos<\/li>\n<li>Se integra a la perfecci\u00f3n con los populares complementos de WooCommerce<\/li>\n<li>F\u00e1cil de instalar y usar, sin necesidad de codificaci\u00f3n<\/li>\n<li>Ayuda a proteger su negocio de posibles consecuencias legales y financieras del incumplimiento<\/li>\n<\/ul>\n","protected":false},"excerpt":{"rendered":"<p>Su prima de IVA de la UE, una herramienta incre\u00edblemente robusta y eficiente, sirve como un mecanismo de automatizaci\u00f3n para el manejo perfecto del impuesto al valor agregado (IVA) dentro de los pa\u00edses de la Uni\u00f3n Europea (UE). Su funci\u00f3n principal implica racionalizar el procedimiento de pago para los propietarios de tiendas y clientes, lo que logra con precisi\u00f3n calculando y mostrando la suma del IVA en la factura. Al integrar este complemento en sus operaciones, las empresas de comercio electr\u00f3nico pueden garantizar sin esfuerzo la adherencia a las regulaciones y pautas del IVA de la UE, aliviando notablemente la carga administrativa que de otro modo asumir\u00edan. Entre sus innumerables caracter\u00edsticas, su prima de IVA de la UE permite a los usuarios navegar sin esfuerzo a trav\u00e9s de una variedad de tasas de IVA, exenciones e umbrales, todo al tiempo que facilita la generaci\u00f3n de informes de IVA detallados para ayudar con la tarea crucial del cumplimiento fiscal.<\/p>\n","protected":false},"featured_media":168620,"comment_status":"open","ping_status":"open","template":"","meta":[],"product_brand":[2391],"product_cat":[1208,1207,1206],"product_tag":[1462],"class_list":{"0":"post-121845","1":"product","2":"type-product","3":"status-publish","4":"has-post-thumbnail","6":"product_brand-yith","7":"product_cat-administracion","8":"product_cat-comercio-electronico-plugins","9":"product_cat-plugins","10":"product_tag-yith","11":"member-discount","12":"discount-restricted","14":"first","15":"instock","16":"sale","17":"downloadable","18":"virtual","19":"sold-individually","20":"purchasable","21":"product-type-simple"},"_links":{"self":[{"href":"https:\/\/gpl-love.com\/es\/wp-json\/wp\/v2\/product\/121845","targetHints":{"allow":["GET"]}}],"collection":[{"href":"https:\/\/gpl-love.com\/es\/wp-json\/wp\/v2\/product"}],"about":[{"href":"https:\/\/gpl-love.com\/es\/wp-json\/wp\/v2\/types\/product"}],"replies":[{"embeddable":true,"href":"https:\/\/gpl-love.com\/es\/wp-json\/wp\/v2\/comments?post=121845"}],"wp:featuredmedia":[{"embeddable":true,"href":"https:\/\/gpl-love.com\/es\/wp-json\/wp\/v2\/media\/168620"}],"wp:attachment":[{"href":"https:\/\/gpl-love.com\/es\/wp-json\/wp\/v2\/media?parent=121845"}],"wp:term":[{"taxonomy":"product_brand","embeddable":true,"href":"https:\/\/gpl-love.com\/es\/wp-json\/wp\/v2\/product_brand?post=121845"},{"taxonomy":"product_cat","embeddable":true,"href":"https:\/\/gpl-love.com\/es\/wp-json\/wp\/v2\/product_cat?post=121845"},{"taxonomy":"product_tag","embeddable":true,"href":"https:\/\/gpl-love.com\/es\/wp-json\/wp\/v2\/product_tag?post=121845"}],"curies":[{"name":"wp","href":"https:\/\/api.w.org\/{rel}","templated":true}]}}