{"id":121843,"date":"2024-03-24T00:00:00","date_gmt":"2024-03-24T05:00:00","guid":{"rendered":"https:\/\/gpl-love.com\/es\/producto\/yith-eu-energy-label-premium\/"},"modified":"2026-03-13T17:34:19","modified_gmt":"2026-03-13T22:34:19","slug":"yith-eu-energy-label-premium","status":"publish","type":"product","link":"https:\/\/gpl-love.com\/es\/producto\/yith-eu-energy-label-premium\/","title":{"rendered":"YITH EU Energy Label Premium 2.30.0"},"content":{"rendered":"<h3>YITH EU Energy Label Premium Caracteristicas<\/h3>\n<p>El Yith Eu Energy Label Prium es una herramienta incre\u00edblemente robusta y potente que brinda a las empresas la oportunidad de ajustarse sin esfuerzo a las estrictas regulaciones establecidas por la Uni\u00f3n Europea con respecto al etiquetado energ\u00e9tico. Este complemento premium excepcional otorga la capacidad de exhibir etiquetas de energ\u00eda en una multitud de productos, lo que facilita una comprensi\u00f3n simplificada de la eficiencia energ\u00e9tica relacionada con los productos que despiertan el inter\u00e9s de los clientes potenciales. En virtud de su utilizaci\u00f3n, las empresas est\u00e1n facultadas para economizar tanto en el tiempo como en los recursos financieros, ya que la creaci\u00f3n y exhibici\u00f3n de etiquetas de energ\u00eda se automatizan sin esfuerzo, mientras refuerza su integridad y autenticidad ambiental. Adem\u00e1s, este notable complemento es notablemente adaptable, ya que se puede adaptar meticulosamente para satisfacer las necesidades \u00fanicas e individualizadas de cada negocio respectivo. Sostenido por una interfaz intuitiva y una variedad de caracter\u00edsticas inmensamente f\u00e1ciles de usar, la prima de la etiqueta de energ\u00eda de la UE garantiza una experiencia perfecta y armoniosa tanto para empresas como para clientes.<\/p>\n<ul>\n<li>Proporciona informaci\u00f3n de etiqueta energ\u00e9tica de la UE para sus productos<\/li>\n<li>Im\u00e1genes de clase de energ\u00eda personalizable para cada producto<\/li>\n<li>F\u00e1cil de instalar y usar<\/li>\n<li>Ayuda a los clientes a tomar decisiones de compra informadas<\/li>\n<li>Cumple con las regulaciones de la UE<\/li>\n<li>Funciona con todo tipo de productos, incluidos electrodom\u00e9sticos, electr\u00f3nica e iluminaci\u00f3n.<\/li>\n<li>Interfaz f\u00e1cil de usar para administrar la informaci\u00f3n de la etiqueta energ\u00e9tica<\/li>\n<li>Disponible en varios idiomas para acomodar a los clientes internacionales<\/li>\n<li>Puede mejorar la confianza y la lealtad del cliente demostrando el compromiso con la sostenibilidad<\/li>\n<\/ul>\n","protected":false},"excerpt":{"rendered":"<p>El complemento premium de la etiqueta de energ\u00eda de la UE es una herramienta robusta y efectiva que ayuda a las empresas de comercio electr\u00f3nico a cumplir con las regulaciones de la UE con respecto a la exhibici\u00f3n de etiquetas de energ\u00eda en su mercanc\u00eda. Al utilizar este complemento, tiene la capacidad de generar y mostrar etiquetas de energ\u00eda sin esfuerzo para sus productos, equipando as\u00ed a sus consumidores con la informaci\u00f3n necesaria para tomar decisiones de compra bien informadas. En particular, el complemento Premium de la etiqueta de energ\u00eda de la UE es notablemente f\u00e1cil de usar y ofrece un alto nivel de personalizaci\u00f3n, lo que le permite dise\u00f1ar etiquetas meticulosamente que se alineen sin problemas con el estilo y la est\u00e9tica distintiva de su marca. Ya sea que su negocio gire en torno a la venta de electrodom\u00e9sticos, productos electr\u00f3nicos o cualquier otra mercanc\u00eda que requiera la inclusi\u00f3n de etiquetas de energ\u00eda, el complemento premium de la etiqueta de energ\u00eda de la UE sirve como la soluci\u00f3n ideal para su empresa.<\/p>\n","protected":false},"featured_media":168619,"comment_status":"open","ping_status":"open","template":"","meta":[],"product_brand":[2391],"product_cat":[1207,1248,1206],"product_tag":[1462],"class_list":{"0":"post-121843","1":"product","2":"type-product","3":"status-publish","4":"has-post-thumbnail","6":"product_brand-yith","7":"product_cat-comercio-electronico-plugins","8":"product_cat-personalizacion-comercio-electronico-plugins","9":"product_cat-plugins","10":"product_tag-yith","11":"member-discount","12":"discount-restricted","14":"first","15":"instock","16":"sale","17":"downloadable","18":"virtual","19":"sold-individually","20":"purchasable","21":"product-type-simple"},"_links":{"self":[{"href":"https:\/\/gpl-love.com\/es\/wp-json\/wp\/v2\/product\/121843","targetHints":{"allow":["GET"]}}],"collection":[{"href":"https:\/\/gpl-love.com\/es\/wp-json\/wp\/v2\/product"}],"about":[{"href":"https:\/\/gpl-love.com\/es\/wp-json\/wp\/v2\/types\/product"}],"replies":[{"embeddable":true,"href":"https:\/\/gpl-love.com\/es\/wp-json\/wp\/v2\/comments?post=121843"}],"wp:featuredmedia":[{"embeddable":true,"href":"https:\/\/gpl-love.com\/es\/wp-json\/wp\/v2\/media\/168619"}],"wp:attachment":[{"href":"https:\/\/gpl-love.com\/es\/wp-json\/wp\/v2\/media?parent=121843"}],"wp:term":[{"taxonomy":"product_brand","embeddable":true,"href":"https:\/\/gpl-love.com\/es\/wp-json\/wp\/v2\/product_brand?post=121843"},{"taxonomy":"product_cat","embeddable":true,"href":"https:\/\/gpl-love.com\/es\/wp-json\/wp\/v2\/product_cat?post=121843"},{"taxonomy":"product_tag","embeddable":true,"href":"https:\/\/gpl-love.com\/es\/wp-json\/wp\/v2\/product_tag?post=121843"}],"curies":[{"name":"wp","href":"https:\/\/api.w.org\/{rel}","templated":true}]}}