{"id":121841,"date":"2024-03-23T00:00:00","date_gmt":"2024-03-23T05:00:00","guid":{"rendered":"https:\/\/gpl-love.com\/es\/producto\/yith-email-templates-premium\/"},"modified":"2026-03-13T17:34:19","modified_gmt":"2026-03-13T22:34:19","slug":"yith-email-templates-premium","status":"publish","type":"product","link":"https:\/\/gpl-love.com\/es\/producto\/yith-email-templates-premium\/","title":{"rendered":"YITH Email Templates Premium 1.34.0"},"content":{"rendered":"<h3>YITH Email Templates Premium Caracteristicas<\/h3>\n<p>Su primera plantilla de correo electr\u00f3nico, Premium, es una herramienta incre\u00edblemente robusta e influyente que permite a las empresas generar correos electr\u00f3nicos profesionales y personalizados sin esfuerzo con la mayor facilidad. Al aprovechar su interfaz de arrastre y soltar notablemente f\u00e1cil de usar, las personas pueden adaptar a la perfecci\u00f3n las plantillas de correo electr\u00f3nico para alinearse impecablemente con su identidad de marca distinta, cautivando y atrayendo y atrayendo efectivamente a su audiencia objetivo. Este complemento fenomenal ofrece una extensa gama de plantillas predeterminadas meticulosamente elaboradas, que atiende a diversas categor\u00edas de correos electr\u00f3nicos que abarcan boletines, correos electr\u00f3nicos promocionales y correos electr\u00f3nicos transaccionales. Adem\u00e1s, la compatibilidad incomparable de las plantillas de correo electr\u00f3nico premium con servicios de marketing de correo electr\u00f3nico de renombre, como MailChimp y Campion Monitor, lo convierte en la mejor selecci\u00f3n para las empresas que aspiran a optimizar y mejorar sus campa\u00f1as de correo electr\u00f3nico. Al aprovechar las capacidades de este complemento excepcional, las empresas pueden economizar sin esfuerzo su precioso tiempo y energ\u00eda a trav\u00e9s de la automatizaci\u00f3n de sus esfuerzos de marketing por correo electr\u00f3nico, entregando simult\u00e1neamente una excelencia incomparable y valor personalizado a su estimada clientela.<\/p>\n<ul>\n<li>Crea plantillas de correo electr\u00f3nico profesionales y llamativas para su tienda de comercio electr\u00f3nico<\/li>\n<li>Permite la personalizaci\u00f3n de las plantillas de correo electr\u00f3nico para que coincida con la identidad visual de su marca<\/li>\n<li>Viene con plantillas predise\u00f1adas que est\u00e1n optimizadas para diversos fines, como la confirmaci\u00f3n del pedido, la recuperaci\u00f3n del carro abandonado y la solicitud de comentarios de los clientes<\/li>\n<li>Los correos electr\u00f3nicos personalizados a trav\u00e9s de las plantillas de correo electr\u00f3nico pueden ayudar a mejorar la confianza y la lealtad del cliente<\/li>\n<li>F\u00e1cil de usar e integrarse con los populares servicios de marketing por correo electr\u00f3nico<\/li>\n<li>Compatible con plataformas de comercio electr\u00f3nico populares como WooCommerce, Shopify y Magento<\/li>\n<li>Ofrece una versi\u00f3n gratuita con caracter\u00edsticas limitadas y una versi\u00f3n premium con caracter\u00edsticas y soporte m\u00e1s avanzados.<\/li>\n<\/ul>\n","protected":false},"excerpt":{"rendered":"<p>Si es propietario de un negocio en l\u00ednea que busca establecer una imagen profesional y cautivadora en sus intercambios de correo electr\u00f3nico con los clientes, es esencial que se equipe con la notable prima de plantillas de correo electr\u00f3nico. Al utilizar este complemento indispensable, obtiene la capacidad de no solo moda sino tambi\u00e9n personalizar sus plantillas de correo electr\u00f3nico de acuerdo con la est\u00e9tica \u00fanica de su marca, incorporando sin problemas el mensaje de su empresa. Adem\u00e1s, este complemento excepcional cuenta con una amplia gama de plantillas predise\u00f1adas, cada una con dise\u00f1os y tipograf\u00eda impecables, todos meticulosamente elaborados para involucrar y retener de manera efectiva a su estimada clientela. Por lo tanto, si su objetivo es optimizar y optimizar su comunicaci\u00f3n por correo electr\u00f3nico mientras deja una impresi\u00f3n indeleble en sus clientes, \u00a1no busque m\u00e1s all\u00e1 de las inigualables plantillas de correo electr\u00f3nico Premium!<\/p>\n","protected":false},"featured_media":168618,"comment_status":"open","ping_status":"open","template":"","meta":[],"product_brand":[2391],"product_cat":[1207,1225,1206],"product_tag":[1462],"class_list":{"0":"post-121841","1":"product","2":"type-product","3":"status-publish","4":"has-post-thumbnail","6":"product_brand-yith","7":"product_cat-comercio-electronico-plugins","8":"product_cat-marketing","9":"product_cat-plugins","10":"product_tag-yith","11":"member-discount","12":"discount-restricted","14":"first","15":"instock","16":"sale","17":"downloadable","18":"virtual","19":"sold-individually","20":"purchasable","21":"product-type-simple"},"_links":{"self":[{"href":"https:\/\/gpl-love.com\/es\/wp-json\/wp\/v2\/product\/121841","targetHints":{"allow":["GET"]}}],"collection":[{"href":"https:\/\/gpl-love.com\/es\/wp-json\/wp\/v2\/product"}],"about":[{"href":"https:\/\/gpl-love.com\/es\/wp-json\/wp\/v2\/types\/product"}],"replies":[{"embeddable":true,"href":"https:\/\/gpl-love.com\/es\/wp-json\/wp\/v2\/comments?post=121841"}],"wp:featuredmedia":[{"embeddable":true,"href":"https:\/\/gpl-love.com\/es\/wp-json\/wp\/v2\/media\/168618"}],"wp:attachment":[{"href":"https:\/\/gpl-love.com\/es\/wp-json\/wp\/v2\/media?parent=121841"}],"wp:term":[{"taxonomy":"product_brand","embeddable":true,"href":"https:\/\/gpl-love.com\/es\/wp-json\/wp\/v2\/product_brand?post=121841"},{"taxonomy":"product_cat","embeddable":true,"href":"https:\/\/gpl-love.com\/es\/wp-json\/wp\/v2\/product_cat?post=121841"},{"taxonomy":"product_tag","embeddable":true,"href":"https:\/\/gpl-love.com\/es\/wp-json\/wp\/v2\/product_tag?post=121841"}],"curies":[{"name":"wp","href":"https:\/\/api.w.org\/{rel}","templated":true}]}}