{"id":121839,"date":"2025-09-01T00:00:00","date_gmt":"2025-09-01T05:00:00","guid":{"rendered":"https:\/\/gpl-love.com\/es\/producto\/yith-easy-login-y-register-popup-for-woocommerce\/"},"modified":"2026-03-13T17:34:18","modified_gmt":"2026-03-13T22:34:18","slug":"yith-easy-login-y-register-popup-for-woocommerce","status":"publish","type":"product","link":"https:\/\/gpl-love.com\/es\/producto\/yith-easy-login-y-register-popup-for-woocommerce\/","title":{"rendered":"YITH Easy Login y Register Popup For WooCommerce 2.8.0"},"content":{"rendered":"<h3>YITH Easy Login y Register Popup For WooCommerce Caracteristicas<\/h3>\n<p>Su f\u00e1cil inicio de sesi\u00f3n y registro emergente para WooCommerce es un complemento notablemente conveniente y f\u00e1cil de usar que simplifica de manera efectiva el proceso de inicio de sesi\u00f3n y registro para su estimada tienda en l\u00ednea. Al emplear este complemento excepcional, sus estimados clientes pueden iniciar sesi\u00f3n o generar una cuenta nueva y sin esfuerzo sin la necesidad de navegar lejos de la p\u00e1gina en la que se encuentran actualmente. La interfaz emergente altamente adaptable le permite integrar perfectamente su propia marca y mensajes \u00fanicos, lo que le brinda la oportunidad de forjar una experiencia de usuario incomparablemente suave y armoniosa. Adem\u00e1s, este complemento sobresaliente se suministra con una gama integral de caracter\u00edsticas sofisticadas, que abarcan la integraci\u00f3n de inicio de sesi\u00f3n social, la verificaci\u00f3n de correo electr\u00f3nico y la capacidad de personalizar las URL de redirecci\u00f3n. A trav\u00e9s de la utilizaci\u00f3n juiciosa de su f\u00e1cil sesi\u00f3n de inicio de sesi\u00f3n y registro emergente para WooCommerce, puede optimizar el proceso de registro para sus estimados clientes y, al hacerlo, invariablemente mejorar\u00e1 su experiencia de compra general en un grado significativo.<\/p>\n<ul>\n<li>Un complemento perfecto y f\u00e1cil de usar para las tiendas WooCommerce que ofrece un proceso f\u00e1cil de inicio de sesi\u00f3n y registro.<\/li>\n<li>Proporciona un formulario de inicio de sesi\u00f3n y registro emergente que simplifica el proceso para los clientes y los alienta a completar su compra.<\/li>\n<li>Ofrece configuraciones personalizables que permiten al propietario del sitio web personalizar el formulario de registro, como agregar o eliminar campos, cambiar etiquetas y colores.<\/li>\n<li>Permite el uso de opciones de inicio de sesi\u00f3n sociales a trav\u00e9s de Facebook, Google y Twitter, lo que hace que sea a\u00fan m\u00e1s simple para los clientes crear una cuenta.<\/li>\n<li>Permite al propietario de la tienda colocar el formulario de inicio de sesi\u00f3n y registro emergente convenientemente en su sitio web, ya sea en la p\u00e1gina de inicio, en las p\u00e1ginas de productos o en cualquier otro lugar.<\/li>\n<li>Mejora la experiencia del cliente al proporcionar un proceso de registro e inicio de sesi\u00f3n suave e intuitivo, causando menos frustraci\u00f3n para los clientes y aumentando las tasas de satisfacci\u00f3n del cliente.<\/li>\n<li>Permite al propietario de la tienda recopilar datos de los clientes sin esfuerzo, lo que facilita el seguimiento del comportamiento del cliente y proporcionar una mejor experiencia de usuario para futuras visitas.<\/li>\n<li>Proporciona un sistema de inicio de sesi\u00f3n seguro y confiable que garantiza que la privacidad del cliente est\u00e9 protegida durante todo el proceso.<\/li>\n<\/ul>\n","protected":false},"excerpt":{"rendered":"<p>Es f\u00e1cil inicio de sesi\u00f3n y registro emergente, una herramienta incre\u00edblemente robusta y eficiente, otorga a los clientes la capacidad de crear r\u00e1pida y sin esfuerzo una cuenta o iniciar sesi\u00f3n en su existente en su tienda WooCommerce. Este complemento impecable se integra sin problemas con su sitio web, lo que resulta en la creaci\u00f3n de una ventana emergente visualmente atractiva y sin esfuerzo navegable que se vuelve visible para los usuarios tras la selecci\u00f3n del bot\u00f3n de inicio de sesi\u00f3n o registro. Al emplear las capacidades notables de su f\u00e1cil sesi\u00f3n de inicio de sesi\u00f3n y registro emergente, tiene la oportunidad excepcional de mejorar la experiencia general del cliente en su estimada tienda en l\u00ednea simplificando y optimizando el proceso de registro, lo que lo hace m\u00e1s instintivo y f\u00e1cil de usar en naturaleza.<\/p>\n","protected":false},"featured_media":168617,"comment_status":"open","ping_status":"open","template":"","meta":[],"product_brand":[2391],"product_cat":[1207,1248,1206],"product_tag":[1462],"class_list":{"0":"post-121839","1":"product","2":"type-product","3":"status-publish","4":"has-post-thumbnail","6":"product_brand-yith","7":"product_cat-comercio-electronico-plugins","8":"product_cat-personalizacion-comercio-electronico-plugins","9":"product_cat-plugins","10":"product_tag-yith","11":"member-discount","12":"discount-restricted","14":"first","15":"instock","16":"sale","17":"downloadable","18":"virtual","19":"sold-individually","20":"purchasable","21":"product-type-simple"},"_links":{"self":[{"href":"https:\/\/gpl-love.com\/es\/wp-json\/wp\/v2\/product\/121839","targetHints":{"allow":["GET"]}}],"collection":[{"href":"https:\/\/gpl-love.com\/es\/wp-json\/wp\/v2\/product"}],"about":[{"href":"https:\/\/gpl-love.com\/es\/wp-json\/wp\/v2\/types\/product"}],"replies":[{"embeddable":true,"href":"https:\/\/gpl-love.com\/es\/wp-json\/wp\/v2\/comments?post=121839"}],"wp:featuredmedia":[{"embeddable":true,"href":"https:\/\/gpl-love.com\/es\/wp-json\/wp\/v2\/media\/168617"}],"wp:attachment":[{"href":"https:\/\/gpl-love.com\/es\/wp-json\/wp\/v2\/media?parent=121839"}],"wp:term":[{"taxonomy":"product_brand","embeddable":true,"href":"https:\/\/gpl-love.com\/es\/wp-json\/wp\/v2\/product_brand?post=121839"},{"taxonomy":"product_cat","embeddable":true,"href":"https:\/\/gpl-love.com\/es\/wp-json\/wp\/v2\/product_cat?post=121839"},{"taxonomy":"product_tag","embeddable":true,"href":"https:\/\/gpl-love.com\/es\/wp-json\/wp\/v2\/product_tag?post=121839"}],"curies":[{"name":"wp","href":"https:\/\/api.w.org\/{rel}","templated":true}]}}