{"id":121837,"date":"2024-03-24T00:00:00","date_gmt":"2024-03-24T05:00:00","guid":{"rendered":"https:\/\/gpl-love.com\/es\/producto\/yith-dynamic-pricing-per-payment-method-para-woocommerce-premium\/"},"modified":"2026-03-13T17:34:17","modified_gmt":"2026-03-13T22:34:17","slug":"yith-dynamic-pricing-per-payment-method-para-woocommerce-premium","status":"publish","type":"product","link":"https:\/\/gpl-love.com\/es\/producto\/yith-dynamic-pricing-per-payment-method-para-woocommerce-premium\/","title":{"rendered":"YITH Dynamic Pricing per Payment Method para WooCommerce Premium 2.24.0"},"content":{"rendered":"<h3>YITH Dynamic Pricing per Payment Method para WooCommerce Premium Caracteristicas<\/h3>\n<p>Su precio din\u00e1mico por m\u00e9todo de pago para WooCommerce Premium es un complemento extremadamente sofisticado que otorga a los propietarios de tiendas en l\u00ednea la capacidad de establecer estructuras de precios personalizadas para varios m\u00e9todos de pago. Mediante este complemento, se puede ofrecer descuentos sin esfuerzo o imponer cargos adicionales por m\u00e9todos de pago espec\u00edficos, como tarjetas de cr\u00e9dito, PayPal o transferencias bancarias. Adem\u00e1s, tambi\u00e9n se puede configurar distintas reglas de precios para diversos grupos de clientes, productos, categor\u00edas o etiquetas. Este complemento sirve para optimizar la estrategia de precios de uno, aumentando as\u00ed las ventas proporcionando a los clientes alternativas de precios personalizadas. Con su interfaz f\u00e1cil de usar y sus caracter\u00edsticas f\u00e1cilmente navegables, su precio din\u00e1mico por m\u00e9todo de pago para WooCommerce Premium, sin duda, representa un complemento indispensable para cualquier establecimiento de comercio electr\u00f3nico que aspira a mejorar su rentabilidad.<\/p>\n<ul>\n<li>-Robust Funcionalidad de precios din\u00e1micos para tiendas en l\u00ednea utilizando WooCommerce<\/li>\n<li>-Tera empresas para personalizar los precios seg\u00fan los m\u00e9todos de pago elegidos por los clientes<\/li>\n<li>-Proventa una forma simple y eficiente de ofrecer descuentos a los clientes que pagan con m\u00e9todos de pago preferidos<\/li>\n<li>-Nedizar empresas para aumentar las conversiones y la satisfacci\u00f3n del cliente al ofrecer precios que se alineen con las preferencias de los clientes<\/li>\n<li>-Exty para instalar y configurar, sin necesidad de codificaci\u00f3n<\/li>\n<li>-Compatible con una amplia gama de pasarelas de pago y m\u00e9todos de pago<\/li>\n<li>-Palores afordables y opciones de suscripci\u00f3n flexibles.<\/li>\n<li>-Excelente de atenci\u00f3n al cliente y actualizaciones regulares para garantizar que el complemento est\u00e9 siempre actualizado y funcione sin problemas.<\/li>\n<li>-El control mejorado sobre la estrategia de precios y una mayor flexibilidad para aumentar las ventas y los ingresos<\/li>\n<\/ul>\n","protected":false},"excerpt":{"rendered":"<p>Su precio din\u00e1mico por m\u00e9todo de pago para WooCommerce Premium es un complemento incre\u00edblemente avanzado que ofrece una variedad de caracter\u00edsticas, lo que le permite crear reglas de precios distintas sin esfuerzo adaptadas a cada m\u00e9todo de pago disponible dentro de su tienda WooCommerce. Al aprovechar las capacidades extraordinarias de su precio din\u00e1mico por m\u00e9todo de pago, ahora puede proporcionar a sus clientes estimados descuentos atractivos o incluso aplicar recargos en funci\u00f3n de la pasarela de pago espec\u00edfica que eligen utilizar, lo que le otorga un nivel significativamente mejorado de flexibilidad y control sobre La estrategia integral de precios de su tienda. Una de las ventajas clave de este potente complemento se encuentra en su interfaz notablemente f\u00e1cil de usar, lo que lo hace indudablemente accesible para personas de diferentes competencias t\u00e9cnicas y eliminando la necesidad de cualquier experiencia de codificaci\u00f3n. La utilizaci\u00f3n de un precio din\u00e1mico por m\u00e9todo de pago le permite cultivar efectivamente la lealtad del cliente y reforzar sus cifras de ventas a trav\u00e9s de la provisi\u00f3n de una experiencia de compra impecablemente personalizada, una que atiende a sus preferencias y requisitos \u00fanicos. \u00a1Tome una decisi\u00f3n astuta hoy adquiriendo su propia copia de este complemento excepcional y se embarca en el viaje de ofrecer a sus clientes apreciados la experiencia de compra superlativa que merecen!<\/p>\n","protected":false},"featured_media":168616,"comment_status":"open","ping_status":"open","template":"","meta":[],"product_brand":[2391],"product_cat":[1207,1426,1206],"product_tag":[1462],"class_list":{"0":"post-121837","1":"product","2":"type-product","3":"status-publish","4":"has-post-thumbnail","6":"product_brand-yith","7":"product_cat-comercio-electronico-plugins","8":"product_cat-pago-comercio-electronico-plugins","9":"product_cat-plugins","10":"product_tag-yith","11":"member-discount","12":"discount-restricted","14":"first","15":"instock","16":"sale","17":"downloadable","18":"virtual","19":"sold-individually","20":"purchasable","21":"product-type-simple"},"_links":{"self":[{"href":"https:\/\/gpl-love.com\/es\/wp-json\/wp\/v2\/product\/121837","targetHints":{"allow":["GET"]}}],"collection":[{"href":"https:\/\/gpl-love.com\/es\/wp-json\/wp\/v2\/product"}],"about":[{"href":"https:\/\/gpl-love.com\/es\/wp-json\/wp\/v2\/types\/product"}],"replies":[{"embeddable":true,"href":"https:\/\/gpl-love.com\/es\/wp-json\/wp\/v2\/comments?post=121837"}],"wp:featuredmedia":[{"embeddable":true,"href":"https:\/\/gpl-love.com\/es\/wp-json\/wp\/v2\/media\/168616"}],"wp:attachment":[{"href":"https:\/\/gpl-love.com\/es\/wp-json\/wp\/v2\/media?parent=121837"}],"wp:term":[{"taxonomy":"product_brand","embeddable":true,"href":"https:\/\/gpl-love.com\/es\/wp-json\/wp\/v2\/product_brand?post=121837"},{"taxonomy":"product_cat","embeddable":true,"href":"https:\/\/gpl-love.com\/es\/wp-json\/wp\/v2\/product_cat?post=121837"},{"taxonomy":"product_tag","embeddable":true,"href":"https:\/\/gpl-love.com\/es\/wp-json\/wp\/v2\/product_tag?post=121837"}],"curies":[{"name":"wp","href":"https:\/\/api.w.org\/{rel}","templated":true}]}}