{"id":121835,"date":"2026-04-16T00:00:00","date_gmt":"2026-04-16T05:00:00","guid":{"rendered":"https:\/\/gpl-love.com\/es\/producto\/yith-dynamic-pricing-y-discounts-premium\/"},"modified":"2026-04-16T17:17:07","modified_gmt":"2026-04-16T22:17:07","slug":"yith-dynamic-pricing-y-discounts-premium","status":"publish","type":"product","link":"https:\/\/gpl-love.com\/es\/producto\/yith-dynamic-pricing-y-discounts-premium\/","title":{"rendered":"YITH Dynamic Pricing y Discounts Premium 4.29.0"},"content":{"rendered":"<h3>YITH Dynamic Pricing y Discounts Premium Caracteristicas<\/h3>\n<p>Su Premium de precios y descuentos din\u00e1micos es una herramienta incre\u00edblemente poderosa para administrar precios y descuentos en tiendas de comercio electr\u00f3nico con WooCommerce. Este complemento excepcional le otorga la capacidad de establecer reglas de fijaci\u00f3n de precios din\u00e1micas que se basan en una multitud de criterios, incluidos la cantidad, el rol de usuario y la categor\u00eda de productos. Adem\u00e1s, le permite proporcionar una variedad de diferentes tipos de descuentos, que van desde descuentos porcentuales hasta descuentos de cantidad fija e incluso ofertas de compra de uno y un solo gratuito. Adem\u00e1s, tiene la capacidad de dise\u00f1ar campa\u00f1as de descuento espec\u00edficas que atiendan espec\u00edficamente a ciertos productos o grupos de clientes, y puede mejorar a\u00fan m\u00e1s estas campa\u00f1as program\u00e1ndolas para fechas y tiempos precisos. Adem\u00e1s, este complemento est\u00e1 equipado con caracter\u00edsticas avanzadas, como l\u00edmites de compra m\u00ednimos y m\u00e1ximos, precios escalonados y la capacidad de crear reglas de precios personalizadas basadas en la entrada del usuario. Al utilizar su prima de precios din\u00e1micos y descuentos, su estrategia de precios puede sufrir un refinamiento \u00f3ptimo, lo que lleva a una mayor ventas y una mayor lealtad del cliente.<\/p>\n<ul>\n<li>Ofrece precios din\u00e1micos y opciones de descuento en WooCommerce<\/li>\n<li>Automatizar ajustes de precios basados \u200b\u200ben reglas y condiciones establecidas<\/li>\n<li>Permite la creaci\u00f3n de reglas de precios complejas, como Bogo y descuentos de cantidad.<\/li>\n<li>Habilita descuentos basados \u200b\u200ben roles de usuario, categor\u00edas de productos y comportamiento del usuario<\/li>\n<li>Proporciona actualizaciones de precios en tiempo real en las p\u00e1ginas de productos<\/li>\n<li>Ofrece mensajes personalizados y marca para ofertas promocionales<\/li>\n<li>Compatible con conmutadores de divisas y complementos de varios idiomas<\/li>\n<li>Se puede utilizar para las estrategias de venta cruzada y de venta adicional<\/li>\n<li>Genera informes y an\u00e1lisis para precios y rendimiento de descuento<\/li>\n<\/ul>\n","protected":false},"excerpt":{"rendered":"<p>Su precio din\u00e1mico y descuentos Premium, un complemento de WooCommerce altamente estimado, le otorga la notable capacidad de generar precios y descuentos din\u00e1micos para su estimado emporio en l\u00ednea. Utilizando esta herramienta formidable, est\u00e1 facultado para establecer regulaciones intrincadas que otorguen descuentos atractivos de acuerdo con el valor total de los bienes en el CART, la cantidad de productos adquiridos, o incluso productos o categor\u00edas espec\u00edficas. Adem\u00e1s, este complemento excepcional permite la configuraci\u00f3n de principios de precios avanzados, abarcando, pero no se limita a la grandeza de los precios a granel, los descuentos porcentuales del carrito y una variedad de otras posibilidades notables. Como tal, este complemento se destaca como una verdadera panacea para reforzar las ventas y fomentar la lealtad inquebrantable entre los clientes, ofreciendo un nivel incomparable de adaptabilidad en la elaboraci\u00f3n de una estrategia de precios que se alinea exquisitamente con los requisitos \u00fanicos de su estimada empresa.<\/p>\n","protected":false},"featured_media":168615,"comment_status":"open","ping_status":"open","template":"","meta":[],"product_brand":[2391],"product_cat":[1208,1207,1206],"product_tag":[1462],"class_list":{"0":"post-121835","1":"product","2":"type-product","3":"status-publish","4":"has-post-thumbnail","6":"product_brand-yith","7":"product_cat-administracion","8":"product_cat-comercio-electronico-plugins","9":"product_cat-plugins","10":"product_tag-yith","11":"member-discount","12":"discount-restricted","14":"first","15":"instock","16":"sale","17":"downloadable","18":"virtual","19":"sold-individually","20":"purchasable","21":"product-type-simple"},"_links":{"self":[{"href":"https:\/\/gpl-love.com\/es\/wp-json\/wp\/v2\/product\/121835","targetHints":{"allow":["GET"]}}],"collection":[{"href":"https:\/\/gpl-love.com\/es\/wp-json\/wp\/v2\/product"}],"about":[{"href":"https:\/\/gpl-love.com\/es\/wp-json\/wp\/v2\/types\/product"}],"replies":[{"embeddable":true,"href":"https:\/\/gpl-love.com\/es\/wp-json\/wp\/v2\/comments?post=121835"}],"wp:featuredmedia":[{"embeddable":true,"href":"https:\/\/gpl-love.com\/es\/wp-json\/wp\/v2\/media\/168615"}],"wp:attachment":[{"href":"https:\/\/gpl-love.com\/es\/wp-json\/wp\/v2\/media?parent=121835"}],"wp:term":[{"taxonomy":"product_brand","embeddable":true,"href":"https:\/\/gpl-love.com\/es\/wp-json\/wp\/v2\/product_brand?post=121835"},{"taxonomy":"product_cat","embeddable":true,"href":"https:\/\/gpl-love.com\/es\/wp-json\/wp\/v2\/product_cat?post=121835"},{"taxonomy":"product_tag","embeddable":true,"href":"https:\/\/gpl-love.com\/es\/wp-json\/wp\/v2\/product_tag?post=121835"}],"curies":[{"name":"wp","href":"https:\/\/api.w.org\/{rel}","templated":true}]}}